{"id":928,"date":"2023-03-30T09:16:57","date_gmt":"2023-03-30T07:16:57","guid":{"rendered":"https:\/\/kamildrzeniek.pl\/?page_id=928"},"modified":"2025-01-28T13:12:09","modified_gmt":"2025-01-28T12:12:09","slug":"elementor-928","status":"publish","type":"page","link":"https:\/\/kamildrzeniek.pl\/?page_id=928","title":{"rendered":"MOJE REALIZACJE"},"content":{"rendered":"\t\t<div data-elementor-type=\"wp-page\" data-elementor-id=\"928\" class=\"elementor elementor-928\">\n\t\t\t\t\t\t\t\t\t<section class=\"elementor-section elementor-top-section elementor-element elementor-element-7c9f6e9 elementor-section-boxed elementor-section-height-default elementor-section-height-default\" data-id=\"7c9f6e9\" data-element_type=\"section\">\n\t\t\t\t\t\t<div class=\"elementor-container elementor-column-gap-default\">\n\t\t\t\t\t<div class=\"elementor-column elementor-col-100 elementor-top-column elementor-element elementor-element-9188e80\" data-id=\"9188e80\" data-element_type=\"column\">\n\t\t\t<div class=\"elementor-widget-wrap elementor-element-populated\">\n\t\t\t\t\t\t\t\t<div class=\"elementor-element elementor-element-69c40ac elementor-widget elementor-widget-heading\" data-id=\"69c40ac\" data-element_type=\"widget\" data-widget_type=\"heading.default\">\n\t\t\t\t<div class=\"elementor-widget-container\">\n\t\t\t<style>\/*! elementor - v3.18.0 - 20-12-2023 *\/\n.elementor-heading-title{padding:0;margin:0;line-height:1}.elementor-widget-heading .elementor-heading-title[class*=elementor-size-]>a{color:inherit;font-size:inherit;line-height:inherit}.elementor-widget-heading .elementor-heading-title.elementor-size-small{font-size:15px}.elementor-widget-heading .elementor-heading-title.elementor-size-medium{font-size:19px}.elementor-widget-heading .elementor-heading-title.elementor-size-large{font-size:29px}.elementor-widget-heading .elementor-heading-title.elementor-size-xl{font-size:39px}.elementor-widget-heading .elementor-heading-title.elementor-size-xxl{font-size:59px}<\/style><h5 class=\"elementor-heading-title elementor-size-small\"><h2 class=\"elementor-heading-title elementor-size-default elementor-inline-editing pen\" data-elementor-setting-key=\"title\" data-pen-placeholder=\"Pisz tutaj...\" style=\"font-family: &quot;Red Rose&quot;, sans-serif; font-weight: 600; margin-bottom: 0.729167em; color: rgb(255, 255, 255); text-align: center;\"><span style=\"font-size: 3.0625rem;\">MOJE REALIZACJE - STRONY WWW<\/span><\/h2><\/h5>\t\t<\/div>\n\t\t\t\t<\/div>\n\t\t\t\t\t<\/div>\n\t\t<\/div>\n\t\t\t\t\t\t\t<\/div>\n\t\t<\/section>\n\t\t\t\t<section class=\"elementor-section elementor-top-section elementor-element elementor-element-e9682c0 elementor-section-boxed elementor-section-height-default elementor-section-height-default\" data-id=\"e9682c0\" data-element_type=\"section\">\n\t\t\t\t\t\t<div class=\"elementor-container elementor-column-gap-default\">\n\t\t\t\t\t<div class=\"elementor-column elementor-col-25 elementor-top-column elementor-element elementor-element-cb7044f\" data-id=\"cb7044f\" data-element_type=\"column\">\n\t\t\t<div class=\"elementor-widget-wrap elementor-element-populated\">\n\t\t\t\t\t\t\t\t<div class=\"elementor-element elementor-element-a043b70 elementor-invisible elementor-widget elementor-widget-image\" data-id=\"a043b70\" data-element_type=\"widget\" data-settings=\"{&quot;_animation&quot;:&quot;fadeIn&quot;}\" data-widget_type=\"image.default\">\n\t\t\t\t<div class=\"elementor-widget-container\">\n\t\t\t<style>\/*! elementor - v3.18.0 - 20-12-2023 *\/\n.elementor-widget-image{text-align:center}.elementor-widget-image a{display:inline-block}.elementor-widget-image a img[src$=\".svg\"]{width:48px}.elementor-widget-image img{vertical-align:middle;display:inline-block}<\/style>\t\t\t\t\t\t\t\t\t\t\t\t\t<a href=\"https:\/\/kamildrzeniek.pl\" target=\"_blank\">\n\t\t\t\t\t\t\t<img fetchpriority=\"high\" decoding=\"async\" width=\"1267\" height=\"720\" src=\"https:\/\/kamildrzeniek.pl\/wp-content\/uploads\/2023\/02\/kdd1.jpg\" class=\"attachment-2048x2048 size-2048x2048 wp-image-723\" alt=\"\" srcset=\"https:\/\/kamildrzeniek.pl\/wp-content\/uploads\/2023\/02\/kdd1.jpg 1267w, https:\/\/kamildrzeniek.pl\/wp-content\/uploads\/2023\/02\/kdd1-300x170.jpg 300w, https:\/\/kamildrzeniek.pl\/wp-content\/uploads\/2023\/02\/kdd1-1024x582.jpg 1024w, https:\/\/kamildrzeniek.pl\/wp-content\/uploads\/2023\/02\/kdd1-768x436.jpg 768w\" sizes=\"(max-width: 1267px) 100vw, 1267px\" \/>\t\t\t\t\t\t\t\t<\/a>\n\t\t\t\t\t\t\t\t\t\t\t\t\t\t\t<\/div>\n\t\t\t\t<\/div>\n\t\t\t\t\t<\/div>\n\t\t<\/div>\n\t\t\t\t<div class=\"elementor-column elementor-col-25 elementor-top-column elementor-element elementor-element-2eb0308\" data-id=\"2eb0308\" data-element_type=\"column\">\n\t\t\t<div class=\"elementor-widget-wrap elementor-element-populated\">\n\t\t\t\t\t\t\t\t<div class=\"elementor-element elementor-element-43ad019 elementor-invisible elementor-widget elementor-widget-image\" data-id=\"43ad019\" data-element_type=\"widget\" data-settings=\"{&quot;_animation&quot;:&quot;fadeIn&quot;}\" data-widget_type=\"image.default\">\n\t\t\t\t<div class=\"elementor-widget-container\">\n\t\t\t\t\t\t\t\t\t\t\t\t\t\t\t\t<a href=\"http:\/\/studiopasjonaci.pl\" target=\"_blank\">\n\t\t\t\t\t\t\t<img decoding=\"async\" width=\"1266\" height=\"720\" src=\"https:\/\/kamildrzeniek.pl\/wp-content\/uploads\/2023\/02\/sp.jpg\" class=\"attachment-2048x2048 size-2048x2048 wp-image-724\" alt=\"\" srcset=\"https:\/\/kamildrzeniek.pl\/wp-content\/uploads\/2023\/02\/sp.jpg 1266w, https:\/\/kamildrzeniek.pl\/wp-content\/uploads\/2023\/02\/sp-300x171.jpg 300w, https:\/\/kamildrzeniek.pl\/wp-content\/uploads\/2023\/02\/sp-1024x582.jpg 1024w, https:\/\/kamildrzeniek.pl\/wp-content\/uploads\/2023\/02\/sp-768x437.jpg 768w\" sizes=\"(max-width: 1266px) 100vw, 1266px\" \/>\t\t\t\t\t\t\t\t<\/a>\n\t\t\t\t\t\t\t\t\t\t\t\t\t\t\t<\/div>\n\t\t\t\t<\/div>\n\t\t\t\t\t<\/div>\n\t\t<\/div>\n\t\t\t\t<div class=\"elementor-column elementor-col-25 elementor-top-column elementor-element elementor-element-98fcb3e\" data-id=\"98fcb3e\" data-element_type=\"column\">\n\t\t\t<div class=\"elementor-widget-wrap elementor-element-populated\">\n\t\t\t\t\t\t\t\t<div class=\"elementor-element elementor-element-6e55c36 elementor-invisible elementor-widget elementor-widget-image\" data-id=\"6e55c36\" data-element_type=\"widget\" data-settings=\"{&quot;_animation&quot;:&quot;fadeIn&quot;}\" data-widget_type=\"image.default\">\n\t\t\t\t<div class=\"elementor-widget-container\">\n\t\t\t\t\t\t\t\t\t\t\t\t\t\t\t\t<a href=\"http:\/\/podlesianka.katowice.pl\" target=\"_blank\">\n\t\t\t\t\t\t\t<img decoding=\"async\" width=\"1267\" height=\"720\" src=\"https:\/\/kamildrzeniek.pl\/wp-content\/uploads\/2023\/02\/podla.jpg\" class=\"attachment-2048x2048 size-2048x2048 wp-image-731\" alt=\"\" srcset=\"https:\/\/kamildrzeniek.pl\/wp-content\/uploads\/2023\/02\/podla.jpg 1267w, https:\/\/kamildrzeniek.pl\/wp-content\/uploads\/2023\/02\/podla-300x170.jpg 300w, https:\/\/kamildrzeniek.pl\/wp-content\/uploads\/2023\/02\/podla-1024x582.jpg 1024w, https:\/\/kamildrzeniek.pl\/wp-content\/uploads\/2023\/02\/podla-768x436.jpg 768w\" sizes=\"(max-width: 1267px) 100vw, 1267px\" \/>\t\t\t\t\t\t\t\t<\/a>\n\t\t\t\t\t\t\t\t\t\t\t\t\t\t\t<\/div>\n\t\t\t\t<\/div>\n\t\t\t\t\t<\/div>\n\t\t<\/div>\n\t\t\t\t<div class=\"elementor-column elementor-col-25 elementor-top-column elementor-element elementor-element-84c768e\" data-id=\"84c768e\" data-element_type=\"column\">\n\t\t\t<div class=\"elementor-widget-wrap elementor-element-populated\">\n\t\t\t\t\t\t\t\t<div class=\"elementor-element elementor-element-190075e elementor-invisible elementor-widget elementor-widget-image\" data-id=\"190075e\" data-element_type=\"widget\" data-settings=\"{&quot;_animation&quot;:&quot;fadeIn&quot;}\" data-widget_type=\"image.default\">\n\t\t\t\t<div class=\"elementor-widget-container\">\n\t\t\t\t\t\t\t\t\t\t\t\t\t\t\t\t<a href=\"http:\/\/slaskisport.tv\" target=\"_blank\">\n\t\t\t\t\t\t\t<img loading=\"lazy\" decoding=\"async\" width=\"1280\" height=\"716\" src=\"https:\/\/kamildrzeniek.pl\/wp-content\/uploads\/2023\/02\/ss.jpg\" class=\"attachment-2048x2048 size-2048x2048 wp-image-738\" alt=\"\" srcset=\"https:\/\/kamildrzeniek.pl\/wp-content\/uploads\/2023\/02\/ss.jpg 1280w, https:\/\/kamildrzeniek.pl\/wp-content\/uploads\/2023\/02\/ss-300x168.jpg 300w, https:\/\/kamildrzeniek.pl\/wp-content\/uploads\/2023\/02\/ss-1024x573.jpg 1024w, https:\/\/kamildrzeniek.pl\/wp-content\/uploads\/2023\/02\/ss-768x430.jpg 768w\" sizes=\"(max-width: 1280px) 100vw, 1280px\" \/>\t\t\t\t\t\t\t\t<\/a>\n\t\t\t\t\t\t\t\t\t\t\t\t\t\t\t<\/div>\n\t\t\t\t<\/div>\n\t\t\t\t\t<\/div>\n\t\t<\/div>\n\t\t\t\t\t\t\t<\/div>\n\t\t<\/section>\n\t\t\t\t<section class=\"elementor-section elementor-top-section elementor-element elementor-element-c5596b7 elementor-section-boxed elementor-section-height-default elementor-section-height-default\" data-id=\"c5596b7\" data-element_type=\"section\">\n\t\t\t\t\t\t<div class=\"elementor-container elementor-column-gap-default\">\n\t\t\t\t\t<div class=\"elementor-column elementor-col-25 elementor-top-column elementor-element elementor-element-0ac3db9\" data-id=\"0ac3db9\" data-element_type=\"column\">\n\t\t\t<div class=\"elementor-widget-wrap elementor-element-populated\">\n\t\t\t\t\t\t\t\t<div class=\"elementor-element elementor-element-df7c72f elementor-widget elementor-widget-heading\" data-id=\"df7c72f\" data-element_type=\"widget\" data-widget_type=\"heading.default\">\n\t\t\t\t<div class=\"elementor-widget-container\">\n\t\t\t<h4 class=\"elementor-heading-title elementor-size-default\"><a href=\"http:\/\/kamil-drzeniek.pl\" target=\"_blank\">- kamil-drzeniek.pl -<\/a><\/h4>\t\t<\/div>\n\t\t\t\t<\/div>\n\t\t\t\t\t<\/div>\n\t\t<\/div>\n\t\t\t\t<div class=\"elementor-column elementor-col-25 elementor-top-column elementor-element elementor-element-8864ee8\" data-id=\"8864ee8\" data-element_type=\"column\">\n\t\t\t<div class=\"elementor-widget-wrap elementor-element-populated\">\n\t\t\t\t\t\t\t\t<div class=\"elementor-element elementor-element-c806817 elementor-widget elementor-widget-heading\" data-id=\"c806817\" data-element_type=\"widget\" data-widget_type=\"heading.default\">\n\t\t\t\t<div class=\"elementor-widget-container\">\n\t\t\t<h4 class=\"elementor-heading-title elementor-size-default\"><a href=\"http:\/\/studiopasjonaci.pl\" target=\"_blank\">- studiopasjonaci.pl -<\/a><\/h4>\t\t<\/div>\n\t\t\t\t<\/div>\n\t\t\t\t\t<\/div>\n\t\t<\/div>\n\t\t\t\t<div class=\"elementor-column elementor-col-25 elementor-top-column elementor-element elementor-element-63e7b5c\" data-id=\"63e7b5c\" data-element_type=\"column\">\n\t\t\t<div class=\"elementor-widget-wrap elementor-element-populated\">\n\t\t\t\t\t\t\t\t<div class=\"elementor-element elementor-element-38ed051 elementor-widget elementor-widget-heading\" data-id=\"38ed051\" data-element_type=\"widget\" data-widget_type=\"heading.default\">\n\t\t\t\t<div class=\"elementor-widget-container\">\n\t\t\t<h4 class=\"elementor-heading-title elementor-size-default\"><a href=\"http:\/\/podlesianka.katowice.pl\" target=\"_blank\">- podlesianka.katowice.pl -<\/a><\/h4>\t\t<\/div>\n\t\t\t\t<\/div>\n\t\t\t\t\t<\/div>\n\t\t<\/div>\n\t\t\t\t<div class=\"elementor-column elementor-col-25 elementor-top-column elementor-element elementor-element-7981c52\" data-id=\"7981c52\" data-element_type=\"column\">\n\t\t\t<div class=\"elementor-widget-wrap elementor-element-populated\">\n\t\t\t\t\t\t\t\t<div class=\"elementor-element elementor-element-c102155 elementor-widget elementor-widget-heading\" data-id=\"c102155\" data-element_type=\"widget\" data-widget_type=\"heading.default\">\n\t\t\t\t<div class=\"elementor-widget-container\">\n\t\t\t<h4 class=\"elementor-heading-title elementor-size-default\"><a href=\"http:\/\/slaskisport.tv\" target=\"_blank\">- slaskisport.tv - <\/a><\/h4>\t\t<\/div>\n\t\t\t\t<\/div>\n\t\t\t\t\t<\/div>\n\t\t<\/div>\n\t\t\t\t\t\t\t<\/div>\n\t\t<\/section>\n\t\t\t\t<section class=\"elementor-section elementor-top-section elementor-element elementor-element-1944171 elementor-section-boxed elementor-section-height-default elementor-section-height-default\" data-id=\"1944171\" data-element_type=\"section\">\n\t\t\t\t\t\t<div class=\"elementor-container elementor-column-gap-default\">\n\t\t\t\t\t<div class=\"elementor-column elementor-col-25 elementor-top-column elementor-element elementor-element-33fedbd\" data-id=\"33fedbd\" data-element_type=\"column\">\n\t\t\t<div class=\"elementor-widget-wrap elementor-element-populated\">\n\t\t\t\t\t\t\t\t<div class=\"elementor-element elementor-element-2063790 elementor-widget elementor-widget-text-editor\" data-id=\"2063790\" data-element_type=\"widget\" data-widget_type=\"text-editor.default\">\n\t\t\t\t<div class=\"elementor-widget-container\">\n\t\t\t<style>\/*! elementor - v3.18.0 - 20-12-2023 *\/\n.elementor-widget-text-editor.elementor-drop-cap-view-stacked .elementor-drop-cap{background-color:#69727d;color:#fff}.elementor-widget-text-editor.elementor-drop-cap-view-framed .elementor-drop-cap{color:#69727d;border:3px solid;background-color:transparent}.elementor-widget-text-editor:not(.elementor-drop-cap-view-default) .elementor-drop-cap{margin-top:8px}.elementor-widget-text-editor:not(.elementor-drop-cap-view-default) .elementor-drop-cap-letter{width:1em;height:1em}.elementor-widget-text-editor .elementor-drop-cap{float:left;text-align:center;line-height:1;font-size:50px}.elementor-widget-text-editor .elementor-drop-cap-letter{display:inline-block}<\/style>\t\t\t\t<p><span style=\"color: #ffffff; font-family: 'Red Rose', sans-serif; font-size: 18px; text-align: justify;\">kamil-drzeniek.pl &#8211;\u00a0<\/span><span style=\"color: #ffffff; font-family: 'Red Rose', sans-serif; font-size: 18px;\">Typ serwisu idealny pod portfolio czy te\u017c wizyt\u00f3wk\u0119 firmy. Prosta, estetyczna, ale jednocze\u015bnie bardzo przejrzysta, \u015bwiadcz\u0105ca o\u00a0 powa\u017cnym traktowaniu ka\u017cdego klienta.<\/span><\/p>\t\t\t\t\t\t<\/div>\n\t\t\t\t<\/div>\n\t\t\t\t\t<\/div>\n\t\t<\/div>\n\t\t\t\t<div class=\"elementor-column elementor-col-25 elementor-top-column elementor-element elementor-element-22d4d81\" data-id=\"22d4d81\" data-element_type=\"column\">\n\t\t\t<div class=\"elementor-widget-wrap elementor-element-populated\">\n\t\t\t\t\t\t\t\t<div class=\"elementor-element elementor-element-7d2c7f0 elementor-widget elementor-widget-text-editor\" data-id=\"7d2c7f0\" data-element_type=\"widget\" data-widget_type=\"text-editor.default\">\n\t\t\t\t<div class=\"elementor-widget-container\">\n\t\t\t\t\t\t\t<p><span style=\"color: #ffffff; font-family: 'Red Rose', sans-serif; font-size: 18px; text-align: justify;\">studiopasjonaci.pl &#8211; Wizyt\u00f3wka Pasjonat\u00f3w, czyli tw\u00f3rc\u00f3w foto-video. Na stronie dost\u0119pne przyk\u0142adowe realizacje ze \u015blub\u00f3w i wesel a tak\u017ce cennik, kontakt i podstawowe informacje po\u015bwi\u0119cone firmie.&nbsp;<\/span><\/p>\t\t\t\t\t\t<\/div>\n\t\t\t\t<\/div>\n\t\t\t\t\t<\/div>\n\t\t<\/div>\n\t\t\t\t<div class=\"elementor-column elementor-col-25 elementor-top-column elementor-element elementor-element-61a272e\" data-id=\"61a272e\" data-element_type=\"column\">\n\t\t\t<div class=\"elementor-widget-wrap elementor-element-populated\">\n\t\t\t\t\t\t\t\t<div class=\"elementor-element elementor-element-2790294 elementor-widget elementor-widget-text-editor\" data-id=\"2790294\" data-element_type=\"widget\" data-widget_type=\"text-editor.default\">\n\t\t\t\t<div class=\"elementor-widget-container\">\n\t\t\t\t\t\t\t<p><span style=\"color: #ffffff; font-family: 'Red Rose', sans-serif; font-size: 18px; text-align: justify;\">podlesianka.katowice.pl &#8211; Oficjalny serwis internetowy klubu, kt\u00f3ry aktualnie wystepuje na poziomie Betclic III Ligi. Aktualna tabele, wyniki, terminarz i wiele innych. Idealna strona dla klub\u00f3w pi\u0142karskich!<\/span><\/p>\t\t\t\t\t\t<\/div>\n\t\t\t\t<\/div>\n\t\t\t\t\t<\/div>\n\t\t<\/div>\n\t\t\t\t<div class=\"elementor-column elementor-col-25 elementor-top-column elementor-element elementor-element-823ea98\" data-id=\"823ea98\" data-element_type=\"column\">\n\t\t\t<div class=\"elementor-widget-wrap elementor-element-populated\">\n\t\t\t\t\t\t\t\t<div class=\"elementor-element elementor-element-947949d elementor-widget elementor-widget-text-editor\" data-id=\"947949d\" data-element_type=\"widget\" data-widget_type=\"text-editor.default\">\n\t\t\t\t<div class=\"elementor-widget-container\">\n\t\t\t\t\t\t\t<p><span style=\"color: #ffffff; font-family: 'Red Rose', sans-serif; font-size: 18px; text-align: justify;\">slaskisport.tv &#8211;&nbsp; Portal internetowy, na kt\u00f3rym znajdziecie materia\u0142y filmowe, fotoreporta\u017ce i informacje po\u015bwi\u0119cone \u015bl\u0105skiej pi\u0142ce no\u017cnej, na ni\u017cszych szczeblach rozgrywkowych. Du\u017co multimedi\u00f3w i materia\u0142\u00f3w!&nbsp;&nbsp;<\/span><\/p>\t\t\t\t\t\t<\/div>\n\t\t\t\t<\/div>\n\t\t\t\t\t<\/div>\n\t\t<\/div>\n\t\t\t\t\t\t\t<\/div>\n\t\t<\/section>\n\t\t\t\t<section class=\"elementor-section elementor-top-section elementor-element elementor-element-7b0c375 elementor-section-boxed elementor-section-height-default elementor-section-height-default\" data-id=\"7b0c375\" data-element_type=\"section\">\n\t\t\t\t\t\t<div class=\"elementor-container elementor-column-gap-default\">\n\t\t\t\t\t<div class=\"elementor-column elementor-col-100 elementor-top-column elementor-element elementor-element-90e774d\" data-id=\"90e774d\" data-element_type=\"column\">\n\t\t\t<div class=\"elementor-widget-wrap elementor-element-populated\">\n\t\t\t\t\t\t\t\t\t<\/div>\n\t\t<\/div>\n\t\t\t\t\t\t\t<\/div>\n\t\t<\/section>\n\t\t\t\t<section class=\"elementor-section elementor-top-section elementor-element elementor-element-3cc221b elementor-section-boxed elementor-section-height-default elementor-section-height-default\" data-id=\"3cc221b\" data-element_type=\"section\">\n\t\t\t\t\t\t<div class=\"elementor-container elementor-column-gap-default\">\n\t\t\t\t\t<div class=\"elementor-column elementor-col-100 elementor-top-column elementor-element elementor-element-72be904\" data-id=\"72be904\" data-element_type=\"column\">\n\t\t\t<div class=\"elementor-widget-wrap\">\n\t\t\t\t\t\t\t\t\t<\/div>\n\t\t<\/div>\n\t\t\t\t\t\t\t<\/div>\n\t\t<\/section>\n\t\t\t\t\t\t\t<\/div>\n\t\t","protected":false},"excerpt":{"rendered":"<p>MOJE REALIZACJE &#8211; STRONY WWW &#8211; kamil-drzeniek.pl &#8211; &#8211; studiopasjonaci.pl &#8211; &#8211; podlesianka.katowice.pl &#8211; &#8211; slaskisport.tv &#8211; kamil-drzeniek.pl &#8211;\u00a0Typ serwisu idealny pod portfolio czy te\u017c wizyt\u00f3wk\u0119 firmy. Prosta, estetyczna, ale jednocze\u015bnie bardzo przejrzysta, \u015bwiadcz\u0105ca o\u00a0 powa\u017cnym traktowaniu ka\u017cdego klienta. studiopasjonaci.pl &#8211; Wizyt\u00f3wka Pasjonat\u00f3w, czyli tw\u00f3rc\u00f3w foto-video. Na stronie dost\u0119pne przyk\u0142adowe realizacje ze \u015blub\u00f3w i wesel a tak\u017ce cennik, kontakt i podstawowe informacje po\u015bwi\u0119cone firmie.&nbsp; podlesianka.katowice.pl &#8211; Oficjalny serwis internetowy klubu, kt\u00f3ry aktualnie wystepuje na poziomie Betclic III Ligi. Aktualna tabele, wyniki, terminarz i wiele innych. Idealna strona dla klub\u00f3w pi\u0142karskich! slaskisport.tv &#8211;&nbsp; Portal internetowy, na kt\u00f3rym znajdziecie materia\u0142y filmowe, fotoreporta\u017ce i informacje po\u015bwi\u0119cone \u015bl\u0105skiej pi\u0142ce no\u017cnej, na ni\u017cszych szczeblach rozgrywkowych. Du\u017co multimedi\u00f3w i materia\u0142\u00f3w!&nbsp;&nbsp;<\/p>\n","protected":false},"author":1,"featured_media":0,"parent":0,"menu_order":0,"comment_status":"closed","ping_status":"closed","template":"elementor_header_footer","meta":{"footnotes":""},"class_list":["post-928","page","type-page","status-publish","hentry"],"yoast_head":"<!-- This site is optimized with the Yoast SEO plugin v21.7 - https:\/\/yoast.com\/wordpress\/plugins\/seo\/ -->\n<title>MOJE REALIZACJE -<\/title>\n<meta name=\"robots\" content=\"index, follow, max-snippet:-1, max-image-preview:large, max-video-preview:-1\" \/>\n<link rel=\"canonical\" href=\"https:\/\/kamildrzeniek.pl\/?page_id=928\" \/>\n<meta property=\"og:locale\" content=\"pl_PL\" \/>\n<meta property=\"og:type\" content=\"article\" \/>\n<meta property=\"og:title\" content=\"MOJE REALIZACJE -\" \/>\n<meta property=\"og:description\" content=\"MOJE REALIZACJE &#8211; STRONY WWW &#8211; kamil-drzeniek.pl &#8211; &#8211; studiopasjonaci.pl &#8211; &#8211; podlesianka.katowice.pl &#8211; &#8211; slaskisport.tv &#8211; kamil-drzeniek.pl &#8211;\u00a0Typ serwisu idealny pod portfolio czy te\u017c wizyt\u00f3wk\u0119 firmy. Prosta, estetyczna, ale jednocze\u015bnie bardzo przejrzysta, \u015bwiadcz\u0105ca o\u00a0 powa\u017cnym traktowaniu ka\u017cdego klienta. studiopasjonaci.pl &#8211; Wizyt\u00f3wka Pasjonat\u00f3w, czyli tw\u00f3rc\u00f3w foto-video. Na stronie dost\u0119pne przyk\u0142adowe realizacje ze \u015blub\u00f3w i wesel a tak\u017ce cennik, kontakt i podstawowe informacje po\u015bwi\u0119cone firmie.&nbsp; podlesianka.katowice.pl &#8211; Oficjalny serwis internetowy klubu, kt\u00f3ry aktualnie wystepuje na poziomie Betclic III Ligi. Aktualna tabele, wyniki, terminarz i wiele innych. Idealna strona dla klub\u00f3w pi\u0142karskich! slaskisport.tv &#8211;&nbsp; Portal internetowy, na kt\u00f3rym znajdziecie materia\u0142y filmowe, fotoreporta\u017ce i informacje po\u015bwi\u0119cone \u015bl\u0105skiej pi\u0142ce no\u017cnej, na ni\u017cszych szczeblach rozgrywkowych. Du\u017co multimedi\u00f3w i materia\u0142\u00f3w!&nbsp;&nbsp;\" \/>\n<meta property=\"og:url\" content=\"https:\/\/kamildrzeniek.pl\/?page_id=928\" \/>\n<meta property=\"article:modified_time\" content=\"2025-01-28T12:12:09+00:00\" \/>\n<meta property=\"og:image\" content=\"https:\/\/kamil-drzeniek.pl\/wp-content\/uploads\/2023\/02\/kdd1.jpg\" \/>\n<meta name=\"twitter:card\" content=\"summary_large_image\" \/>\n<meta name=\"twitter:label1\" content=\"Szacowany czas czytania\" \/>\n\t<meta name=\"twitter:data1\" content=\"2 minuty\" \/>\n<script type=\"application\/ld+json\" class=\"yoast-schema-graph\">{\"@context\":\"https:\/\/schema.org\",\"@graph\":[{\"@type\":\"WebPage\",\"@id\":\"https:\/\/kamildrzeniek.pl\/?page_id=928\",\"url\":\"https:\/\/kamildrzeniek.pl\/?page_id=928\",\"name\":\"MOJE REALIZACJE -\",\"isPartOf\":{\"@id\":\"https:\/\/kamildrzeniek.pl\/#website\"},\"datePublished\":\"2023-03-30T07:16:57+00:00\",\"dateModified\":\"2025-01-28T12:12:09+00:00\",\"breadcrumb\":{\"@id\":\"https:\/\/kamildrzeniek.pl\/?page_id=928#breadcrumb\"},\"inLanguage\":\"pl-PL\",\"potentialAction\":[{\"@type\":\"ReadAction\",\"target\":[\"https:\/\/kamildrzeniek.pl\/?page_id=928\"]}]},{\"@type\":\"BreadcrumbList\",\"@id\":\"https:\/\/kamildrzeniek.pl\/?page_id=928#breadcrumb\",\"itemListElement\":[{\"@type\":\"ListItem\",\"position\":1,\"name\":\"Home\",\"item\":\"https:\/\/kamildrzeniek.pl\/\"},{\"@type\":\"ListItem\",\"position\":2,\"name\":\"MOJE REALIZACJE\"}]},{\"@type\":\"WebSite\",\"@id\":\"https:\/\/kamildrzeniek.pl\/#website\",\"url\":\"https:\/\/kamildrzeniek.pl\/\",\"name\":\"\",\"description\":\"\",\"potentialAction\":[{\"@type\":\"SearchAction\",\"target\":{\"@type\":\"EntryPoint\",\"urlTemplate\":\"https:\/\/kamildrzeniek.pl\/?s={search_term_string}\"},\"query-input\":\"required name=search_term_string\"}],\"inLanguage\":\"pl-PL\"}]}<\/script>\n<!-- \/ Yoast SEO plugin. -->","yoast_head_json":{"title":"MOJE REALIZACJE -","robots":{"index":"index","follow":"follow","max-snippet":"max-snippet:-1","max-image-preview":"max-image-preview:large","max-video-preview":"max-video-preview:-1"},"canonical":"https:\/\/kamildrzeniek.pl\/?page_id=928","og_locale":"pl_PL","og_type":"article","og_title":"MOJE REALIZACJE -","og_description":"MOJE REALIZACJE &#8211; STRONY WWW &#8211; kamil-drzeniek.pl &#8211; &#8211; studiopasjonaci.pl &#8211; &#8211; podlesianka.katowice.pl &#8211; &#8211; slaskisport.tv &#8211; kamil-drzeniek.pl &#8211;\u00a0Typ serwisu idealny pod portfolio czy te\u017c wizyt\u00f3wk\u0119 firmy. Prosta, estetyczna, ale jednocze\u015bnie bardzo przejrzysta, \u015bwiadcz\u0105ca o\u00a0 powa\u017cnym traktowaniu ka\u017cdego klienta. studiopasjonaci.pl &#8211; Wizyt\u00f3wka Pasjonat\u00f3w, czyli tw\u00f3rc\u00f3w foto-video. Na stronie dost\u0119pne przyk\u0142adowe realizacje ze \u015blub\u00f3w i wesel a tak\u017ce cennik, kontakt i podstawowe informacje po\u015bwi\u0119cone firmie.&nbsp; podlesianka.katowice.pl &#8211; Oficjalny serwis internetowy klubu, kt\u00f3ry aktualnie wystepuje na poziomie Betclic III Ligi. Aktualna tabele, wyniki, terminarz i wiele innych. Idealna strona dla klub\u00f3w pi\u0142karskich! slaskisport.tv &#8211;&nbsp; Portal internetowy, na kt\u00f3rym znajdziecie materia\u0142y filmowe, fotoreporta\u017ce i informacje po\u015bwi\u0119cone \u015bl\u0105skiej pi\u0142ce no\u017cnej, na ni\u017cszych szczeblach rozgrywkowych. Du\u017co multimedi\u00f3w i materia\u0142\u00f3w!&nbsp;&nbsp;","og_url":"https:\/\/kamildrzeniek.pl\/?page_id=928","article_modified_time":"2025-01-28T12:12:09+00:00","og_image":[{"url":"https:\/\/kamil-drzeniek.pl\/wp-content\/uploads\/2023\/02\/kdd1.jpg"}],"twitter_card":"summary_large_image","twitter_misc":{"Szacowany czas czytania":"2 minuty"},"schema":{"@context":"https:\/\/schema.org","@graph":[{"@type":"WebPage","@id":"https:\/\/kamildrzeniek.pl\/?page_id=928","url":"https:\/\/kamildrzeniek.pl\/?page_id=928","name":"MOJE REALIZACJE -","isPartOf":{"@id":"https:\/\/kamildrzeniek.pl\/#website"},"datePublished":"2023-03-30T07:16:57+00:00","dateModified":"2025-01-28T12:12:09+00:00","breadcrumb":{"@id":"https:\/\/kamildrzeniek.pl\/?page_id=928#breadcrumb"},"inLanguage":"pl-PL","potentialAction":[{"@type":"ReadAction","target":["https:\/\/kamildrzeniek.pl\/?page_id=928"]}]},{"@type":"BreadcrumbList","@id":"https:\/\/kamildrzeniek.pl\/?page_id=928#breadcrumb","itemListElement":[{"@type":"ListItem","position":1,"name":"Home","item":"https:\/\/kamildrzeniek.pl\/"},{"@type":"ListItem","position":2,"name":"MOJE REALIZACJE"}]},{"@type":"WebSite","@id":"https:\/\/kamildrzeniek.pl\/#website","url":"https:\/\/kamildrzeniek.pl\/","name":"","description":"","potentialAction":[{"@type":"SearchAction","target":{"@type":"EntryPoint","urlTemplate":"https:\/\/kamildrzeniek.pl\/?s={search_term_string}"},"query-input":"required name=search_term_string"}],"inLanguage":"pl-PL"}]}},"_links":{"self":[{"href":"https:\/\/kamildrzeniek.pl\/index.php?rest_route=\/wp\/v2\/pages\/928","targetHints":{"allow":["GET"]}}],"collection":[{"href":"https:\/\/kamildrzeniek.pl\/index.php?rest_route=\/wp\/v2\/pages"}],"about":[{"href":"https:\/\/kamildrzeniek.pl\/index.php?rest_route=\/wp\/v2\/types\/page"}],"author":[{"embeddable":true,"href":"https:\/\/kamildrzeniek.pl\/index.php?rest_route=\/wp\/v2\/users\/1"}],"replies":[{"embeddable":true,"href":"https:\/\/kamildrzeniek.pl\/index.php?rest_route=%2Fwp%2Fv2%2Fcomments&post=928"}],"version-history":[{"count":21,"href":"https:\/\/kamildrzeniek.pl\/index.php?rest_route=\/wp\/v2\/pages\/928\/revisions"}],"predecessor-version":[{"id":1072,"href":"https:\/\/kamildrzeniek.pl\/index.php?rest_route=\/wp\/v2\/pages\/928\/revisions\/1072"}],"wp:attachment":[{"href":"https:\/\/kamildrzeniek.pl\/index.php?rest_route=%2Fwp%2Fv2%2Fmedia&parent=928"}],"curies":[{"name":"wp","href":"https:\/\/api.w.org\/{rel}","templated":true}]}}