{"id":711,"date":"2023-02-24T12:03:26","date_gmt":"2023-02-24T11:03:26","guid":{"rendered":"https:\/\/kamildrzeniek.pl\/?page_id=711"},"modified":"2023-03-30T09:29:55","modified_gmt":"2023-03-30T07:29:55","slug":"711-2","status":"publish","type":"page","link":"https:\/\/kamildrzeniek.pl\/?page_id=711","title":{"rendered":"STRONY INTERNETOWE"},"content":{"rendered":"\t\t<div data-elementor-type=\"wp-page\" data-elementor-id=\"711\" class=\"elementor elementor-711\">\n\t\t\t\t\t\t\t\t\t<section class=\"elementor-section elementor-top-section elementor-element elementor-element-42e9f21 elementor-section-boxed elementor-section-height-default elementor-section-height-default\" data-id=\"42e9f21\" data-element_type=\"section\">\n\t\t\t\t\t\t<div class=\"elementor-container elementor-column-gap-default\">\n\t\t\t\t\t<div class=\"elementor-column elementor-col-50 elementor-top-column elementor-element elementor-element-fb14f56\" data-id=\"fb14f56\" data-element_type=\"column\">\n\t\t\t<div class=\"elementor-widget-wrap elementor-element-populated\">\n\t\t\t\t\t\t\t\t<div class=\"elementor-element elementor-element-8ad4f3c elementor-widget elementor-widget-text-editor\" data-id=\"8ad4f3c\" data-element_type=\"widget\" data-widget_type=\"text-editor.default\">\n\t\t\t\t<div class=\"elementor-widget-container\">\n\t\t\t<style>\/*! elementor - v3.18.0 - 20-12-2023 *\/\n.elementor-widget-text-editor.elementor-drop-cap-view-stacked .elementor-drop-cap{background-color:#69727d;color:#fff}.elementor-widget-text-editor.elementor-drop-cap-view-framed .elementor-drop-cap{color:#69727d;border:3px solid;background-color:transparent}.elementor-widget-text-editor:not(.elementor-drop-cap-view-default) .elementor-drop-cap{margin-top:8px}.elementor-widget-text-editor:not(.elementor-drop-cap-view-default) .elementor-drop-cap-letter{width:1em;height:1em}.elementor-widget-text-editor .elementor-drop-cap{float:left;text-align:center;line-height:1;font-size:50px}.elementor-widget-text-editor .elementor-drop-cap-letter{display:inline-block}<\/style>\t\t\t\t<p style=\"text-align: justify;\"><span style=\"color: #ffffff; font-family: 'Reem Kufi', sans-serif;\">\u0141adna i przejrzysta strona internetowa to w dzisiejszych czasach wizyt\u00f3wka ka\u017cdej cenionej firmy.\u00a0 W dobie internetu, kt\u00f3ry skutecznie wypycha telewizj\u0119 z obiegu, to idealny spos\u00f3b na pozyskanie nowych klient\u00f3w. Szczytowy czas reklam telewizyjnych jest ju\u017c z ca\u0142\u0105 pewno\u015bci\u0105 za nami. W dzisiejszych czasach niemal ka\u017cdy z nas, niezale\u017cnie od wieku posiada smartfon lub laptop z dost\u0119pem do internetu, a coraz rzadziej ogl\u0105damy telewizj\u0119. Wychodz\u0105c na przeciw pa\u0144stwa potrzebom, oferuj\u0119 us\u0142ug\u0119 stworzenia strony internetowej od samych podstaw &#8211; a w p\u00f3\u017aniejszym czasie\u00a0 rzeteln\u0105 opiek\u0119 i dbanie o serwis przez ca\u0142y rok.\u00a0<\/span><\/p><div><span style=\"color: #ffffff; font-family: 'Reem Kufi', sans-serif;\">\u00a0<\/span><\/div>\t\t\t\t\t\t<\/div>\n\t\t\t\t<\/div>\n\t\t\t\t\t<\/div>\n\t\t<\/div>\n\t\t\t\t<div class=\"elementor-column elementor-col-50 elementor-top-column elementor-element elementor-element-9de6b84\" data-id=\"9de6b84\" data-element_type=\"column\">\n\t\t\t<div class=\"elementor-widget-wrap elementor-element-populated\">\n\t\t\t\t\t\t\t\t<div class=\"elementor-element elementor-element-725d0cb elementor-widget elementor-widget-image\" data-id=\"725d0cb\" data-element_type=\"widget\" data-widget_type=\"image.default\">\n\t\t\t\t<div class=\"elementor-widget-container\">\n\t\t\t<style>\/*! elementor - v3.18.0 - 20-12-2023 *\/\n.elementor-widget-image{text-align:center}.elementor-widget-image a{display:inline-block}.elementor-widget-image a img[src$=\".svg\"]{width:48px}.elementor-widget-image img{vertical-align:middle;display:inline-block}<\/style>\t\t\t\t\t\t\t\t\t\t\t\t<img fetchpriority=\"high\" decoding=\"async\" width=\"920\" height=\"518\" src=\"https:\/\/kamildrzeniek.pl\/wp-content\/uploads\/2023\/02\/WordPress-Logo-1024x576.png\" class=\"attachment-large size-large wp-image-718\" alt=\"\" srcset=\"https:\/\/kamildrzeniek.pl\/wp-content\/uploads\/2023\/02\/WordPress-Logo-1024x576.png 1024w, https:\/\/kamildrzeniek.pl\/wp-content\/uploads\/2023\/02\/WordPress-Logo-300x169.png 300w, https:\/\/kamildrzeniek.pl\/wp-content\/uploads\/2023\/02\/WordPress-Logo-768x432.png 768w, https:\/\/kamildrzeniek.pl\/wp-content\/uploads\/2023\/02\/WordPress-Logo-1536x864.png 1536w, https:\/\/kamildrzeniek.pl\/wp-content\/uploads\/2023\/02\/WordPress-Logo-2048x1152.png 2048w\" sizes=\"(max-width: 920px) 100vw, 920px\" \/>\t\t\t\t\t\t\t\t\t\t\t\t\t\t\t<\/div>\n\t\t\t\t<\/div>\n\t\t\t\t\t<\/div>\n\t\t<\/div>\n\t\t\t\t\t\t\t<\/div>\n\t\t<\/section>\n\t\t\t\t<section class=\"elementor-section elementor-top-section elementor-element elementor-element-e2dea31 elementor-section-boxed elementor-section-height-default elementor-section-height-default\" data-id=\"e2dea31\" data-element_type=\"section\">\n\t\t\t\t\t\t<div class=\"elementor-container elementor-column-gap-default\">\n\t\t\t\t\t<div class=\"elementor-column elementor-col-100 elementor-top-column elementor-element elementor-element-7e1c4c6\" data-id=\"7e1c4c6\" data-element_type=\"column\">\n\t\t\t<div class=\"elementor-widget-wrap elementor-element-populated\">\n\t\t\t\t\t\t\t\t<div class=\"elementor-element elementor-element-7ffc848 elementor-widget-divider--view-line elementor-widget elementor-widget-divider\" data-id=\"7ffc848\" data-element_type=\"widget\" data-widget_type=\"divider.default\">\n\t\t\t\t<div class=\"elementor-widget-container\">\n\t\t\t<style>\/*! elementor - v3.18.0 - 20-12-2023 *\/\n.elementor-widget-divider{--divider-border-style:none;--divider-border-width:1px;--divider-color:#0c0d0e;--divider-icon-size:20px;--divider-element-spacing:10px;--divider-pattern-height:24px;--divider-pattern-size:20px;--divider-pattern-url:none;--divider-pattern-repeat:repeat-x}.elementor-widget-divider .elementor-divider{display:flex}.elementor-widget-divider .elementor-divider__text{font-size:15px;line-height:1;max-width:95%}.elementor-widget-divider .elementor-divider__element{margin:0 var(--divider-element-spacing);flex-shrink:0}.elementor-widget-divider .elementor-icon{font-size:var(--divider-icon-size)}.elementor-widget-divider .elementor-divider-separator{display:flex;margin:0;direction:ltr}.elementor-widget-divider--view-line_icon .elementor-divider-separator,.elementor-widget-divider--view-line_text .elementor-divider-separator{align-items:center}.elementor-widget-divider--view-line_icon .elementor-divider-separator:after,.elementor-widget-divider--view-line_icon .elementor-divider-separator:before,.elementor-widget-divider--view-line_text .elementor-divider-separator:after,.elementor-widget-divider--view-line_text .elementor-divider-separator:before{display:block;content:\"\";border-bottom:0;flex-grow:1;border-top:var(--divider-border-width) var(--divider-border-style) var(--divider-color)}.elementor-widget-divider--element-align-left .elementor-divider .elementor-divider-separator>.elementor-divider__svg:first-of-type{flex-grow:0;flex-shrink:100}.elementor-widget-divider--element-align-left .elementor-divider-separator:before{content:none}.elementor-widget-divider--element-align-left .elementor-divider__element{margin-left:0}.elementor-widget-divider--element-align-right .elementor-divider .elementor-divider-separator>.elementor-divider__svg:last-of-type{flex-grow:0;flex-shrink:100}.elementor-widget-divider--element-align-right .elementor-divider-separator:after{content:none}.elementor-widget-divider--element-align-right .elementor-divider__element{margin-right:0}.elementor-widget-divider:not(.elementor-widget-divider--view-line_text):not(.elementor-widget-divider--view-line_icon) .elementor-divider-separator{border-top:var(--divider-border-width) var(--divider-border-style) var(--divider-color)}.elementor-widget-divider--separator-type-pattern{--divider-border-style:none}.elementor-widget-divider--separator-type-pattern.elementor-widget-divider--view-line .elementor-divider-separator,.elementor-widget-divider--separator-type-pattern:not(.elementor-widget-divider--view-line) .elementor-divider-separator:after,.elementor-widget-divider--separator-type-pattern:not(.elementor-widget-divider--view-line) .elementor-divider-separator:before,.elementor-widget-divider--separator-type-pattern:not([class*=elementor-widget-divider--view]) .elementor-divider-separator{width:100%;min-height:var(--divider-pattern-height);-webkit-mask-size:var(--divider-pattern-size) 100%;mask-size:var(--divider-pattern-size) 100%;-webkit-mask-repeat:var(--divider-pattern-repeat);mask-repeat:var(--divider-pattern-repeat);background-color:var(--divider-color);-webkit-mask-image:var(--divider-pattern-url);mask-image:var(--divider-pattern-url)}.elementor-widget-divider--no-spacing{--divider-pattern-size:auto}.elementor-widget-divider--bg-round{--divider-pattern-repeat:round}.rtl .elementor-widget-divider .elementor-divider__text{direction:rtl}.e-con-inner>.elementor-widget-divider,.e-con>.elementor-widget-divider{width:var(--container-widget-width,100%);--flex-grow:var(--container-widget-flex-grow)}<\/style>\t\t<div class=\"elementor-divider\">\n\t\t\t<span class=\"elementor-divider-separator\">\n\t\t\t\t\t\t<\/span>\n\t\t<\/div>\n\t\t\t\t<\/div>\n\t\t\t\t<\/div>\n\t\t\t\t\t<\/div>\n\t\t<\/div>\n\t\t\t\t\t\t\t<\/div>\n\t\t<\/section>\n\t\t\t\t<section class=\"elementor-section elementor-top-section elementor-element elementor-element-9e51446 elementor-section-boxed elementor-section-height-default elementor-section-height-default\" data-id=\"9e51446\" data-element_type=\"section\">\n\t\t\t\t\t\t<div class=\"elementor-container elementor-column-gap-default\">\n\t\t\t\t\t<div class=\"elementor-column elementor-col-100 elementor-top-column elementor-element elementor-element-41ba99d\" data-id=\"41ba99d\" data-element_type=\"column\">\n\t\t\t<div class=\"elementor-widget-wrap elementor-element-populated\">\n\t\t\t\t\t\t\t\t<div class=\"elementor-element elementor-element-6445a27 elementor-widget elementor-widget-heading\" data-id=\"6445a27\" data-element_type=\"widget\" data-widget_type=\"heading.default\">\n\t\t\t\t<div class=\"elementor-widget-container\">\n\t\t\t<style>\/*! elementor - v3.18.0 - 20-12-2023 *\/\n.elementor-heading-title{padding:0;margin:0;line-height:1}.elementor-widget-heading .elementor-heading-title[class*=elementor-size-]>a{color:inherit;font-size:inherit;line-height:inherit}.elementor-widget-heading .elementor-heading-title.elementor-size-small{font-size:15px}.elementor-widget-heading .elementor-heading-title.elementor-size-medium{font-size:19px}.elementor-widget-heading .elementor-heading-title.elementor-size-large{font-size:29px}.elementor-widget-heading .elementor-heading-title.elementor-size-xl{font-size:39px}.elementor-widget-heading .elementor-heading-title.elementor-size-xxl{font-size:59px}<\/style><h2 class=\"elementor-heading-title elementor-size-default\"><h2 class=\"elementor-heading-title elementor-size-default elementor-inline-editing pen\" data-elementor-setting-key=\"title\" data-pen-placeholder=\"Pisz tutaj...\" style=\"font-family: &quot;Red Rose&quot;, sans-serif; font-weight: 600; color: rgb(255, 255, 255); text-align: center;\">DLACZEGO WORDPRESS?<\/h2><\/h2>\t\t<\/div>\n\t\t\t\t<\/div>\n\t\t\t\t\t<\/div>\n\t\t<\/div>\n\t\t\t\t\t\t\t<\/div>\n\t\t<\/section>\n\t\t\t\t<section class=\"elementor-section elementor-top-section elementor-element elementor-element-9e1eca4 elementor-section-boxed elementor-section-height-default elementor-section-height-default\" data-id=\"9e1eca4\" data-element_type=\"section\">\n\t\t\t\t\t\t<div class=\"elementor-container elementor-column-gap-default\">\n\t\t\t\t\t<div class=\"elementor-column elementor-col-50 elementor-top-column elementor-element elementor-element-91b1fea\" data-id=\"91b1fea\" data-element_type=\"column\">\n\t\t\t<div class=\"elementor-widget-wrap elementor-element-populated\">\n\t\t\t\t\t\t\t\t<div class=\"elementor-element elementor-element-f72dac0 elementor-widget elementor-widget-text-editor\" data-id=\"f72dac0\" data-element_type=\"widget\" data-widget_type=\"text-editor.default\">\n\t\t\t\t<div class=\"elementor-widget-container\">\n\t\t\t\t\t\t\t<p>Wszystkie stworzone przeze mnie strony internetowe oparte s\u0105 na systemie WordPress. Jest to bardzo intuicyjny i prosty w obs\u0142udze system, z kt\u00f3rym poradzi sobie ka\u017cdy u\u017cytkownik w Internecie!<\/p>\t\t\t\t\t\t<\/div>\n\t\t\t\t<\/div>\n\t\t\t\t\t<\/div>\n\t\t<\/div>\n\t\t\t\t<div class=\"elementor-column elementor-col-50 elementor-top-column elementor-element elementor-element-5d396a2\" data-id=\"5d396a2\" data-element_type=\"column\">\n\t\t\t<div class=\"elementor-widget-wrap elementor-element-populated\">\n\t\t\t\t\t\t\t\t<div class=\"elementor-element elementor-element-e0bb523 elementor-widget elementor-widget-text-editor\" data-id=\"e0bb523\" data-element_type=\"widget\" data-widget_type=\"text-editor.default\">\n\t\t\t\t<div class=\"elementor-widget-container\">\n\t\t\t\t\t\t\t<p><span style=\"color: #ffffff; font-family: 'Reem Kufi', sans-serif; text-align: justify;\">Bardzo \u0142atwe dodawanie tre\u015bci, tekstu czy te\u017c galerii zdj\u0119\u0107. Po oddaniu strony do u\u017cytku otrzymuj\u0105 pa\u0144stwo instrukta\u017c jak krok po kroku dodawa\u0107 odpowiednie tre\u015bci, tak aby w przysz\u0142o\u015bci nie mie\u0107 z tym \u017cadnych problem\u00f3w.\u00a0<\/span><\/p>\t\t\t\t\t\t<\/div>\n\t\t\t\t<\/div>\n\t\t\t\t\t<\/div>\n\t\t<\/div>\n\t\t\t\t\t\t\t<\/div>\n\t\t<\/section>\n\t\t\t\t\t\t\t<\/div>\n\t\t","protected":false},"excerpt":{"rendered":"<p>\u0141adna i przejrzysta strona internetowa to w dzisiejszych czasach wizyt\u00f3wka ka\u017cdej cenionej firmy.\u00a0 W dobie internetu, kt\u00f3ry skutecznie wypycha telewizj\u0119 z obiegu, to idealny spos\u00f3b na pozyskanie nowych klient\u00f3w. Szczytowy czas reklam telewizyjnych jest ju\u017c z ca\u0142\u0105 pewno\u015bci\u0105 za nami. W dzisiejszych czasach niemal ka\u017cdy z nas, niezale\u017cnie od wieku posiada smartfon lub laptop z dost\u0119pem do internetu, a coraz rzadziej ogl\u0105damy telewizj\u0119. Wychodz\u0105c na przeciw pa\u0144stwa potrzebom, oferuj\u0119 us\u0142ug\u0119 stworzenia strony internetowej od samych podstaw &#8211; a w p\u00f3\u017aniejszym czasie\u00a0 rzeteln\u0105 opiek\u0119 i dbanie o serwis przez ca\u0142y rok.\u00a0 \u00a0 DLACZEGO WORDPRESS? Wszystkie stworzone przeze mnie strony internetowe oparte s\u0105 na systemie WordPress. Jest to bardzo intuicyjny i prosty w obs\u0142udze system, z kt\u00f3rym poradzi sobie ka\u017cdy u\u017cytkownik w Internecie! Bardzo \u0142atwe dodawanie tre\u015bci, tekstu czy te\u017c galerii zdj\u0119\u0107.<\/p>\n<p class=\"more-link\"><a href=\"https:\/\/kamildrzeniek.pl\/?page_id=711\" class=\"readmore\">Czytaj dalej..<svg class=\"icon icon-arrow-right\" aria-hidden=\"true\" role=\"img\"> <use href=\"#icon-arrow-right\" xlink:href=\"#icon-arrow-right\"><\/use> <\/svg><span class=\"screen-reader-text\">STRONY INTERNETOWE<\/span><\/a><\/p>\n","protected":false},"author":1,"featured_media":0,"parent":0,"menu_order":0,"comment_status":"closed","ping_status":"closed","template":"elementor_header_footer","meta":{"footnotes":""},"class_list":["post-711","page","type-page","status-publish","hentry"],"yoast_head":"<!-- This site is optimized with the Yoast SEO plugin v21.7 - https:\/\/yoast.com\/wordpress\/plugins\/seo\/ -->\n<title>STRONY INTERNETOWE -<\/title>\n<meta name=\"robots\" content=\"index, follow, max-snippet:-1, max-image-preview:large, max-video-preview:-1\" \/>\n<link rel=\"canonical\" href=\"https:\/\/kamildrzeniek.pl\/?page_id=711\" \/>\n<meta property=\"og:locale\" content=\"pl_PL\" \/>\n<meta property=\"og:type\" content=\"article\" \/>\n<meta property=\"og:title\" content=\"STRONY INTERNETOWE -\" \/>\n<meta property=\"og:description\" content=\"\u0141adna i przejrzysta strona internetowa to w dzisiejszych czasach wizyt\u00f3wka ka\u017cdej cenionej firmy.\u00a0 W dobie internetu, kt\u00f3ry skutecznie wypycha telewizj\u0119 z obiegu, to idealny spos\u00f3b na pozyskanie nowych klient\u00f3w. Szczytowy czas reklam telewizyjnych jest ju\u017c z ca\u0142\u0105 pewno\u015bci\u0105 za nami. W dzisiejszych czasach niemal ka\u017cdy z nas, niezale\u017cnie od wieku posiada smartfon lub laptop z dost\u0119pem do internetu, a coraz rzadziej ogl\u0105damy telewizj\u0119. Wychodz\u0105c na przeciw pa\u0144stwa potrzebom, oferuj\u0119 us\u0142ug\u0119 stworzenia strony internetowej od samych podstaw &#8211; a w p\u00f3\u017aniejszym czasie\u00a0 rzeteln\u0105 opiek\u0119 i dbanie o serwis przez ca\u0142y rok.\u00a0 \u00a0 DLACZEGO WORDPRESS? Wszystkie stworzone przeze mnie strony internetowe oparte s\u0105 na systemie WordPress. Jest to bardzo intuicyjny i prosty w obs\u0142udze system, z kt\u00f3rym poradzi sobie ka\u017cdy u\u017cytkownik w Internecie! Bardzo \u0142atwe dodawanie tre\u015bci, tekstu czy te\u017c galerii zdj\u0119\u0107.Czytaj dalej.. STRONY INTERNETOWE\" \/>\n<meta property=\"og:url\" content=\"https:\/\/kamildrzeniek.pl\/?page_id=711\" \/>\n<meta property=\"article:modified_time\" content=\"2023-03-30T07:29:55+00:00\" \/>\n<meta property=\"og:image\" content=\"https:\/\/kamildrzeniek.pl\/wp-content\/uploads\/2023\/02\/WordPress-Logo-1024x576.png\" \/>\n<meta name=\"twitter:card\" content=\"summary_large_image\" \/>\n<meta name=\"twitter:label1\" content=\"Szacowany czas czytania\" \/>\n\t<meta name=\"twitter:data1\" content=\"5 minut\" \/>\n<script type=\"application\/ld+json\" class=\"yoast-schema-graph\">{\"@context\":\"https:\/\/schema.org\",\"@graph\":[{\"@type\":\"WebPage\",\"@id\":\"https:\/\/kamildrzeniek.pl\/?page_id=711\",\"url\":\"https:\/\/kamildrzeniek.pl\/?page_id=711\",\"name\":\"STRONY INTERNETOWE -\",\"isPartOf\":{\"@id\":\"https:\/\/kamildrzeniek.pl\/#website\"},\"datePublished\":\"2023-02-24T11:03:26+00:00\",\"dateModified\":\"2023-03-30T07:29:55+00:00\",\"breadcrumb\":{\"@id\":\"https:\/\/kamildrzeniek.pl\/?page_id=711#breadcrumb\"},\"inLanguage\":\"pl-PL\",\"potentialAction\":[{\"@type\":\"ReadAction\",\"target\":[\"https:\/\/kamildrzeniek.pl\/?page_id=711\"]}]},{\"@type\":\"BreadcrumbList\",\"@id\":\"https:\/\/kamildrzeniek.pl\/?page_id=711#breadcrumb\",\"itemListElement\":[{\"@type\":\"ListItem\",\"position\":1,\"name\":\"Home\",\"item\":\"https:\/\/kamildrzeniek.pl\/\"},{\"@type\":\"ListItem\",\"position\":2,\"name\":\"STRONY INTERNETOWE\"}]},{\"@type\":\"WebSite\",\"@id\":\"https:\/\/kamildrzeniek.pl\/#website\",\"url\":\"https:\/\/kamildrzeniek.pl\/\",\"name\":\"\",\"description\":\"\",\"potentialAction\":[{\"@type\":\"SearchAction\",\"target\":{\"@type\":\"EntryPoint\",\"urlTemplate\":\"https:\/\/kamildrzeniek.pl\/?s={search_term_string}\"},\"query-input\":\"required name=search_term_string\"}],\"inLanguage\":\"pl-PL\"}]}<\/script>\n<!-- \/ Yoast SEO plugin. -->","yoast_head_json":{"title":"STRONY INTERNETOWE -","robots":{"index":"index","follow":"follow","max-snippet":"max-snippet:-1","max-image-preview":"max-image-preview:large","max-video-preview":"max-video-preview:-1"},"canonical":"https:\/\/kamildrzeniek.pl\/?page_id=711","og_locale":"pl_PL","og_type":"article","og_title":"STRONY INTERNETOWE -","og_description":"\u0141adna i przejrzysta strona internetowa to w dzisiejszych czasach wizyt\u00f3wka ka\u017cdej cenionej firmy.\u00a0 W dobie internetu, kt\u00f3ry skutecznie wypycha telewizj\u0119 z obiegu, to idealny spos\u00f3b na pozyskanie nowych klient\u00f3w. Szczytowy czas reklam telewizyjnych jest ju\u017c z ca\u0142\u0105 pewno\u015bci\u0105 za nami. W dzisiejszych czasach niemal ka\u017cdy z nas, niezale\u017cnie od wieku posiada smartfon lub laptop z dost\u0119pem do internetu, a coraz rzadziej ogl\u0105damy telewizj\u0119. Wychodz\u0105c na przeciw pa\u0144stwa potrzebom, oferuj\u0119 us\u0142ug\u0119 stworzenia strony internetowej od samych podstaw &#8211; a w p\u00f3\u017aniejszym czasie\u00a0 rzeteln\u0105 opiek\u0119 i dbanie o serwis przez ca\u0142y rok.\u00a0 \u00a0 DLACZEGO WORDPRESS? Wszystkie stworzone przeze mnie strony internetowe oparte s\u0105 na systemie WordPress. Jest to bardzo intuicyjny i prosty w obs\u0142udze system, z kt\u00f3rym poradzi sobie ka\u017cdy u\u017cytkownik w Internecie! Bardzo \u0142atwe dodawanie tre\u015bci, tekstu czy te\u017c galerii zdj\u0119\u0107.Czytaj dalej.. STRONY INTERNETOWE","og_url":"https:\/\/kamildrzeniek.pl\/?page_id=711","article_modified_time":"2023-03-30T07:29:55+00:00","og_image":[{"url":"https:\/\/kamildrzeniek.pl\/wp-content\/uploads\/2023\/02\/WordPress-Logo-1024x576.png"}],"twitter_card":"summary_large_image","twitter_misc":{"Szacowany czas czytania":"5 minut"},"schema":{"@context":"https:\/\/schema.org","@graph":[{"@type":"WebPage","@id":"https:\/\/kamildrzeniek.pl\/?page_id=711","url":"https:\/\/kamildrzeniek.pl\/?page_id=711","name":"STRONY INTERNETOWE -","isPartOf":{"@id":"https:\/\/kamildrzeniek.pl\/#website"},"datePublished":"2023-02-24T11:03:26+00:00","dateModified":"2023-03-30T07:29:55+00:00","breadcrumb":{"@id":"https:\/\/kamildrzeniek.pl\/?page_id=711#breadcrumb"},"inLanguage":"pl-PL","potentialAction":[{"@type":"ReadAction","target":["https:\/\/kamildrzeniek.pl\/?page_id=711"]}]},{"@type":"BreadcrumbList","@id":"https:\/\/kamildrzeniek.pl\/?page_id=711#breadcrumb","itemListElement":[{"@type":"ListItem","position":1,"name":"Home","item":"https:\/\/kamildrzeniek.pl\/"},{"@type":"ListItem","position":2,"name":"STRONY INTERNETOWE"}]},{"@type":"WebSite","@id":"https:\/\/kamildrzeniek.pl\/#website","url":"https:\/\/kamildrzeniek.pl\/","name":"","description":"","potentialAction":[{"@type":"SearchAction","target":{"@type":"EntryPoint","urlTemplate":"https:\/\/kamildrzeniek.pl\/?s={search_term_string}"},"query-input":"required name=search_term_string"}],"inLanguage":"pl-PL"}]}},"_links":{"self":[{"href":"https:\/\/kamildrzeniek.pl\/index.php?rest_route=\/wp\/v2\/pages\/711","targetHints":{"allow":["GET"]}}],"collection":[{"href":"https:\/\/kamildrzeniek.pl\/index.php?rest_route=\/wp\/v2\/pages"}],"about":[{"href":"https:\/\/kamildrzeniek.pl\/index.php?rest_route=\/wp\/v2\/types\/page"}],"author":[{"embeddable":true,"href":"https:\/\/kamildrzeniek.pl\/index.php?rest_route=\/wp\/v2\/users\/1"}],"replies":[{"embeddable":true,"href":"https:\/\/kamildrzeniek.pl\/index.php?rest_route=%2Fwp%2Fv2%2Fcomments&post=711"}],"version-history":[{"count":198,"href":"https:\/\/kamildrzeniek.pl\/index.php?rest_route=\/wp\/v2\/pages\/711\/revisions"}],"predecessor-version":[{"id":947,"href":"https:\/\/kamildrzeniek.pl\/index.php?rest_route=\/wp\/v2\/pages\/711\/revisions\/947"}],"wp:attachment":[{"href":"https:\/\/kamildrzeniek.pl\/index.php?rest_route=%2Fwp%2Fv2%2Fmedia&parent=711"}],"curies":[{"name":"wp","href":"https:\/\/api.w.org\/{rel}","templated":true}]}}