{"id":408,"date":"2022-01-20T17:34:32","date_gmt":"2022-01-20T16:34:32","guid":{"rendered":"http:\/\/kamildrzeniek.pl\/?page_id=408"},"modified":"2022-05-18T10:12:20","modified_gmt":"2022-05-18T08:12:20","slug":"o-mnie","status":"publish","type":"page","link":"https:\/\/kamildrzeniek.pl\/?page_id=408","title":{"rendered":"O MNIE"},"content":{"rendered":"\t\t<div data-elementor-type=\"wp-page\" data-elementor-id=\"408\" class=\"elementor elementor-408\">\n\t\t\t\t\t\t\t\t\t<section class=\"elementor-section elementor-top-section elementor-element elementor-element-cbb8e30 elementor-section-full_width elementor-section-stretched elementor-section-height-default elementor-section-height-default\" data-id=\"cbb8e30\" data-element_type=\"section\" data-settings=\"{&quot;stretch_section&quot;:&quot;section-stretched&quot;}\">\n\t\t\t\t\t\t<div class=\"elementor-container elementor-column-gap-default\">\n\t\t\t\t\t<div class=\"elementor-column elementor-col-50 elementor-top-column elementor-element elementor-element-dfebd45\" data-id=\"dfebd45\" data-element_type=\"column\">\n\t\t\t<div class=\"elementor-widget-wrap elementor-element-populated\">\n\t\t\t\t\t\t\t\t<div class=\"elementor-element elementor-element-1aefead elementor-widget elementor-widget-text-editor\" data-id=\"1aefead\" data-element_type=\"widget\" data-widget_type=\"text-editor.default\">\n\t\t\t\t<div class=\"elementor-widget-container\">\n\t\t\t<style>\/*! elementor - v3.18.0 - 20-12-2023 *\/\n.elementor-widget-text-editor.elementor-drop-cap-view-stacked .elementor-drop-cap{background-color:#69727d;color:#fff}.elementor-widget-text-editor.elementor-drop-cap-view-framed .elementor-drop-cap{color:#69727d;border:3px solid;background-color:transparent}.elementor-widget-text-editor:not(.elementor-drop-cap-view-default) .elementor-drop-cap{margin-top:8px}.elementor-widget-text-editor:not(.elementor-drop-cap-view-default) .elementor-drop-cap-letter{width:1em;height:1em}.elementor-widget-text-editor .elementor-drop-cap{float:left;text-align:center;line-height:1;font-size:50px}.elementor-widget-text-editor .elementor-drop-cap-letter{display:inline-block}<\/style>\t\t\t\t<h5>WITAJCIE! NAZYWAM SI\u0118 DRZENIEK KAMIL. URODZI\u0141EM SI\u0118 NIED\u0141UGO PRZED UPADKIEM MURU BERLI\u0143SKIEGO. SZCZ\u0118\u015aLIWY MA\u0141\u017bONEK\u00a0 A TAK\u017bE TATA MA\u0141EJ EMILKI. MIESZKANIEC WODZIS\u0141AWIA \u015aL\u0104SKIEGO.\u00a0<\/h5><p>Fotografia i tworzenie film\u00f3w od zawsze by\u0142o moj\u0105 pasj\u0105. Jestem typowym samoukiem, kt\u00f3ry nabyte umiej\u0119tno\u015bci poch\u0142ania\u0142 dzi\u0119ki samozaparciu i ch\u0119ci w\u0142asnego rozwoju. Pocz\u0105tki mojej drogi w bran\u017cy filmowej przypadaj\u0105 na rok 2008, kiedy to w okresie wakacyjnym, ze wzgl\u0119du na panuj\u0105c\u0105 nud\u0119 &#8211; co\u015b mnie podkusi\u0142o aby na starym windowsowym komputerze, z ogromnym i wa\u017c\u0105cym kilkana\u015bcie kilogram\u00f3w monitorem &#8211; odpali\u0107 Windows Movie Maker. Pierwszy stworzony film, kt\u00f3ry by\u0142 tak naprawd\u0119 zlepkiem kilkunastu uj\u0119\u0107 da\u0142 mi tyle rado\u015bci, \u017ce ju\u017c wtedy wiedzia\u0142em, w kt\u00f3r\u0105 stron\u0119 poprowadzi moja zawodowa droga.\u00a0 I w\u0142a\u015bnie tak si\u0119 zacz\u0119\u0142a moja przygoda, kt\u00f3ra trwa do dzisiaj. Mn\u00f3stwo stworzonych materia\u0142\u00f3w, reporta\u017cy z imprez okoliczno\u015bciowych, kilkadziesi\u0105t tysi\u0119cy wykonanych zdj\u0119\u0107 &#8211; nabyte do\u015bwiadczenie procentuje a\u017c do dzisiaj. Z ka\u017cdego zlecenia wyci\u0105gam odpowiednie wnioski, tak aby ka\u017cdy kolejny materia\u0142 by\u0142 po prostu lepszy. Jestem pasjonatem, kt\u00f3ry w swoj\u0105 prac\u0119 wk\u0142ada ca\u0142e serce. Szukam emocji, kt\u00f3re staram si\u0119 wam odda\u0107 z nadmiarem. Zapraszam do kontaktu.\u00a0<\/p>\t\t\t\t\t\t<\/div>\n\t\t\t\t<\/div>\n\t\t\t\t\t<\/div>\n\t\t<\/div>\n\t\t\t\t<div class=\"elementor-column elementor-col-50 elementor-top-column elementor-element elementor-element-5302f68\" data-id=\"5302f68\" data-element_type=\"column\">\n\t\t\t<div class=\"elementor-widget-wrap elementor-element-populated\">\n\t\t\t\t\t\t\t\t<div class=\"elementor-element elementor-element-934cbb6 elementor-widget elementor-widget-image\" data-id=\"934cbb6\" data-element_type=\"widget\" data-widget_type=\"image.default\">\n\t\t\t\t<div class=\"elementor-widget-container\">\n\t\t\t<style>\/*! elementor - v3.18.0 - 20-12-2023 *\/\n.elementor-widget-image{text-align:center}.elementor-widget-image a{display:inline-block}.elementor-widget-image a img[src$=\".svg\"]{width:48px}.elementor-widget-image img{vertical-align:middle;display:inline-block}<\/style>\t\t\t\t\t\t\t\t\t\t\t\t<img fetchpriority=\"high\" decoding=\"async\" width=\"640\" height=\"640\" src=\"https:\/\/kamildrzeniek.pl\/wp-content\/uploads\/2022\/01\/cropped-PRZYGOTOWANIA-129-1-640x640.jpg\" class=\"attachment-ect-featured-content size-ect-featured-content wp-image-38\" alt=\"\" srcset=\"https:\/\/kamildrzeniek.pl\/wp-content\/uploads\/2022\/01\/cropped-PRZYGOTOWANIA-129-1-640x640.jpg 640w, https:\/\/kamildrzeniek.pl\/wp-content\/uploads\/2022\/01\/cropped-PRZYGOTOWANIA-129-1-150x150.jpg 150w, https:\/\/kamildrzeniek.pl\/wp-content\/uploads\/2022\/01\/cropped-PRZYGOTOWANIA-129-1-960x960.jpg 960w, https:\/\/kamildrzeniek.pl\/wp-content\/uploads\/2022\/01\/cropped-PRZYGOTOWANIA-129-1-140x140.jpg 140w, https:\/\/kamildrzeniek.pl\/wp-content\/uploads\/2022\/01\/cropped-PRZYGOTOWANIA-129-1-50x50.jpg 50w, https:\/\/kamildrzeniek.pl\/wp-content\/uploads\/2022\/01\/cropped-PRZYGOTOWANIA-129-1-666x666.jpg 666w, https:\/\/kamildrzeniek.pl\/wp-content\/uploads\/2022\/01\/cropped-PRZYGOTOWANIA-129-1-80x80.jpg 80w\" sizes=\"(max-width: 640px) 100vw, 640px\" \/>\t\t\t\t\t\t\t\t\t\t\t\t\t\t\t<\/div>\n\t\t\t\t<\/div>\n\t\t\t\t\t<\/div>\n\t\t<\/div>\n\t\t\t\t\t\t\t<\/div>\n\t\t<\/section>\n\t\t\t\t\t\t\t<\/div>\n\t\t","protected":false},"excerpt":{"rendered":"<p>WITAJCIE! NAZYWAM SI\u0118 DRZENIEK KAMIL. URODZI\u0141EM SI\u0118 NIED\u0141UGO PRZED UPADKIEM MURU BERLI\u0143SKIEGO. SZCZ\u0118\u015aLIWY MA\u0141\u017bONEK\u00a0 A TAK\u017bE TATA MA\u0141EJ EMILKI. MIESZKANIEC WODZIS\u0141AWIA \u015aL\u0104SKIEGO.\u00a0 Fotografia i tworzenie film\u00f3w od zawsze by\u0142o moj\u0105 pasj\u0105. Jestem typowym samoukiem, kt\u00f3ry nabyte umiej\u0119tno\u015bci poch\u0142ania\u0142 dzi\u0119ki samozaparciu i ch\u0119ci w\u0142asnego rozwoju. Pocz\u0105tki mojej drogi w bran\u017cy filmowej przypadaj\u0105 na rok 2008, kiedy to w okresie wakacyjnym, ze wzgl\u0119du na panuj\u0105c\u0105 nud\u0119 &#8211; co\u015b mnie podkusi\u0142o aby na starym windowsowym komputerze, z ogromnym i wa\u017c\u0105cym kilkana\u015bcie kilogram\u00f3w monitorem &#8211; odpali\u0107 Windows Movie Maker. Pierwszy stworzony film, kt\u00f3ry by\u0142 tak naprawd\u0119 zlepkiem kilkunastu uj\u0119\u0107 da\u0142 mi tyle rado\u015bci, \u017ce ju\u017c wtedy wiedzia\u0142em, w kt\u00f3r\u0105 stron\u0119 poprowadzi moja zawodowa droga.\u00a0 I w\u0142a\u015bnie tak si\u0119 zacz\u0119\u0142a moja przygoda, kt\u00f3ra trwa do dzisiaj. Mn\u00f3stwo stworzonych materia\u0142\u00f3w, reporta\u017cy z imprez okoliczno\u015bciowych, kilkadziesi\u0105t tysi\u0119cy<\/p>\n<p class=\"more-link\"><a href=\"https:\/\/kamildrzeniek.pl\/?page_id=408\" class=\"readmore\">Czytaj dalej..<svg class=\"icon icon-arrow-right\" aria-hidden=\"true\" role=\"img\"> <use href=\"#icon-arrow-right\" xlink:href=\"#icon-arrow-right\"><\/use> <\/svg><span class=\"screen-reader-text\">O MNIE<\/span><\/a><\/p>\n","protected":false},"author":1,"featured_media":0,"parent":0,"menu_order":0,"comment_status":"closed","ping_status":"closed","template":"","meta":{"footnotes":""},"class_list":["post-408","page","type-page","status-publish","hentry"],"yoast_head":"<!-- This site is optimized with the Yoast SEO plugin v21.7 - https:\/\/yoast.com\/wordpress\/plugins\/seo\/ -->\n<title>O MNIE -<\/title>\n<meta name=\"robots\" content=\"index, follow, max-snippet:-1, max-image-preview:large, max-video-preview:-1\" \/>\n<link rel=\"canonical\" href=\"https:\/\/kamildrzeniek.pl\/?page_id=408\" \/>\n<meta property=\"og:locale\" content=\"pl_PL\" \/>\n<meta property=\"og:type\" content=\"article\" \/>\n<meta property=\"og:title\" content=\"O MNIE -\" \/>\n<meta property=\"og:description\" content=\"WITAJCIE! NAZYWAM SI\u0118 DRZENIEK KAMIL. URODZI\u0141EM SI\u0118 NIED\u0141UGO PRZED UPADKIEM MURU BERLI\u0143SKIEGO. SZCZ\u0118\u015aLIWY MA\u0141\u017bONEK\u00a0 A TAK\u017bE TATA MA\u0141EJ EMILKI. MIESZKANIEC WODZIS\u0141AWIA \u015aL\u0104SKIEGO.\u00a0 Fotografia i tworzenie film\u00f3w od zawsze by\u0142o moj\u0105 pasj\u0105. Jestem typowym samoukiem, kt\u00f3ry nabyte umiej\u0119tno\u015bci poch\u0142ania\u0142 dzi\u0119ki samozaparciu i ch\u0119ci w\u0142asnego rozwoju. Pocz\u0105tki mojej drogi w bran\u017cy filmowej przypadaj\u0105 na rok 2008, kiedy to w okresie wakacyjnym, ze wzgl\u0119du na panuj\u0105c\u0105 nud\u0119 &#8211; co\u015b mnie podkusi\u0142o aby na starym windowsowym komputerze, z ogromnym i wa\u017c\u0105cym kilkana\u015bcie kilogram\u00f3w monitorem &#8211; odpali\u0107 Windows Movie Maker. Pierwszy stworzony film, kt\u00f3ry by\u0142 tak naprawd\u0119 zlepkiem kilkunastu uj\u0119\u0107 da\u0142 mi tyle rado\u015bci, \u017ce ju\u017c wtedy wiedzia\u0142em, w kt\u00f3r\u0105 stron\u0119 poprowadzi moja zawodowa droga.\u00a0 I w\u0142a\u015bnie tak si\u0119 zacz\u0119\u0142a moja przygoda, kt\u00f3ra trwa do dzisiaj. Mn\u00f3stwo stworzonych materia\u0142\u00f3w, reporta\u017cy z imprez okoliczno\u015bciowych, kilkadziesi\u0105t tysi\u0119cyCzytaj dalej.. O MNIE\" \/>\n<meta property=\"og:url\" content=\"https:\/\/kamildrzeniek.pl\/?page_id=408\" \/>\n<meta property=\"article:modified_time\" content=\"2022-05-18T08:12:20+00:00\" \/>\n<meta property=\"og:image\" content=\"http:\/\/kamildrzeniek.pl\/wp-content\/uploads\/2022\/01\/cropped-PRZYGOTOWANIA-129-1-640x640.jpg\" \/>\n<meta name=\"twitter:card\" content=\"summary_large_image\" \/>\n<meta name=\"twitter:label1\" content=\"Szacowany czas czytania\" \/>\n\t<meta name=\"twitter:data1\" content=\"2 minuty\" \/>\n<script type=\"application\/ld+json\" class=\"yoast-schema-graph\">{\"@context\":\"https:\/\/schema.org\",\"@graph\":[{\"@type\":\"WebPage\",\"@id\":\"https:\/\/kamildrzeniek.pl\/?page_id=408\",\"url\":\"https:\/\/kamildrzeniek.pl\/?page_id=408\",\"name\":\"O MNIE -\",\"isPartOf\":{\"@id\":\"https:\/\/kamildrzeniek.pl\/#website\"},\"datePublished\":\"2022-01-20T16:34:32+00:00\",\"dateModified\":\"2022-05-18T08:12:20+00:00\",\"breadcrumb\":{\"@id\":\"https:\/\/kamildrzeniek.pl\/?page_id=408#breadcrumb\"},\"inLanguage\":\"pl-PL\",\"potentialAction\":[{\"@type\":\"ReadAction\",\"target\":[\"https:\/\/kamildrzeniek.pl\/?page_id=408\"]}]},{\"@type\":\"BreadcrumbList\",\"@id\":\"https:\/\/kamildrzeniek.pl\/?page_id=408#breadcrumb\",\"itemListElement\":[{\"@type\":\"ListItem\",\"position\":1,\"name\":\"Home\",\"item\":\"https:\/\/kamildrzeniek.pl\/\"},{\"@type\":\"ListItem\",\"position\":2,\"name\":\"O MNIE\"}]},{\"@type\":\"WebSite\",\"@id\":\"https:\/\/kamildrzeniek.pl\/#website\",\"url\":\"https:\/\/kamildrzeniek.pl\/\",\"name\":\"\",\"description\":\"\",\"potentialAction\":[{\"@type\":\"SearchAction\",\"target\":{\"@type\":\"EntryPoint\",\"urlTemplate\":\"https:\/\/kamildrzeniek.pl\/?s={search_term_string}\"},\"query-input\":\"required name=search_term_string\"}],\"inLanguage\":\"pl-PL\"}]}<\/script>\n<!-- \/ Yoast SEO plugin. -->","yoast_head_json":{"title":"O MNIE -","robots":{"index":"index","follow":"follow","max-snippet":"max-snippet:-1","max-image-preview":"max-image-preview:large","max-video-preview":"max-video-preview:-1"},"canonical":"https:\/\/kamildrzeniek.pl\/?page_id=408","og_locale":"pl_PL","og_type":"article","og_title":"O MNIE -","og_description":"WITAJCIE! NAZYWAM SI\u0118 DRZENIEK KAMIL. URODZI\u0141EM SI\u0118 NIED\u0141UGO PRZED UPADKIEM MURU BERLI\u0143SKIEGO. SZCZ\u0118\u015aLIWY MA\u0141\u017bONEK\u00a0 A TAK\u017bE TATA MA\u0141EJ EMILKI. MIESZKANIEC WODZIS\u0141AWIA \u015aL\u0104SKIEGO.\u00a0 Fotografia i tworzenie film\u00f3w od zawsze by\u0142o moj\u0105 pasj\u0105. Jestem typowym samoukiem, kt\u00f3ry nabyte umiej\u0119tno\u015bci poch\u0142ania\u0142 dzi\u0119ki samozaparciu i ch\u0119ci w\u0142asnego rozwoju. Pocz\u0105tki mojej drogi w bran\u017cy filmowej przypadaj\u0105 na rok 2008, kiedy to w okresie wakacyjnym, ze wzgl\u0119du na panuj\u0105c\u0105 nud\u0119 &#8211; co\u015b mnie podkusi\u0142o aby na starym windowsowym komputerze, z ogromnym i wa\u017c\u0105cym kilkana\u015bcie kilogram\u00f3w monitorem &#8211; odpali\u0107 Windows Movie Maker. Pierwszy stworzony film, kt\u00f3ry by\u0142 tak naprawd\u0119 zlepkiem kilkunastu uj\u0119\u0107 da\u0142 mi tyle rado\u015bci, \u017ce ju\u017c wtedy wiedzia\u0142em, w kt\u00f3r\u0105 stron\u0119 poprowadzi moja zawodowa droga.\u00a0 I w\u0142a\u015bnie tak si\u0119 zacz\u0119\u0142a moja przygoda, kt\u00f3ra trwa do dzisiaj. Mn\u00f3stwo stworzonych materia\u0142\u00f3w, reporta\u017cy z imprez okoliczno\u015bciowych, kilkadziesi\u0105t tysi\u0119cyCzytaj dalej.. O MNIE","og_url":"https:\/\/kamildrzeniek.pl\/?page_id=408","article_modified_time":"2022-05-18T08:12:20+00:00","og_image":[{"url":"http:\/\/kamildrzeniek.pl\/wp-content\/uploads\/2022\/01\/cropped-PRZYGOTOWANIA-129-1-640x640.jpg"}],"twitter_card":"summary_large_image","twitter_misc":{"Szacowany czas czytania":"2 minuty"},"schema":{"@context":"https:\/\/schema.org","@graph":[{"@type":"WebPage","@id":"https:\/\/kamildrzeniek.pl\/?page_id=408","url":"https:\/\/kamildrzeniek.pl\/?page_id=408","name":"O MNIE -","isPartOf":{"@id":"https:\/\/kamildrzeniek.pl\/#website"},"datePublished":"2022-01-20T16:34:32+00:00","dateModified":"2022-05-18T08:12:20+00:00","breadcrumb":{"@id":"https:\/\/kamildrzeniek.pl\/?page_id=408#breadcrumb"},"inLanguage":"pl-PL","potentialAction":[{"@type":"ReadAction","target":["https:\/\/kamildrzeniek.pl\/?page_id=408"]}]},{"@type":"BreadcrumbList","@id":"https:\/\/kamildrzeniek.pl\/?page_id=408#breadcrumb","itemListElement":[{"@type":"ListItem","position":1,"name":"Home","item":"https:\/\/kamildrzeniek.pl\/"},{"@type":"ListItem","position":2,"name":"O MNIE"}]},{"@type":"WebSite","@id":"https:\/\/kamildrzeniek.pl\/#website","url":"https:\/\/kamildrzeniek.pl\/","name":"","description":"","potentialAction":[{"@type":"SearchAction","target":{"@type":"EntryPoint","urlTemplate":"https:\/\/kamildrzeniek.pl\/?s={search_term_string}"},"query-input":"required name=search_term_string"}],"inLanguage":"pl-PL"}]}},"_links":{"self":[{"href":"https:\/\/kamildrzeniek.pl\/index.php?rest_route=\/wp\/v2\/pages\/408","targetHints":{"allow":["GET"]}}],"collection":[{"href":"https:\/\/kamildrzeniek.pl\/index.php?rest_route=\/wp\/v2\/pages"}],"about":[{"href":"https:\/\/kamildrzeniek.pl\/index.php?rest_route=\/wp\/v2\/types\/page"}],"author":[{"embeddable":true,"href":"https:\/\/kamildrzeniek.pl\/index.php?rest_route=\/wp\/v2\/users\/1"}],"replies":[{"embeddable":true,"href":"https:\/\/kamildrzeniek.pl\/index.php?rest_route=%2Fwp%2Fv2%2Fcomments&post=408"}],"version-history":[{"count":13,"href":"https:\/\/kamildrzeniek.pl\/index.php?rest_route=\/wp\/v2\/pages\/408\/revisions"}],"predecessor-version":[{"id":709,"href":"https:\/\/kamildrzeniek.pl\/index.php?rest_route=\/wp\/v2\/pages\/408\/revisions\/709"}],"wp:attachment":[{"href":"https:\/\/kamildrzeniek.pl\/index.php?rest_route=%2Fwp%2Fv2%2Fmedia&parent=408"}],"curies":[{"name":"wp","href":"https:\/\/api.w.org\/{rel}","templated":true}]}}