{"id":387,"date":"2022-01-20T16:54:35","date_gmt":"2022-01-20T15:54:35","guid":{"rendered":"http:\/\/kamildrzeniek.pl\/?page_id=387"},"modified":"2022-01-20T16:59:28","modified_gmt":"2022-01-20T15:59:28","slug":"kontakt","status":"publish","type":"page","link":"https:\/\/kamildrzeniek.pl\/?page_id=387","title":{"rendered":"KONTAKT"},"content":{"rendered":"\t\t<div data-elementor-type=\"wp-page\" data-elementor-id=\"387\" class=\"elementor elementor-387\">\n\t\t\t\t\t\t\t\t\t<section class=\"elementor-section elementor-top-section elementor-element elementor-element-a9151e9 elementor-section-boxed elementor-section-height-default elementor-section-height-default\" data-id=\"a9151e9\" data-element_type=\"section\">\n\t\t\t\t\t\t<div class=\"elementor-container elementor-column-gap-default\">\n\t\t\t\t\t<div class=\"elementor-column elementor-col-100 elementor-top-column elementor-element elementor-element-656e905\" data-id=\"656e905\" data-element_type=\"column\">\n\t\t\t<div class=\"elementor-widget-wrap elementor-element-populated\">\n\t\t\t\t\t\t\t\t<div class=\"elementor-element elementor-element-ea420a2 elementor-button-info elementor-align-center elementor-widget elementor-widget-button\" data-id=\"ea420a2\" data-element_type=\"widget\" data-widget_type=\"button.default\">\n\t\t\t\t<div class=\"elementor-widget-container\">\n\t\t\t\t\t<div class=\"elementor-button-wrapper\">\n\t\t\t<a class=\"elementor-button elementor-button-link elementor-size-xl\" href=\"mailto:kontakt@kamildrzeniek.pl\">\n\t\t\t\t\t\t<span class=\"elementor-button-content-wrapper\">\n\t\t\t\t\t\t<span class=\"elementor-button-icon elementor-align-icon-left\">\n\t\t\t\t<i aria-hidden=\"true\" class=\"fas fa-mail-bulk\"><\/i>\t\t\t<\/span>\n\t\t\t\t\t\t<span class=\"elementor-button-text\">WY\u015aLIJ WIADOMO\u015a\u0106<\/span>\n\t\t<\/span>\n\t\t\t\t\t<\/a>\n\t\t<\/div>\n\t\t\t\t<\/div>\n\t\t\t\t<\/div>\n\t\t\t\t\t<\/div>\n\t\t<\/div>\n\t\t\t\t\t\t\t<\/div>\n\t\t<\/section>\n\t\t\t\t<section class=\"elementor-section elementor-top-section elementor-element elementor-element-4c66802 elementor-section-boxed elementor-section-height-default elementor-section-height-default\" data-id=\"4c66802\" data-element_type=\"section\">\n\t\t\t\t\t\t<div class=\"elementor-container elementor-column-gap-default\">\n\t\t\t\t\t<div class=\"elementor-column elementor-col-100 elementor-top-column elementor-element elementor-element-4d263d0\" data-id=\"4d263d0\" data-element_type=\"column\">\n\t\t\t<div class=\"elementor-widget-wrap elementor-element-populated\">\n\t\t\t\t\t\t\t\t<div class=\"elementor-element elementor-element-c94373a elementor-widget elementor-widget-image\" data-id=\"c94373a\" data-element_type=\"widget\" data-widget_type=\"image.default\">\n\t\t\t\t<div class=\"elementor-widget-container\">\n\t\t\t<style>\/*! elementor - v3.18.0 - 20-12-2023 *\/\n.elementor-widget-image{text-align:center}.elementor-widget-image a{display:inline-block}.elementor-widget-image a img[src$=\".svg\"]{width:48px}.elementor-widget-image img{vertical-align:middle;display:inline-block}<\/style>\t\t\t\t\t\t\t\t\t\t\t\t<img fetchpriority=\"high\" decoding=\"async\" width=\"903\" height=\"520\" src=\"https:\/\/kamildrzeniek.pl\/wp-content\/uploads\/2022\/01\/wizytowka1.jpg\" class=\"attachment-large size-large wp-image-244\" alt=\"\" srcset=\"https:\/\/kamildrzeniek.pl\/wp-content\/uploads\/2022\/01\/wizytowka1.jpg 903w, https:\/\/kamildrzeniek.pl\/wp-content\/uploads\/2022\/01\/wizytowka1-300x173.jpg 300w, https:\/\/kamildrzeniek.pl\/wp-content\/uploads\/2022\/01\/wizytowka1-768x442.jpg 768w\" sizes=\"(max-width: 903px) 100vw, 903px\" \/>\t\t\t\t\t\t\t\t\t\t\t\t\t\t\t<\/div>\n\t\t\t\t<\/div>\n\t\t\t\t\t<\/div>\n\t\t<\/div>\n\t\t\t\t\t\t\t<\/div>\n\t\t<\/section>\n\t\t\t\t\t\t\t<\/div>\n\t\t","protected":false},"excerpt":{"rendered":"<p>WY\u015aLIJ WIADOMO\u015a\u0106<\/p>\n","protected":false},"author":1,"featured_media":0,"parent":0,"menu_order":0,"comment_status":"closed","ping_status":"closed","template":"","meta":{"footnotes":""},"class_list":["post-387","page","type-page","status-publish","hentry"],"yoast_head":"<!-- This site is optimized with the Yoast SEO plugin v21.7 - https:\/\/yoast.com\/wordpress\/plugins\/seo\/ -->\n<title>KONTAKT -<\/title>\n<meta name=\"robots\" content=\"index, follow, max-snippet:-1, max-image-preview:large, max-video-preview:-1\" \/>\n<link rel=\"canonical\" href=\"https:\/\/kamildrzeniek.pl\/?page_id=387\" \/>\n<meta property=\"og:locale\" content=\"pl_PL\" \/>\n<meta property=\"og:type\" content=\"article\" \/>\n<meta property=\"og:title\" content=\"KONTAKT -\" \/>\n<meta property=\"og:description\" content=\"WY\u015aLIJ WIADOMO\u015a\u0106\" \/>\n<meta property=\"og:url\" content=\"https:\/\/kamildrzeniek.pl\/?page_id=387\" \/>\n<meta property=\"article:modified_time\" content=\"2022-01-20T15:59:28+00:00\" \/>\n<meta property=\"og:image\" content=\"http:\/\/kamildrzeniek.pl\/wp-content\/uploads\/2022\/01\/wizytowka1.jpg\" \/>\n<meta name=\"twitter:card\" content=\"summary_large_image\" \/>\n<meta name=\"twitter:label1\" content=\"Szacowany czas czytania\" \/>\n\t<meta name=\"twitter:data1\" content=\"1 minuta\" \/>\n<script type=\"application\/ld+json\" class=\"yoast-schema-graph\">{\"@context\":\"https:\/\/schema.org\",\"@graph\":[{\"@type\":\"WebPage\",\"@id\":\"https:\/\/kamildrzeniek.pl\/?page_id=387\",\"url\":\"https:\/\/kamildrzeniek.pl\/?page_id=387\",\"name\":\"KONTAKT -\",\"isPartOf\":{\"@id\":\"https:\/\/kamildrzeniek.pl\/#website\"},\"datePublished\":\"2022-01-20T15:54:35+00:00\",\"dateModified\":\"2022-01-20T15:59:28+00:00\",\"breadcrumb\":{\"@id\":\"https:\/\/kamildrzeniek.pl\/?page_id=387#breadcrumb\"},\"inLanguage\":\"pl-PL\",\"potentialAction\":[{\"@type\":\"ReadAction\",\"target\":[\"https:\/\/kamildrzeniek.pl\/?page_id=387\"]}]},{\"@type\":\"BreadcrumbList\",\"@id\":\"https:\/\/kamildrzeniek.pl\/?page_id=387#breadcrumb\",\"itemListElement\":[{\"@type\":\"ListItem\",\"position\":1,\"name\":\"Home\",\"item\":\"https:\/\/kamildrzeniek.pl\/\"},{\"@type\":\"ListItem\",\"position\":2,\"name\":\"KONTAKT\"}]},{\"@type\":\"WebSite\",\"@id\":\"https:\/\/kamildrzeniek.pl\/#website\",\"url\":\"https:\/\/kamildrzeniek.pl\/\",\"name\":\"\",\"description\":\"\",\"potentialAction\":[{\"@type\":\"SearchAction\",\"target\":{\"@type\":\"EntryPoint\",\"urlTemplate\":\"https:\/\/kamildrzeniek.pl\/?s={search_term_string}\"},\"query-input\":\"required name=search_term_string\"}],\"inLanguage\":\"pl-PL\"}]}<\/script>\n<!-- \/ Yoast SEO plugin. -->","yoast_head_json":{"title":"KONTAKT -","robots":{"index":"index","follow":"follow","max-snippet":"max-snippet:-1","max-image-preview":"max-image-preview:large","max-video-preview":"max-video-preview:-1"},"canonical":"https:\/\/kamildrzeniek.pl\/?page_id=387","og_locale":"pl_PL","og_type":"article","og_title":"KONTAKT -","og_description":"WY\u015aLIJ WIADOMO\u015a\u0106","og_url":"https:\/\/kamildrzeniek.pl\/?page_id=387","article_modified_time":"2022-01-20T15:59:28+00:00","og_image":[{"url":"http:\/\/kamildrzeniek.pl\/wp-content\/uploads\/2022\/01\/wizytowka1.jpg"}],"twitter_card":"summary_large_image","twitter_misc":{"Szacowany czas czytania":"1 minuta"},"schema":{"@context":"https:\/\/schema.org","@graph":[{"@type":"WebPage","@id":"https:\/\/kamildrzeniek.pl\/?page_id=387","url":"https:\/\/kamildrzeniek.pl\/?page_id=387","name":"KONTAKT -","isPartOf":{"@id":"https:\/\/kamildrzeniek.pl\/#website"},"datePublished":"2022-01-20T15:54:35+00:00","dateModified":"2022-01-20T15:59:28+00:00","breadcrumb":{"@id":"https:\/\/kamildrzeniek.pl\/?page_id=387#breadcrumb"},"inLanguage":"pl-PL","potentialAction":[{"@type":"ReadAction","target":["https:\/\/kamildrzeniek.pl\/?page_id=387"]}]},{"@type":"BreadcrumbList","@id":"https:\/\/kamildrzeniek.pl\/?page_id=387#breadcrumb","itemListElement":[{"@type":"ListItem","position":1,"name":"Home","item":"https:\/\/kamildrzeniek.pl\/"},{"@type":"ListItem","position":2,"name":"KONTAKT"}]},{"@type":"WebSite","@id":"https:\/\/kamildrzeniek.pl\/#website","url":"https:\/\/kamildrzeniek.pl\/","name":"","description":"","potentialAction":[{"@type":"SearchAction","target":{"@type":"EntryPoint","urlTemplate":"https:\/\/kamildrzeniek.pl\/?s={search_term_string}"},"query-input":"required name=search_term_string"}],"inLanguage":"pl-PL"}]}},"_links":{"self":[{"href":"https:\/\/kamildrzeniek.pl\/index.php?rest_route=\/wp\/v2\/pages\/387","targetHints":{"allow":["GET"]}}],"collection":[{"href":"https:\/\/kamildrzeniek.pl\/index.php?rest_route=\/wp\/v2\/pages"}],"about":[{"href":"https:\/\/kamildrzeniek.pl\/index.php?rest_route=\/wp\/v2\/types\/page"}],"author":[{"embeddable":true,"href":"https:\/\/kamildrzeniek.pl\/index.php?rest_route=\/wp\/v2\/users\/1"}],"replies":[{"embeddable":true,"href":"https:\/\/kamildrzeniek.pl\/index.php?rest_route=%2Fwp%2Fv2%2Fcomments&post=387"}],"version-history":[{"count":7,"href":"https:\/\/kamildrzeniek.pl\/index.php?rest_route=\/wp\/v2\/pages\/387\/revisions"}],"predecessor-version":[{"id":395,"href":"https:\/\/kamildrzeniek.pl\/index.php?rest_route=\/wp\/v2\/pages\/387\/revisions\/395"}],"wp:attachment":[{"href":"https:\/\/kamildrzeniek.pl\/index.php?rest_route=%2Fwp%2Fv2%2Fmedia&parent=387"}],"curies":[{"name":"wp","href":"https:\/\/api.w.org\/{rel}","templated":true}]}}