{"id":349,"date":"2022-01-20T16:05:37","date_gmt":"2022-01-20T15:05:37","guid":{"rendered":"http:\/\/kamildrzeniek.pl\/?page_id=349"},"modified":"2022-01-22T14:17:38","modified_gmt":"2022-01-22T13:17:38","slug":"vhs-na-dvd-usb","status":"publish","type":"page","link":"https:\/\/kamildrzeniek.pl\/?page_id=349","title":{"rendered":"VHS NA DVD\/USB"},"content":{"rendered":"\t\t<div data-elementor-type=\"wp-page\" data-elementor-id=\"349\" class=\"elementor elementor-349\">\n\t\t\t\t\t\t\t\t\t<section class=\"elementor-section elementor-top-section elementor-element elementor-element-afa7d30 elementor-section-stretched elementor-section-boxed elementor-section-height-default elementor-section-height-default\" data-id=\"afa7d30\" data-element_type=\"section\" data-settings=\"{&quot;stretch_section&quot;:&quot;section-stretched&quot;}\">\n\t\t\t\t\t\t<div class=\"elementor-container elementor-column-gap-default\">\n\t\t\t\t\t<div class=\"elementor-column elementor-col-50 elementor-top-column elementor-element elementor-element-4ec728b\" data-id=\"4ec728b\" data-element_type=\"column\">\n\t\t\t<div class=\"elementor-widget-wrap elementor-element-populated\">\n\t\t\t\t\t\t\t\t<div class=\"elementor-element elementor-element-bcd9ff7 elementor-widget elementor-widget-text-editor\" data-id=\"bcd9ff7\" data-element_type=\"widget\" data-widget_type=\"text-editor.default\">\n\t\t\t\t<div class=\"elementor-widget-container\">\n\t\t\t<style>\/*! elementor - v3.18.0 - 20-12-2023 *\/\n.elementor-widget-text-editor.elementor-drop-cap-view-stacked .elementor-drop-cap{background-color:#69727d;color:#fff}.elementor-widget-text-editor.elementor-drop-cap-view-framed .elementor-drop-cap{color:#69727d;border:3px solid;background-color:transparent}.elementor-widget-text-editor:not(.elementor-drop-cap-view-default) .elementor-drop-cap{margin-top:8px}.elementor-widget-text-editor:not(.elementor-drop-cap-view-default) .elementor-drop-cap-letter{width:1em;height:1em}.elementor-widget-text-editor .elementor-drop-cap{float:left;text-align:center;line-height:1;font-size:50px}.elementor-widget-text-editor .elementor-drop-cap-letter{display:inline-block}<\/style>\t\t\t\t<h5>KASETY VHS POWOLI ODCHODZ\u0104 W ZAPOMNIENIE. KT\u00d3\u017b Z NAS NIE MIA\u0141 Z NIMI STYCZNO\u015aCI? TE NIEZWYKLE POPULARNE NO\u015aNIKI SWOJ\u0104 NAJWI\u0118KSZ\u0104 POPULARNO\u015a\u0106 PRZE\u017bYWA\u0141Y W LATACH 90-TYCH, CZYLI JAKIE\u015a 30 LAT TEMU.&nbsp;<\/h5>\n<h6>Je\u017celi masz w swoim archiwum kasety VHS &#8211; pami\u0119taj, \u017ce ich \u017cywotno\u015b\u0107 nie jest wieczna. Nie zwlekaj i zamie\u0144 je w nagrania cyfrowe, kt\u00f3re pos\u0142u\u017c\u0105 jeszcze co najmniej kilkadziesi\u0105t lat. Oferuj\u0119 przegrywanie kaset VHS na p\u0142yty DVD, kt\u00f3re b\u0119dzie mo\u017cna odtwarza\u0107 bezpo\u015brednio w odtwarzaczach DVD lub na no\u015bnik PENDRIVE &#8211; kt\u00f3ry po w\u0142o\u017ceniu do telewizora pozwoli przypomnie\u0107 sobie wydarzenia naszego \u017cycia z XX-wieku.&nbsp; &nbsp;Koszt przegrania jednej kasety na wybrany no\u015bnik to 20 z\u0142, niezale\u017cnie od d\u0142ugo\u015bci nagrania. Zach\u0119cam do kontaktu.&nbsp;<\/h6>\t\t\t\t\t\t<\/div>\n\t\t\t\t<\/div>\n\t\t\t\t\t<\/div>\n\t\t<\/div>\n\t\t\t\t<div class=\"elementor-column elementor-col-50 elementor-top-column elementor-element elementor-element-51e1456\" data-id=\"51e1456\" data-element_type=\"column\">\n\t\t\t<div class=\"elementor-widget-wrap elementor-element-populated\">\n\t\t\t\t\t\t\t\t<div class=\"elementor-element elementor-element-259b7a8 elementor-widget elementor-widget-image\" data-id=\"259b7a8\" data-element_type=\"widget\" data-widget_type=\"image.default\">\n\t\t\t\t<div class=\"elementor-widget-container\">\n\t\t\t<style>\/*! elementor - v3.18.0 - 20-12-2023 *\/\n.elementor-widget-image{text-align:center}.elementor-widget-image a{display:inline-block}.elementor-widget-image a img[src$=\".svg\"]{width:48px}.elementor-widget-image img{vertical-align:middle;display:inline-block}<\/style>\t\t\t\t\t\t\t\t\t\t\t\t<img fetchpriority=\"high\" decoding=\"async\" width=\"920\" height=\"697\" src=\"https:\/\/kamildrzeniek.pl\/wp-content\/uploads\/2022\/01\/2-1024x776.jpg\" class=\"attachment-large size-large wp-image-511\" alt=\"\" srcset=\"https:\/\/kamildrzeniek.pl\/wp-content\/uploads\/2022\/01\/2-1024x776.jpg 1024w, https:\/\/kamildrzeniek.pl\/wp-content\/uploads\/2022\/01\/2-300x227.jpg 300w, https:\/\/kamildrzeniek.pl\/wp-content\/uploads\/2022\/01\/2-768x582.jpg 768w, https:\/\/kamildrzeniek.pl\/wp-content\/uploads\/2022\/01\/2-124x93.jpg 124w, https:\/\/kamildrzeniek.pl\/wp-content\/uploads\/2022\/01\/2.jpg 1500w\" sizes=\"(max-width: 920px) 100vw, 920px\" \/>\t\t\t\t\t\t\t\t\t\t\t\t\t\t\t<\/div>\n\t\t\t\t<\/div>\n\t\t\t\t\t<\/div>\n\t\t<\/div>\n\t\t\t\t\t\t\t<\/div>\n\t\t<\/section>\n\t\t\t\t\t\t\t<\/div>\n\t\t","protected":false},"excerpt":{"rendered":"<p>KASETY VHS POWOLI ODCHODZ\u0104 W ZAPOMNIENIE. KT\u00d3\u017b Z NAS NIE MIA\u0141 Z NIMI STYCZNO\u015aCI? TE NIEZWYKLE POPULARNE NO\u015aNIKI SWOJ\u0104 NAJWI\u0118KSZ\u0104 POPULARNO\u015a\u0106 PRZE\u017bYWA\u0141Y W LATACH 90-TYCH, CZYLI JAKIE\u015a 30 LAT TEMU.&nbsp; Je\u017celi masz w swoim archiwum kasety VHS &#8211; pami\u0119taj, \u017ce ich \u017cywotno\u015b\u0107 nie jest wieczna. Nie zwlekaj i zamie\u0144 je w nagrania cyfrowe, kt\u00f3re pos\u0142u\u017c\u0105 jeszcze co najmniej kilkadziesi\u0105t lat. Oferuj\u0119 przegrywanie kaset VHS na p\u0142yty DVD, kt\u00f3re b\u0119dzie mo\u017cna odtwarza\u0107 bezpo\u015brednio w odtwarzaczach DVD lub na no\u015bnik PENDRIVE &#8211; kt\u00f3ry po w\u0142o\u017ceniu do telewizora pozwoli przypomnie\u0107 sobie wydarzenia naszego \u017cycia z XX-wieku.&nbsp; &nbsp;Koszt przegrania jednej kasety na wybrany no\u015bnik to 20 z\u0142, niezale\u017cnie od d\u0142ugo\u015bci nagrania. Zach\u0119cam do kontaktu.&nbsp;<\/p>\n","protected":false},"author":1,"featured_media":0,"parent":0,"menu_order":0,"comment_status":"closed","ping_status":"closed","template":"","meta":{"footnotes":""},"class_list":["post-349","page","type-page","status-publish","hentry"],"yoast_head":"<!-- This site is optimized with the Yoast SEO plugin v21.7 - https:\/\/yoast.com\/wordpress\/plugins\/seo\/ -->\n<title>VHS NA DVD\/USB -<\/title>\n<meta name=\"robots\" content=\"index, follow, max-snippet:-1, max-image-preview:large, max-video-preview:-1\" \/>\n<link rel=\"canonical\" href=\"https:\/\/kamildrzeniek.pl\/?page_id=349\" \/>\n<meta property=\"og:locale\" content=\"pl_PL\" \/>\n<meta property=\"og:type\" content=\"article\" \/>\n<meta property=\"og:title\" content=\"VHS NA DVD\/USB -\" \/>\n<meta property=\"og:description\" content=\"KASETY VHS POWOLI ODCHODZ\u0104 W ZAPOMNIENIE. KT\u00d3\u017b Z NAS NIE MIA\u0141 Z NIMI STYCZNO\u015aCI? TE NIEZWYKLE POPULARNE NO\u015aNIKI SWOJ\u0104 NAJWI\u0118KSZ\u0104 POPULARNO\u015a\u0106 PRZE\u017bYWA\u0141Y W LATACH 90-TYCH, CZYLI JAKIE\u015a 30 LAT TEMU.&nbsp; Je\u017celi masz w swoim archiwum kasety VHS &#8211; pami\u0119taj, \u017ce ich \u017cywotno\u015b\u0107 nie jest wieczna. Nie zwlekaj i zamie\u0144 je w nagrania cyfrowe, kt\u00f3re pos\u0142u\u017c\u0105 jeszcze co najmniej kilkadziesi\u0105t lat. Oferuj\u0119 przegrywanie kaset VHS na p\u0142yty DVD, kt\u00f3re b\u0119dzie mo\u017cna odtwarza\u0107 bezpo\u015brednio w odtwarzaczach DVD lub na no\u015bnik PENDRIVE &#8211; kt\u00f3ry po w\u0142o\u017ceniu do telewizora pozwoli przypomnie\u0107 sobie wydarzenia naszego \u017cycia z XX-wieku.&nbsp; &nbsp;Koszt przegrania jednej kasety na wybrany no\u015bnik to 20 z\u0142, niezale\u017cnie od d\u0142ugo\u015bci nagrania. Zach\u0119cam do kontaktu.&nbsp;\" \/>\n<meta property=\"og:url\" content=\"https:\/\/kamildrzeniek.pl\/?page_id=349\" \/>\n<meta property=\"article:modified_time\" content=\"2022-01-22T13:17:38+00:00\" \/>\n<meta property=\"og:image\" content=\"http:\/\/kamildrzeniek.pl\/wp-content\/uploads\/2022\/01\/2-1024x776.jpg\" \/>\n<meta name=\"twitter:card\" content=\"summary_large_image\" \/>\n<meta name=\"twitter:label1\" content=\"Szacowany czas czytania\" \/>\n\t<meta name=\"twitter:data1\" content=\"1 minuta\" \/>\n<script type=\"application\/ld+json\" class=\"yoast-schema-graph\">{\"@context\":\"https:\/\/schema.org\",\"@graph\":[{\"@type\":\"WebPage\",\"@id\":\"https:\/\/kamildrzeniek.pl\/?page_id=349\",\"url\":\"https:\/\/kamildrzeniek.pl\/?page_id=349\",\"name\":\"VHS NA DVD\/USB -\",\"isPartOf\":{\"@id\":\"https:\/\/kamildrzeniek.pl\/#website\"},\"datePublished\":\"2022-01-20T15:05:37+00:00\",\"dateModified\":\"2022-01-22T13:17:38+00:00\",\"breadcrumb\":{\"@id\":\"https:\/\/kamildrzeniek.pl\/?page_id=349#breadcrumb\"},\"inLanguage\":\"pl-PL\",\"potentialAction\":[{\"@type\":\"ReadAction\",\"target\":[\"https:\/\/kamildrzeniek.pl\/?page_id=349\"]}]},{\"@type\":\"BreadcrumbList\",\"@id\":\"https:\/\/kamildrzeniek.pl\/?page_id=349#breadcrumb\",\"itemListElement\":[{\"@type\":\"ListItem\",\"position\":1,\"name\":\"Home\",\"item\":\"https:\/\/kamildrzeniek.pl\/\"},{\"@type\":\"ListItem\",\"position\":2,\"name\":\"VHS NA DVD\/USB\"}]},{\"@type\":\"WebSite\",\"@id\":\"https:\/\/kamildrzeniek.pl\/#website\",\"url\":\"https:\/\/kamildrzeniek.pl\/\",\"name\":\"\",\"description\":\"\",\"potentialAction\":[{\"@type\":\"SearchAction\",\"target\":{\"@type\":\"EntryPoint\",\"urlTemplate\":\"https:\/\/kamildrzeniek.pl\/?s={search_term_string}\"},\"query-input\":\"required name=search_term_string\"}],\"inLanguage\":\"pl-PL\"}]}<\/script>\n<!-- \/ Yoast SEO plugin. -->","yoast_head_json":{"title":"VHS NA DVD\/USB -","robots":{"index":"index","follow":"follow","max-snippet":"max-snippet:-1","max-image-preview":"max-image-preview:large","max-video-preview":"max-video-preview:-1"},"canonical":"https:\/\/kamildrzeniek.pl\/?page_id=349","og_locale":"pl_PL","og_type":"article","og_title":"VHS NA DVD\/USB -","og_description":"KASETY VHS POWOLI ODCHODZ\u0104 W ZAPOMNIENIE. KT\u00d3\u017b Z NAS NIE MIA\u0141 Z NIMI STYCZNO\u015aCI? TE NIEZWYKLE POPULARNE NO\u015aNIKI SWOJ\u0104 NAJWI\u0118KSZ\u0104 POPULARNO\u015a\u0106 PRZE\u017bYWA\u0141Y W LATACH 90-TYCH, CZYLI JAKIE\u015a 30 LAT TEMU.&nbsp; Je\u017celi masz w swoim archiwum kasety VHS &#8211; pami\u0119taj, \u017ce ich \u017cywotno\u015b\u0107 nie jest wieczna. Nie zwlekaj i zamie\u0144 je w nagrania cyfrowe, kt\u00f3re pos\u0142u\u017c\u0105 jeszcze co najmniej kilkadziesi\u0105t lat. Oferuj\u0119 przegrywanie kaset VHS na p\u0142yty DVD, kt\u00f3re b\u0119dzie mo\u017cna odtwarza\u0107 bezpo\u015brednio w odtwarzaczach DVD lub na no\u015bnik PENDRIVE &#8211; kt\u00f3ry po w\u0142o\u017ceniu do telewizora pozwoli przypomnie\u0107 sobie wydarzenia naszego \u017cycia z XX-wieku.&nbsp; &nbsp;Koszt przegrania jednej kasety na wybrany no\u015bnik to 20 z\u0142, niezale\u017cnie od d\u0142ugo\u015bci nagrania. Zach\u0119cam do kontaktu.&nbsp;","og_url":"https:\/\/kamildrzeniek.pl\/?page_id=349","article_modified_time":"2022-01-22T13:17:38+00:00","og_image":[{"url":"http:\/\/kamildrzeniek.pl\/wp-content\/uploads\/2022\/01\/2-1024x776.jpg"}],"twitter_card":"summary_large_image","twitter_misc":{"Szacowany czas czytania":"1 minuta"},"schema":{"@context":"https:\/\/schema.org","@graph":[{"@type":"WebPage","@id":"https:\/\/kamildrzeniek.pl\/?page_id=349","url":"https:\/\/kamildrzeniek.pl\/?page_id=349","name":"VHS NA DVD\/USB -","isPartOf":{"@id":"https:\/\/kamildrzeniek.pl\/#website"},"datePublished":"2022-01-20T15:05:37+00:00","dateModified":"2022-01-22T13:17:38+00:00","breadcrumb":{"@id":"https:\/\/kamildrzeniek.pl\/?page_id=349#breadcrumb"},"inLanguage":"pl-PL","potentialAction":[{"@type":"ReadAction","target":["https:\/\/kamildrzeniek.pl\/?page_id=349"]}]},{"@type":"BreadcrumbList","@id":"https:\/\/kamildrzeniek.pl\/?page_id=349#breadcrumb","itemListElement":[{"@type":"ListItem","position":1,"name":"Home","item":"https:\/\/kamildrzeniek.pl\/"},{"@type":"ListItem","position":2,"name":"VHS NA DVD\/USB"}]},{"@type":"WebSite","@id":"https:\/\/kamildrzeniek.pl\/#website","url":"https:\/\/kamildrzeniek.pl\/","name":"","description":"","potentialAction":[{"@type":"SearchAction","target":{"@type":"EntryPoint","urlTemplate":"https:\/\/kamildrzeniek.pl\/?s={search_term_string}"},"query-input":"required name=search_term_string"}],"inLanguage":"pl-PL"}]}},"_links":{"self":[{"href":"https:\/\/kamildrzeniek.pl\/index.php?rest_route=\/wp\/v2\/pages\/349","targetHints":{"allow":["GET"]}}],"collection":[{"href":"https:\/\/kamildrzeniek.pl\/index.php?rest_route=\/wp\/v2\/pages"}],"about":[{"href":"https:\/\/kamildrzeniek.pl\/index.php?rest_route=\/wp\/v2\/types\/page"}],"author":[{"embeddable":true,"href":"https:\/\/kamildrzeniek.pl\/index.php?rest_route=\/wp\/v2\/users\/1"}],"replies":[{"embeddable":true,"href":"https:\/\/kamildrzeniek.pl\/index.php?rest_route=%2Fwp%2Fv2%2Fcomments&post=349"}],"version-history":[{"count":10,"href":"https:\/\/kamildrzeniek.pl\/index.php?rest_route=\/wp\/v2\/pages\/349\/revisions"}],"predecessor-version":[{"id":520,"href":"https:\/\/kamildrzeniek.pl\/index.php?rest_route=\/wp\/v2\/pages\/349\/revisions\/520"}],"wp:attachment":[{"href":"https:\/\/kamildrzeniek.pl\/index.php?rest_route=%2Fwp%2Fv2%2Fmedia&parent=349"}],"curies":[{"name":"wp","href":"https:\/\/api.w.org\/{rel}","templated":true}]}}