{"id":347,"date":"2022-01-20T16:05:23","date_gmt":"2022-01-20T15:05:23","guid":{"rendered":"http:\/\/kamildrzeniek.pl\/?page_id=347"},"modified":"2022-01-22T13:49:28","modified_gmt":"2022-01-22T12:49:28","slug":"oferta-z-lotu-ptaka","status":"publish","type":"page","link":"https:\/\/kamildrzeniek.pl\/?page_id=347","title":{"rendered":"OFERTA Z LOTU PTAKA"},"content":{"rendered":"\t\t<div data-elementor-type=\"wp-page\" data-elementor-id=\"347\" class=\"elementor elementor-347\">\n\t\t\t\t\t\t\t\t\t<section class=\"elementor-section elementor-top-section elementor-element elementor-element-98ad31d elementor-section-stretched elementor-section-boxed elementor-section-height-default elementor-section-height-default\" data-id=\"98ad31d\" data-element_type=\"section\" data-settings=\"{&quot;stretch_section&quot;:&quot;section-stretched&quot;}\">\n\t\t\t\t\t\t<div class=\"elementor-container elementor-column-gap-default\">\n\t\t\t\t\t<div class=\"elementor-column elementor-col-50 elementor-top-column elementor-element elementor-element-c0124bd\" data-id=\"c0124bd\" data-element_type=\"column\">\n\t\t\t<div class=\"elementor-widget-wrap elementor-element-populated\">\n\t\t\t\t\t\t\t\t<div class=\"elementor-element elementor-element-801a46a elementor-widget elementor-widget-image\" data-id=\"801a46a\" data-element_type=\"widget\" data-widget_type=\"image.default\">\n\t\t\t\t<div class=\"elementor-widget-container\">\n\t\t\t<style>\/*! elementor - v3.18.0 - 20-12-2023 *\/\n.elementor-widget-image{text-align:center}.elementor-widget-image a{display:inline-block}.elementor-widget-image a img[src$=\".svg\"]{width:48px}.elementor-widget-image img{vertical-align:middle;display:inline-block}<\/style>\t\t\t\t\t\t\t\t\t\t\t\t<img fetchpriority=\"high\" decoding=\"async\" width=\"920\" height=\"460\" src=\"https:\/\/kamildrzeniek.pl\/wp-content\/uploads\/2022\/01\/drony-na-start-1024x512.jpg\" class=\"attachment-large size-large wp-image-486\" alt=\"\" srcset=\"https:\/\/kamildrzeniek.pl\/wp-content\/uploads\/2022\/01\/drony-na-start-1024x512.jpg 1024w, https:\/\/kamildrzeniek.pl\/wp-content\/uploads\/2022\/01\/drony-na-start-300x150.jpg 300w, https:\/\/kamildrzeniek.pl\/wp-content\/uploads\/2022\/01\/drony-na-start-768x384.jpg 768w, https:\/\/kamildrzeniek.pl\/wp-content\/uploads\/2022\/01\/drony-na-start-1536x768.jpg 1536w, https:\/\/kamildrzeniek.pl\/wp-content\/uploads\/2022\/01\/drony-na-start.jpg 1600w\" sizes=\"(max-width: 920px) 100vw, 920px\" \/>\t\t\t\t\t\t\t\t\t\t\t\t\t\t\t<\/div>\n\t\t\t\t<\/div>\n\t\t\t\t\t<\/div>\n\t\t<\/div>\n\t\t\t\t<div class=\"elementor-column elementor-col-50 elementor-top-column elementor-element elementor-element-c18df73\" data-id=\"c18df73\" data-element_type=\"column\">\n\t\t\t<div class=\"elementor-widget-wrap elementor-element-populated\">\n\t\t\t\t\t\t\t\t<div class=\"elementor-element elementor-element-d12768a elementor-widget elementor-widget-text-editor\" data-id=\"d12768a\" data-element_type=\"widget\" data-widget_type=\"text-editor.default\">\n\t\t\t\t<div class=\"elementor-widget-container\">\n\t\t\t<style>\/*! elementor - v3.18.0 - 20-12-2023 *\/\n.elementor-widget-text-editor.elementor-drop-cap-view-stacked .elementor-drop-cap{background-color:#69727d;color:#fff}.elementor-widget-text-editor.elementor-drop-cap-view-framed .elementor-drop-cap{color:#69727d;border:3px solid;background-color:transparent}.elementor-widget-text-editor:not(.elementor-drop-cap-view-default) .elementor-drop-cap{margin-top:8px}.elementor-widget-text-editor:not(.elementor-drop-cap-view-default) .elementor-drop-cap-letter{width:1em;height:1em}.elementor-widget-text-editor .elementor-drop-cap{float:left;text-align:center;line-height:1;font-size:50px}.elementor-widget-text-editor .elementor-drop-cap-letter{display:inline-block}<\/style>\t\t\t\t<h6>UJ\u0118CIA Z LOTU PTAKA POWOLI STAJ\u0104 SI\u0118 STANDARDEM W BRAN\u017bY REKLAMOWEJ. OFERUJ\u0118 WYKONANIE ZDJ\u0118\u0106 DZI\u0118KI WYKORZYSTANIU DRONA, KT\u00d3RE U\u0141ATWI\u0104 DOTARCIE DO JESZCZE SZERSZEGO GRONA POTENCJALNYCH KLIENT\u00d3W.&nbsp;<\/h6>\n<h6>Oferuj\u0119 wykonanie zdj\u0119\u0107 wyra\u017anie podkre\u015blaj\u0105c\u0105 lokalizacj\u0119 Pa\u0144stwa firmy. W ofercie znajdziecie r\u00f3wnie\u017c stworzenie klipu promuj\u0105cego, z wykorzystaniem uj\u0119\u0107 wysoko\u015bciowych. W przypadku zainteresowania zach\u0119cam do kontaktu.<\/h6>\t\t\t\t\t\t<\/div>\n\t\t\t\t<\/div>\n\t\t\t\t\t<\/div>\n\t\t<\/div>\n\t\t\t\t\t\t\t<\/div>\n\t\t<\/section>\n\t\t\t\t\t\t\t<\/div>\n\t\t","protected":false},"excerpt":{"rendered":"<p>UJ\u0118CIA Z LOTU PTAKA POWOLI STAJ\u0104 SI\u0118 STANDARDEM W BRAN\u017bY REKLAMOWEJ. OFERUJ\u0118 WYKONANIE ZDJ\u0118\u0106 DZI\u0118KI WYKORZYSTANIU DRONA, KT\u00d3RE U\u0141ATWI\u0104 DOTARCIE DO JESZCZE SZERSZEGO GRONA POTENCJALNYCH KLIENT\u00d3W.&nbsp; Oferuj\u0119 wykonanie zdj\u0119\u0107 wyra\u017anie podkre\u015blaj\u0105c\u0105 lokalizacj\u0119 Pa\u0144stwa firmy. W ofercie znajdziecie r\u00f3wnie\u017c stworzenie klipu promuj\u0105cego, z wykorzystaniem uj\u0119\u0107 wysoko\u015bciowych. W przypadku zainteresowania zach\u0119cam do kontaktu.<\/p>\n","protected":false},"author":1,"featured_media":0,"parent":0,"menu_order":0,"comment_status":"closed","ping_status":"closed","template":"","meta":{"footnotes":""},"class_list":["post-347","page","type-page","status-publish","hentry"],"yoast_head":"<!-- This site is optimized with the Yoast SEO plugin v21.7 - https:\/\/yoast.com\/wordpress\/plugins\/seo\/ -->\n<title>OFERTA Z LOTU PTAKA -<\/title>\n<meta name=\"robots\" content=\"index, follow, max-snippet:-1, max-image-preview:large, max-video-preview:-1\" \/>\n<link rel=\"canonical\" href=\"https:\/\/kamildrzeniek.pl\/?page_id=347\" \/>\n<meta property=\"og:locale\" content=\"pl_PL\" \/>\n<meta property=\"og:type\" content=\"article\" \/>\n<meta property=\"og:title\" content=\"OFERTA Z LOTU PTAKA -\" \/>\n<meta property=\"og:description\" content=\"UJ\u0118CIA Z LOTU PTAKA POWOLI STAJ\u0104 SI\u0118 STANDARDEM W BRAN\u017bY REKLAMOWEJ. OFERUJ\u0118 WYKONANIE ZDJ\u0118\u0106 DZI\u0118KI WYKORZYSTANIU DRONA, KT\u00d3RE U\u0141ATWI\u0104 DOTARCIE DO JESZCZE SZERSZEGO GRONA POTENCJALNYCH KLIENT\u00d3W.&nbsp; Oferuj\u0119 wykonanie zdj\u0119\u0107 wyra\u017anie podkre\u015blaj\u0105c\u0105 lokalizacj\u0119 Pa\u0144stwa firmy. W ofercie znajdziecie r\u00f3wnie\u017c stworzenie klipu promuj\u0105cego, z wykorzystaniem uj\u0119\u0107 wysoko\u015bciowych. W przypadku zainteresowania zach\u0119cam do kontaktu.\" \/>\n<meta property=\"og:url\" content=\"https:\/\/kamildrzeniek.pl\/?page_id=347\" \/>\n<meta property=\"article:modified_time\" content=\"2022-01-22T12:49:28+00:00\" \/>\n<meta property=\"og:image\" content=\"http:\/\/kamildrzeniek.pl\/wp-content\/uploads\/2022\/01\/drony-na-start-1024x512.jpg\" \/>\n<meta name=\"twitter:card\" content=\"summary_large_image\" \/>\n<meta name=\"twitter:label1\" content=\"Szacowany czas czytania\" \/>\n\t<meta name=\"twitter:data1\" content=\"1 minuta\" \/>\n<script type=\"application\/ld+json\" class=\"yoast-schema-graph\">{\"@context\":\"https:\/\/schema.org\",\"@graph\":[{\"@type\":\"WebPage\",\"@id\":\"https:\/\/kamildrzeniek.pl\/?page_id=347\",\"url\":\"https:\/\/kamildrzeniek.pl\/?page_id=347\",\"name\":\"OFERTA Z LOTU PTAKA -\",\"isPartOf\":{\"@id\":\"https:\/\/kamildrzeniek.pl\/#website\"},\"datePublished\":\"2022-01-20T15:05:23+00:00\",\"dateModified\":\"2022-01-22T12:49:28+00:00\",\"breadcrumb\":{\"@id\":\"https:\/\/kamildrzeniek.pl\/?page_id=347#breadcrumb\"},\"inLanguage\":\"pl-PL\",\"potentialAction\":[{\"@type\":\"ReadAction\",\"target\":[\"https:\/\/kamildrzeniek.pl\/?page_id=347\"]}]},{\"@type\":\"BreadcrumbList\",\"@id\":\"https:\/\/kamildrzeniek.pl\/?page_id=347#breadcrumb\",\"itemListElement\":[{\"@type\":\"ListItem\",\"position\":1,\"name\":\"Home\",\"item\":\"https:\/\/kamildrzeniek.pl\/\"},{\"@type\":\"ListItem\",\"position\":2,\"name\":\"OFERTA Z LOTU PTAKA\"}]},{\"@type\":\"WebSite\",\"@id\":\"https:\/\/kamildrzeniek.pl\/#website\",\"url\":\"https:\/\/kamildrzeniek.pl\/\",\"name\":\"\",\"description\":\"\",\"potentialAction\":[{\"@type\":\"SearchAction\",\"target\":{\"@type\":\"EntryPoint\",\"urlTemplate\":\"https:\/\/kamildrzeniek.pl\/?s={search_term_string}\"},\"query-input\":\"required name=search_term_string\"}],\"inLanguage\":\"pl-PL\"}]}<\/script>\n<!-- \/ Yoast SEO plugin. -->","yoast_head_json":{"title":"OFERTA Z LOTU PTAKA -","robots":{"index":"index","follow":"follow","max-snippet":"max-snippet:-1","max-image-preview":"max-image-preview:large","max-video-preview":"max-video-preview:-1"},"canonical":"https:\/\/kamildrzeniek.pl\/?page_id=347","og_locale":"pl_PL","og_type":"article","og_title":"OFERTA Z LOTU PTAKA -","og_description":"UJ\u0118CIA Z LOTU PTAKA POWOLI STAJ\u0104 SI\u0118 STANDARDEM W BRAN\u017bY REKLAMOWEJ. OFERUJ\u0118 WYKONANIE ZDJ\u0118\u0106 DZI\u0118KI WYKORZYSTANIU DRONA, KT\u00d3RE U\u0141ATWI\u0104 DOTARCIE DO JESZCZE SZERSZEGO GRONA POTENCJALNYCH KLIENT\u00d3W.&nbsp; Oferuj\u0119 wykonanie zdj\u0119\u0107 wyra\u017anie podkre\u015blaj\u0105c\u0105 lokalizacj\u0119 Pa\u0144stwa firmy. W ofercie znajdziecie r\u00f3wnie\u017c stworzenie klipu promuj\u0105cego, z wykorzystaniem uj\u0119\u0107 wysoko\u015bciowych. W przypadku zainteresowania zach\u0119cam do kontaktu.","og_url":"https:\/\/kamildrzeniek.pl\/?page_id=347","article_modified_time":"2022-01-22T12:49:28+00:00","og_image":[{"url":"http:\/\/kamildrzeniek.pl\/wp-content\/uploads\/2022\/01\/drony-na-start-1024x512.jpg"}],"twitter_card":"summary_large_image","twitter_misc":{"Szacowany czas czytania":"1 minuta"},"schema":{"@context":"https:\/\/schema.org","@graph":[{"@type":"WebPage","@id":"https:\/\/kamildrzeniek.pl\/?page_id=347","url":"https:\/\/kamildrzeniek.pl\/?page_id=347","name":"OFERTA Z LOTU PTAKA -","isPartOf":{"@id":"https:\/\/kamildrzeniek.pl\/#website"},"datePublished":"2022-01-20T15:05:23+00:00","dateModified":"2022-01-22T12:49:28+00:00","breadcrumb":{"@id":"https:\/\/kamildrzeniek.pl\/?page_id=347#breadcrumb"},"inLanguage":"pl-PL","potentialAction":[{"@type":"ReadAction","target":["https:\/\/kamildrzeniek.pl\/?page_id=347"]}]},{"@type":"BreadcrumbList","@id":"https:\/\/kamildrzeniek.pl\/?page_id=347#breadcrumb","itemListElement":[{"@type":"ListItem","position":1,"name":"Home","item":"https:\/\/kamildrzeniek.pl\/"},{"@type":"ListItem","position":2,"name":"OFERTA Z LOTU PTAKA"}]},{"@type":"WebSite","@id":"https:\/\/kamildrzeniek.pl\/#website","url":"https:\/\/kamildrzeniek.pl\/","name":"","description":"","potentialAction":[{"@type":"SearchAction","target":{"@type":"EntryPoint","urlTemplate":"https:\/\/kamildrzeniek.pl\/?s={search_term_string}"},"query-input":"required name=search_term_string"}],"inLanguage":"pl-PL"}]}},"_links":{"self":[{"href":"https:\/\/kamildrzeniek.pl\/index.php?rest_route=\/wp\/v2\/pages\/347","targetHints":{"allow":["GET"]}}],"collection":[{"href":"https:\/\/kamildrzeniek.pl\/index.php?rest_route=\/wp\/v2\/pages"}],"about":[{"href":"https:\/\/kamildrzeniek.pl\/index.php?rest_route=\/wp\/v2\/types\/page"}],"author":[{"embeddable":true,"href":"https:\/\/kamildrzeniek.pl\/index.php?rest_route=\/wp\/v2\/users\/1"}],"replies":[{"embeddable":true,"href":"https:\/\/kamildrzeniek.pl\/index.php?rest_route=%2Fwp%2Fv2%2Fcomments&post=347"}],"version-history":[{"count":13,"href":"https:\/\/kamildrzeniek.pl\/index.php?rest_route=\/wp\/v2\/pages\/347\/revisions"}],"predecessor-version":[{"id":499,"href":"https:\/\/kamildrzeniek.pl\/index.php?rest_route=\/wp\/v2\/pages\/347\/revisions\/499"}],"wp:attachment":[{"href":"https:\/\/kamildrzeniek.pl\/index.php?rest_route=%2Fwp%2Fv2%2Fmedia&parent=347"}],"curies":[{"name":"wp","href":"https:\/\/api.w.org\/{rel}","templated":true}]}}