{"id":343,"date":"2022-01-20T16:04:35","date_gmt":"2022-01-20T15:04:35","guid":{"rendered":"http:\/\/kamildrzeniek.pl\/?page_id=343"},"modified":"2025-01-28T13:10:36","modified_gmt":"2025-01-28T12:10:36","slug":"oferta-komunijna","status":"publish","type":"page","link":"https:\/\/kamildrzeniek.pl\/?page_id=343","title":{"rendered":"OFERTA JUBILEUSZOWA"},"content":{"rendered":"\t\t<div data-elementor-type=\"wp-page\" data-elementor-id=\"343\" class=\"elementor elementor-343\">\n\t\t\t\t\t\t\t\t\t<section class=\"elementor-section elementor-top-section elementor-element elementor-element-2f8b3f6 elementor-section-boxed elementor-section-height-default elementor-section-height-default\" data-id=\"2f8b3f6\" data-element_type=\"section\">\n\t\t\t\t\t\t<div class=\"elementor-container elementor-column-gap-default\">\n\t\t\t\t\t<div class=\"elementor-column elementor-col-50 elementor-top-column elementor-element elementor-element-47e9f81\" data-id=\"47e9f81\" data-element_type=\"column\">\n\t\t\t<div class=\"elementor-widget-wrap elementor-element-populated\">\n\t\t\t\t\t\t\t\t<div class=\"elementor-element elementor-element-bb089fc elementor-widget elementor-widget-text-editor\" data-id=\"bb089fc\" data-element_type=\"widget\" data-widget_type=\"text-editor.default\">\n\t\t\t\t<div class=\"elementor-widget-container\">\n\t\t\t<style>\/*! elementor - v3.18.0 - 20-12-2023 *\/\n.elementor-widget-text-editor.elementor-drop-cap-view-stacked .elementor-drop-cap{background-color:#69727d;color:#fff}.elementor-widget-text-editor.elementor-drop-cap-view-framed .elementor-drop-cap{color:#69727d;border:3px solid;background-color:transparent}.elementor-widget-text-editor:not(.elementor-drop-cap-view-default) .elementor-drop-cap{margin-top:8px}.elementor-widget-text-editor:not(.elementor-drop-cap-view-default) .elementor-drop-cap-letter{width:1em;height:1em}.elementor-widget-text-editor .elementor-drop-cap{float:left;text-align:center;line-height:1;font-size:50px}.elementor-widget-text-editor .elementor-drop-cap-letter{display:inline-block}<\/style>\t\t\t\t<h2 style=\"text-align: justify;\"><span style=\"font-size: 22px;\">Okr\u0105g\u0142e jubileusze czy te\u017c imprezy okoliczno\u015bciowe r\u00f3wnie\u017c s\u0105 bliskie naszemu filmowemu sercu!<\/span><\/h2>\n<h2>\u00a0<\/h2>\n<h2 style=\"text-align: justify;\"><span style=\"font-size: 18px;\">\u00a0<\/span><span style=\"font-size: 18px;\">Z\u0142ote Gody, Studni\u00f3wka, I Komunia Swi\u0119ta, Jubileuszowe urodziny a mo\u017ce co\u015b zupe\u0142nie innego? Z przyjemno\u015bci\u0105 pojawimy si\u0119 na Twojej imprezie!<\/span><\/h2>\n<h2>\u00a0<\/h2>\n<h2 style=\"text-align: justify;\">Do ka\u017cdego tego typu zlecenia podchodzimy indywidualnie &#8211; przed realizacj\u0105 aran\u017cujemy spotkanie i razem z Wami ustalamy jak ma wygl\u0105da\u0107 Nasza praca i jakie macie oczekiwania co do pami\u0105tkowego reporta\u017cu.<\/h2>\n<h2>\u00a0<\/h2>\n<h2 style=\"text-align: justify;\">Zrobimy tak, jak oczekujecie! To przecie\u017c bardzo wa\u017cny dzie\u0144 i wszystko musi by\u0107 na TIP TOP<span style=\"font-size: 1.5rem;\">!<\/span><\/h2>\t\t\t\t\t\t<\/div>\n\t\t\t\t<\/div>\n\t\t\t\t\t<\/div>\n\t\t<\/div>\n\t\t\t\t<div class=\"elementor-column elementor-col-50 elementor-top-column elementor-element elementor-element-e6d0b16\" data-id=\"e6d0b16\" data-element_type=\"column\">\n\t\t\t<div class=\"elementor-widget-wrap elementor-element-populated\">\n\t\t\t\t\t\t\t\t<div class=\"elementor-element elementor-element-b43f0a8 elementor-widget elementor-widget-image\" data-id=\"b43f0a8\" data-element_type=\"widget\" data-widget_type=\"image.default\">\n\t\t\t\t<div class=\"elementor-widget-container\">\n\t\t\t<style>\/*! elementor - v3.18.0 - 20-12-2023 *\/\n.elementor-widget-image{text-align:center}.elementor-widget-image a{display:inline-block}.elementor-widget-image a img[src$=\".svg\"]{width:48px}.elementor-widget-image img{vertical-align:middle;display:inline-block}<\/style>\t\t\t\t\t\t\t\t\t\t\t\t<img fetchpriority=\"high\" decoding=\"async\" width=\"734\" height=\"1024\" src=\"https:\/\/kamildrzeniek.pl\/wp-content\/uploads\/2025\/01\/jubileuszowa-734x1024-1.png\" class=\"attachment-large size-large wp-image-1062\" alt=\"\" srcset=\"https:\/\/kamildrzeniek.pl\/wp-content\/uploads\/2025\/01\/jubileuszowa-734x1024-1.png 734w, https:\/\/kamildrzeniek.pl\/wp-content\/uploads\/2025\/01\/jubileuszowa-734x1024-1-215x300.png 215w\" sizes=\"(max-width: 734px) 100vw, 734px\" \/>\t\t\t\t\t\t\t\t\t\t\t\t\t\t\t<\/div>\n\t\t\t\t<\/div>\n\t\t\t\t\t<\/div>\n\t\t<\/div>\n\t\t\t\t\t\t\t<\/div>\n\t\t<\/section>\n\t\t\t\t<section class=\"elementor-section elementor-top-section elementor-element elementor-element-51513e4 elementor-section-boxed elementor-section-height-default elementor-section-height-default\" data-id=\"51513e4\" data-element_type=\"section\">\n\t\t\t\t\t\t<div class=\"elementor-container elementor-column-gap-default\">\n\t\t\t\t\t<div class=\"elementor-column elementor-col-100 elementor-top-column elementor-element elementor-element-c89bd44\" data-id=\"c89bd44\" data-element_type=\"column\">\n\t\t\t<div class=\"elementor-widget-wrap elementor-element-populated\">\n\t\t\t\t\t\t\t\t<div class=\"elementor-element elementor-element-196d41a elementor-widget-divider--view-line elementor-widget elementor-widget-divider\" data-id=\"196d41a\" data-element_type=\"widget\" data-widget_type=\"divider.default\">\n\t\t\t\t<div class=\"elementor-widget-container\">\n\t\t\t<style>\/*! elementor - v3.18.0 - 20-12-2023 *\/\n.elementor-widget-divider{--divider-border-style:none;--divider-border-width:1px;--divider-color:#0c0d0e;--divider-icon-size:20px;--divider-element-spacing:10px;--divider-pattern-height:24px;--divider-pattern-size:20px;--divider-pattern-url:none;--divider-pattern-repeat:repeat-x}.elementor-widget-divider .elementor-divider{display:flex}.elementor-widget-divider .elementor-divider__text{font-size:15px;line-height:1;max-width:95%}.elementor-widget-divider .elementor-divider__element{margin:0 var(--divider-element-spacing);flex-shrink:0}.elementor-widget-divider .elementor-icon{font-size:var(--divider-icon-size)}.elementor-widget-divider .elementor-divider-separator{display:flex;margin:0;direction:ltr}.elementor-widget-divider--view-line_icon .elementor-divider-separator,.elementor-widget-divider--view-line_text .elementor-divider-separator{align-items:center}.elementor-widget-divider--view-line_icon .elementor-divider-separator:after,.elementor-widget-divider--view-line_icon .elementor-divider-separator:before,.elementor-widget-divider--view-line_text .elementor-divider-separator:after,.elementor-widget-divider--view-line_text .elementor-divider-separator:before{display:block;content:\"\";border-bottom:0;flex-grow:1;border-top:var(--divider-border-width) var(--divider-border-style) var(--divider-color)}.elementor-widget-divider--element-align-left .elementor-divider .elementor-divider-separator>.elementor-divider__svg:first-of-type{flex-grow:0;flex-shrink:100}.elementor-widget-divider--element-align-left .elementor-divider-separator:before{content:none}.elementor-widget-divider--element-align-left .elementor-divider__element{margin-left:0}.elementor-widget-divider--element-align-right .elementor-divider .elementor-divider-separator>.elementor-divider__svg:last-of-type{flex-grow:0;flex-shrink:100}.elementor-widget-divider--element-align-right .elementor-divider-separator:after{content:none}.elementor-widget-divider--element-align-right .elementor-divider__element{margin-right:0}.elementor-widget-divider:not(.elementor-widget-divider--view-line_text):not(.elementor-widget-divider--view-line_icon) .elementor-divider-separator{border-top:var(--divider-border-width) var(--divider-border-style) var(--divider-color)}.elementor-widget-divider--separator-type-pattern{--divider-border-style:none}.elementor-widget-divider--separator-type-pattern.elementor-widget-divider--view-line .elementor-divider-separator,.elementor-widget-divider--separator-type-pattern:not(.elementor-widget-divider--view-line) .elementor-divider-separator:after,.elementor-widget-divider--separator-type-pattern:not(.elementor-widget-divider--view-line) .elementor-divider-separator:before,.elementor-widget-divider--separator-type-pattern:not([class*=elementor-widget-divider--view]) .elementor-divider-separator{width:100%;min-height:var(--divider-pattern-height);-webkit-mask-size:var(--divider-pattern-size) 100%;mask-size:var(--divider-pattern-size) 100%;-webkit-mask-repeat:var(--divider-pattern-repeat);mask-repeat:var(--divider-pattern-repeat);background-color:var(--divider-color);-webkit-mask-image:var(--divider-pattern-url);mask-image:var(--divider-pattern-url)}.elementor-widget-divider--no-spacing{--divider-pattern-size:auto}.elementor-widget-divider--bg-round{--divider-pattern-repeat:round}.rtl .elementor-widget-divider .elementor-divider__text{direction:rtl}.e-con-inner>.elementor-widget-divider,.e-con>.elementor-widget-divider{width:var(--container-widget-width,100%);--flex-grow:var(--container-widget-flex-grow)}<\/style>\t\t<div class=\"elementor-divider\">\n\t\t\t<span class=\"elementor-divider-separator\">\n\t\t\t\t\t\t<\/span>\n\t\t<\/div>\n\t\t\t\t<\/div>\n\t\t\t\t<\/div>\n\t\t\t\t\t<\/div>\n\t\t<\/div>\n\t\t\t\t\t\t\t<\/div>\n\t\t<\/section>\n\t\t\t\t\t\t\t<\/div>\n\t\t","protected":false},"excerpt":{"rendered":"<p>Okr\u0105g\u0142e jubileusze czy te\u017c imprezy okoliczno\u015bciowe r\u00f3wnie\u017c s\u0105 bliskie naszemu filmowemu sercu! \u00a0 \u00a0Z\u0142ote Gody, Studni\u00f3wka, I Komunia Swi\u0119ta, Jubileuszowe urodziny a mo\u017ce co\u015b zupe\u0142nie innego? Z przyjemno\u015bci\u0105 pojawimy si\u0119 na Twojej imprezie! \u00a0 Do ka\u017cdego tego typu zlecenia podchodzimy indywidualnie &#8211; przed realizacj\u0105 aran\u017cujemy spotkanie i razem z Wami ustalamy jak ma wygl\u0105da\u0107 Nasza praca i jakie macie oczekiwania co do pami\u0105tkowego reporta\u017cu. \u00a0 Zrobimy tak, jak oczekujecie! To przecie\u017c bardzo wa\u017cny dzie\u0144 i wszystko musi by\u0107 na TIP TOP!<\/p>\n","protected":false},"author":1,"featured_media":0,"parent":0,"menu_order":0,"comment_status":"closed","ping_status":"closed","template":"elementor_header_footer","meta":{"footnotes":""},"class_list":["post-343","page","type-page","status-publish","hentry"],"yoast_head":"<!-- This site is optimized with the Yoast SEO plugin v21.7 - https:\/\/yoast.com\/wordpress\/plugins\/seo\/ -->\n<title>OFERTA JUBILEUSZOWA -<\/title>\n<meta name=\"robots\" content=\"index, follow, max-snippet:-1, max-image-preview:large, max-video-preview:-1\" \/>\n<link rel=\"canonical\" href=\"https:\/\/kamildrzeniek.pl\/?page_id=343\" \/>\n<meta property=\"og:locale\" content=\"pl_PL\" \/>\n<meta property=\"og:type\" content=\"article\" \/>\n<meta property=\"og:title\" content=\"OFERTA JUBILEUSZOWA -\" \/>\n<meta property=\"og:description\" content=\"Okr\u0105g\u0142e jubileusze czy te\u017c imprezy okoliczno\u015bciowe r\u00f3wnie\u017c s\u0105 bliskie naszemu filmowemu sercu! \u00a0 \u00a0Z\u0142ote Gody, Studni\u00f3wka, I Komunia Swi\u0119ta, Jubileuszowe urodziny a mo\u017ce co\u015b zupe\u0142nie innego? Z przyjemno\u015bci\u0105 pojawimy si\u0119 na Twojej imprezie! \u00a0 Do ka\u017cdego tego typu zlecenia podchodzimy indywidualnie &#8211; przed realizacj\u0105 aran\u017cujemy spotkanie i razem z Wami ustalamy jak ma wygl\u0105da\u0107 Nasza praca i jakie macie oczekiwania co do pami\u0105tkowego reporta\u017cu. \u00a0 Zrobimy tak, jak oczekujecie! To przecie\u017c bardzo wa\u017cny dzie\u0144 i wszystko musi by\u0107 na TIP TOP!\" \/>\n<meta property=\"og:url\" content=\"https:\/\/kamildrzeniek.pl\/?page_id=343\" \/>\n<meta property=\"article:modified_time\" content=\"2025-01-28T12:10:36+00:00\" \/>\n<meta property=\"og:image\" content=\"https:\/\/kamil-drzeniek.pl\/wp-content\/uploads\/2025\/01\/jubileuszowa-734x1024-1.png\" \/>\n<meta name=\"twitter:card\" content=\"summary_large_image\" \/>\n<meta name=\"twitter:label1\" content=\"Szacowany czas czytania\" \/>\n\t<meta name=\"twitter:data1\" content=\"1 minuta\" \/>\n<script type=\"application\/ld+json\" class=\"yoast-schema-graph\">{\"@context\":\"https:\/\/schema.org\",\"@graph\":[{\"@type\":\"WebPage\",\"@id\":\"https:\/\/kamildrzeniek.pl\/?page_id=343\",\"url\":\"https:\/\/kamildrzeniek.pl\/?page_id=343\",\"name\":\"OFERTA JUBILEUSZOWA -\",\"isPartOf\":{\"@id\":\"https:\/\/kamildrzeniek.pl\/#website\"},\"datePublished\":\"2022-01-20T15:04:35+00:00\",\"dateModified\":\"2025-01-28T12:10:36+00:00\",\"breadcrumb\":{\"@id\":\"https:\/\/kamildrzeniek.pl\/?page_id=343#breadcrumb\"},\"inLanguage\":\"pl-PL\",\"potentialAction\":[{\"@type\":\"ReadAction\",\"target\":[\"https:\/\/kamildrzeniek.pl\/?page_id=343\"]}]},{\"@type\":\"BreadcrumbList\",\"@id\":\"https:\/\/kamildrzeniek.pl\/?page_id=343#breadcrumb\",\"itemListElement\":[{\"@type\":\"ListItem\",\"position\":1,\"name\":\"Home\",\"item\":\"https:\/\/kamildrzeniek.pl\/\"},{\"@type\":\"ListItem\",\"position\":2,\"name\":\"OFERTA JUBILEUSZOWA\"}]},{\"@type\":\"WebSite\",\"@id\":\"https:\/\/kamildrzeniek.pl\/#website\",\"url\":\"https:\/\/kamildrzeniek.pl\/\",\"name\":\"\",\"description\":\"\",\"potentialAction\":[{\"@type\":\"SearchAction\",\"target\":{\"@type\":\"EntryPoint\",\"urlTemplate\":\"https:\/\/kamildrzeniek.pl\/?s={search_term_string}\"},\"query-input\":\"required name=search_term_string\"}],\"inLanguage\":\"pl-PL\"}]}<\/script>\n<!-- \/ Yoast SEO plugin. -->","yoast_head_json":{"title":"OFERTA JUBILEUSZOWA -","robots":{"index":"index","follow":"follow","max-snippet":"max-snippet:-1","max-image-preview":"max-image-preview:large","max-video-preview":"max-video-preview:-1"},"canonical":"https:\/\/kamildrzeniek.pl\/?page_id=343","og_locale":"pl_PL","og_type":"article","og_title":"OFERTA JUBILEUSZOWA -","og_description":"Okr\u0105g\u0142e jubileusze czy te\u017c imprezy okoliczno\u015bciowe r\u00f3wnie\u017c s\u0105 bliskie naszemu filmowemu sercu! \u00a0 \u00a0Z\u0142ote Gody, Studni\u00f3wka, I Komunia Swi\u0119ta, Jubileuszowe urodziny a mo\u017ce co\u015b zupe\u0142nie innego? Z przyjemno\u015bci\u0105 pojawimy si\u0119 na Twojej imprezie! \u00a0 Do ka\u017cdego tego typu zlecenia podchodzimy indywidualnie &#8211; przed realizacj\u0105 aran\u017cujemy spotkanie i razem z Wami ustalamy jak ma wygl\u0105da\u0107 Nasza praca i jakie macie oczekiwania co do pami\u0105tkowego reporta\u017cu. \u00a0 Zrobimy tak, jak oczekujecie! To przecie\u017c bardzo wa\u017cny dzie\u0144 i wszystko musi by\u0107 na TIP TOP!","og_url":"https:\/\/kamildrzeniek.pl\/?page_id=343","article_modified_time":"2025-01-28T12:10:36+00:00","og_image":[{"url":"https:\/\/kamil-drzeniek.pl\/wp-content\/uploads\/2025\/01\/jubileuszowa-734x1024-1.png"}],"twitter_card":"summary_large_image","twitter_misc":{"Szacowany czas czytania":"1 minuta"},"schema":{"@context":"https:\/\/schema.org","@graph":[{"@type":"WebPage","@id":"https:\/\/kamildrzeniek.pl\/?page_id=343","url":"https:\/\/kamildrzeniek.pl\/?page_id=343","name":"OFERTA JUBILEUSZOWA -","isPartOf":{"@id":"https:\/\/kamildrzeniek.pl\/#website"},"datePublished":"2022-01-20T15:04:35+00:00","dateModified":"2025-01-28T12:10:36+00:00","breadcrumb":{"@id":"https:\/\/kamildrzeniek.pl\/?page_id=343#breadcrumb"},"inLanguage":"pl-PL","potentialAction":[{"@type":"ReadAction","target":["https:\/\/kamildrzeniek.pl\/?page_id=343"]}]},{"@type":"BreadcrumbList","@id":"https:\/\/kamildrzeniek.pl\/?page_id=343#breadcrumb","itemListElement":[{"@type":"ListItem","position":1,"name":"Home","item":"https:\/\/kamildrzeniek.pl\/"},{"@type":"ListItem","position":2,"name":"OFERTA JUBILEUSZOWA"}]},{"@type":"WebSite","@id":"https:\/\/kamildrzeniek.pl\/#website","url":"https:\/\/kamildrzeniek.pl\/","name":"","description":"","potentialAction":[{"@type":"SearchAction","target":{"@type":"EntryPoint","urlTemplate":"https:\/\/kamildrzeniek.pl\/?s={search_term_string}"},"query-input":"required name=search_term_string"}],"inLanguage":"pl-PL"}]}},"_links":{"self":[{"href":"https:\/\/kamildrzeniek.pl\/index.php?rest_route=\/wp\/v2\/pages\/343","targetHints":{"allow":["GET"]}}],"collection":[{"href":"https:\/\/kamildrzeniek.pl\/index.php?rest_route=\/wp\/v2\/pages"}],"about":[{"href":"https:\/\/kamildrzeniek.pl\/index.php?rest_route=\/wp\/v2\/types\/page"}],"author":[{"embeddable":true,"href":"https:\/\/kamildrzeniek.pl\/index.php?rest_route=\/wp\/v2\/users\/1"}],"replies":[{"embeddable":true,"href":"https:\/\/kamildrzeniek.pl\/index.php?rest_route=%2Fwp%2Fv2%2Fcomments&post=343"}],"version-history":[{"count":22,"href":"https:\/\/kamildrzeniek.pl\/index.php?rest_route=\/wp\/v2\/pages\/343\/revisions"}],"predecessor-version":[{"id":1066,"href":"https:\/\/kamildrzeniek.pl\/index.php?rest_route=\/wp\/v2\/pages\/343\/revisions\/1066"}],"wp:attachment":[{"href":"https:\/\/kamildrzeniek.pl\/index.php?rest_route=%2Fwp%2Fv2%2Fmedia&parent=343"}],"curies":[{"name":"wp","href":"https:\/\/api.w.org\/{rel}","templated":true}]}}