{"id":339,"date":"2022-01-20T16:04:00","date_gmt":"2022-01-20T15:04:00","guid":{"rendered":"http:\/\/kamildrzeniek.pl\/?page_id=339"},"modified":"2023-03-30T11:14:04","modified_gmt":"2023-03-30T09:14:04","slug":"spoty-reklamowe","status":"publish","type":"page","link":"https:\/\/kamildrzeniek.pl\/?page_id=339","title":{"rendered":"SPOTY REKLAMOWE"},"content":{"rendered":"\t\t<div data-elementor-type=\"wp-page\" data-elementor-id=\"339\" class=\"elementor elementor-339\">\n\t\t\t\t\t\t\t\t\t<section class=\"elementor-section elementor-top-section elementor-element elementor-element-1afb2d0 elementor-section-stretched elementor-section-boxed elementor-section-height-default elementor-section-height-default\" data-id=\"1afb2d0\" data-element_type=\"section\" data-settings=\"{&quot;stretch_section&quot;:&quot;section-stretched&quot;}\">\n\t\t\t\t\t\t<div class=\"elementor-container elementor-column-gap-default\">\n\t\t\t\t\t<div class=\"elementor-column elementor-col-50 elementor-top-column elementor-element elementor-element-0bc5974\" data-id=\"0bc5974\" data-element_type=\"column\">\n\t\t\t<div class=\"elementor-widget-wrap elementor-element-populated\">\n\t\t\t\t\t\t\t\t<div class=\"elementor-element elementor-element-82f52c3 elementor-widget elementor-widget-text-editor\" data-id=\"82f52c3\" data-element_type=\"widget\" data-widget_type=\"text-editor.default\">\n\t\t\t\t<div class=\"elementor-widget-container\">\n\t\t\t<style>\/*! elementor - v3.18.0 - 20-12-2023 *\/\n.elementor-widget-text-editor.elementor-drop-cap-view-stacked .elementor-drop-cap{background-color:#69727d;color:#fff}.elementor-widget-text-editor.elementor-drop-cap-view-framed .elementor-drop-cap{color:#69727d;border:3px solid;background-color:transparent}.elementor-widget-text-editor:not(.elementor-drop-cap-view-default) .elementor-drop-cap{margin-top:8px}.elementor-widget-text-editor:not(.elementor-drop-cap-view-default) .elementor-drop-cap-letter{width:1em;height:1em}.elementor-widget-text-editor .elementor-drop-cap{float:left;text-align:center;line-height:1;font-size:50px}.elementor-widget-text-editor .elementor-drop-cap-letter{display:inline-block}<\/style>\t\t\t\t<h2>SPECJALIZUJEMY SI\u0118 R\u00d3WNIE\u017b W TWORZENIU SPOT\u00d3W REKLAMOWYCH. FILM PROMOCYJNY TO DOSKONA\u0141Y SPOS\u00d3B NA PRZYCI\u0104GNI\u0118CIE NOWYCH KLIENT\u00d3W DLA PA\u0143STWA FIRMY.\u00a0<\/h2><div>\u00a0<\/div><h6>Obraz dzisiejszego \u015bwiata z roku na rok udowadnia, \u017ce na rynku handlu i us\u0142ug pojawia si\u0119 coraz wi\u0119cej firm, przez co zaostrza si\u0119 konkurencja, a si\u0142a przebicia nie jest ju\u017c taka jak w latach poprzednich. Doskona\u0142\u0105 form\u0105 kontrataku dla takiej sytuacji jest stworzenie filmu promocyjnego, kt\u00f3ry wyr\u00f3\u017cni pa\u0144stwa firm\u0119 na tle konkurencji.\u00a0<\/h6><h6>\u00a0<\/h6><h6>Nie ma w\u0105tpliwo\u015bci, \u017ce reklama w Internecie przebija t\u0105 telewizyjn\u0105, dlatego nie ma lepszego sposobu na reklam\u0119 swojej dzia\u0142alno\u015bci. Jeste\u015b zainteresowany? Czekam na kontakt.\u00a0<\/h6><p>\u00a0<\/p>\t\t\t\t\t\t<\/div>\n\t\t\t\t<\/div>\n\t\t\t\t\t<\/div>\n\t\t<\/div>\n\t\t\t\t<div class=\"elementor-column elementor-col-50 elementor-top-column elementor-element elementor-element-a0e9756\" data-id=\"a0e9756\" data-element_type=\"column\">\n\t\t\t<div class=\"elementor-widget-wrap elementor-element-populated\">\n\t\t\t\t\t\t\t\t<div class=\"elementor-element elementor-element-c679cca elementor-widget elementor-widget-image\" data-id=\"c679cca\" data-element_type=\"widget\" data-widget_type=\"image.default\">\n\t\t\t\t<div class=\"elementor-widget-container\">\n\t\t\t<style>\/*! elementor - v3.18.0 - 20-12-2023 *\/\n.elementor-widget-image{text-align:center}.elementor-widget-image a{display:inline-block}.elementor-widget-image a img[src$=\".svg\"]{width:48px}.elementor-widget-image img{vertical-align:middle;display:inline-block}<\/style>\t\t\t\t\t\t\t\t\t\t\t\t<img fetchpriority=\"high\" decoding=\"async\" width=\"920\" height=\"826\" src=\"https:\/\/kamildrzeniek.pl\/wp-content\/uploads\/2022\/01\/unnamed-file-1024x919.jpg\" class=\"attachment-large size-large wp-image-506\" alt=\"\" srcset=\"https:\/\/kamildrzeniek.pl\/wp-content\/uploads\/2022\/01\/unnamed-file-1024x919.jpg 1024w, https:\/\/kamildrzeniek.pl\/wp-content\/uploads\/2022\/01\/unnamed-file-300x269.jpg 300w, https:\/\/kamildrzeniek.pl\/wp-content\/uploads\/2022\/01\/unnamed-file-768x689.jpg 768w, https:\/\/kamildrzeniek.pl\/wp-content\/uploads\/2022\/01\/unnamed-file.jpg 1500w\" sizes=\"(max-width: 920px) 100vw, 920px\" \/>\t\t\t\t\t\t\t\t\t\t\t\t\t\t\t<\/div>\n\t\t\t\t<\/div>\n\t\t\t\t\t<\/div>\n\t\t<\/div>\n\t\t\t\t\t\t\t<\/div>\n\t\t<\/section>\n\t\t\t\t<section class=\"elementor-section elementor-top-section elementor-element elementor-element-fe3a408 elementor-section-boxed elementor-section-height-default elementor-section-height-default\" data-id=\"fe3a408\" data-element_type=\"section\">\n\t\t\t\t\t\t<div class=\"elementor-container elementor-column-gap-default\">\n\t\t\t\t\t<div class=\"elementor-column elementor-col-100 elementor-top-column elementor-element elementor-element-d1e6ac5\" data-id=\"d1e6ac5\" data-element_type=\"column\">\n\t\t\t<div class=\"elementor-widget-wrap elementor-element-populated\">\n\t\t\t\t\t\t\t\t<div class=\"elementor-element elementor-element-1239c64 elementor-widget elementor-widget-heading\" data-id=\"1239c64\" data-element_type=\"widget\" data-widget_type=\"heading.default\">\n\t\t\t\t<div class=\"elementor-widget-container\">\n\t\t\t<style>\/*! elementor - v3.18.0 - 20-12-2023 *\/\n.elementor-heading-title{padding:0;margin:0;line-height:1}.elementor-widget-heading .elementor-heading-title[class*=elementor-size-]>a{color:inherit;font-size:inherit;line-height:inherit}.elementor-widget-heading .elementor-heading-title.elementor-size-small{font-size:15px}.elementor-widget-heading .elementor-heading-title.elementor-size-medium{font-size:19px}.elementor-widget-heading .elementor-heading-title.elementor-size-large{font-size:29px}.elementor-widget-heading .elementor-heading-title.elementor-size-xl{font-size:39px}.elementor-widget-heading .elementor-heading-title.elementor-size-xxl{font-size:59px}<\/style><h2 class=\"elementor-heading-title elementor-size-default\">- PRZYK\u0141ADOWE REALIZACJE FILMOWE - <\/h2>\t\t<\/div>\n\t\t\t\t<\/div>\n\t\t\t\t\t<\/div>\n\t\t<\/div>\n\t\t\t\t\t\t\t<\/div>\n\t\t<\/section>\n\t\t\t\t<section class=\"elementor-section elementor-top-section elementor-element elementor-element-24c97bb elementor-section-boxed elementor-section-height-default elementor-section-height-default\" data-id=\"24c97bb\" data-element_type=\"section\">\n\t\t\t\t\t\t<div class=\"elementor-container elementor-column-gap-default\">\n\t\t\t\t\t<div class=\"elementor-column elementor-col-50 elementor-top-column elementor-element elementor-element-91b95aa\" data-id=\"91b95aa\" data-element_type=\"column\">\n\t\t\t<div class=\"elementor-widget-wrap elementor-element-populated\">\n\t\t\t\t\t\t\t\t<div class=\"elementor-element elementor-element-f6fa5a9 elementor-widget elementor-widget-video\" data-id=\"f6fa5a9\" data-element_type=\"widget\" data-settings=\"{&quot;youtube_url&quot;:&quot;https:\\\/\\\/youtu.be\\\/Hh-i7AN0pao&quot;,&quot;show_image_overlay&quot;:&quot;yes&quot;,&quot;image_overlay&quot;:{&quot;url&quot;:&quot;https:\\\/\\\/kamildrzeniek.pl\\\/wp-content\\\/uploads\\\/2023\\\/03\\\/pod.jpg&quot;,&quot;id&quot;:1008,&quot;size&quot;:&quot;&quot;,&quot;alt&quot;:&quot;&quot;,&quot;source&quot;:&quot;library&quot;},&quot;video_type&quot;:&quot;youtube&quot;,&quot;controls&quot;:&quot;yes&quot;}\" data-widget_type=\"video.default\">\n\t\t\t\t<div class=\"elementor-widget-container\">\n\t\t\t<style>\/*! elementor - v3.18.0 - 20-12-2023 *\/\n.elementor-widget-video .elementor-widget-container{overflow:hidden;transform:translateZ(0)}.elementor-widget-video .elementor-wrapper{aspect-ratio:var(--video-aspect-ratio)}.elementor-widget-video .elementor-wrapper iframe,.elementor-widget-video .elementor-wrapper video{height:100%;width:100%;display:flex;border:none;background-color:#000}@supports not (aspect-ratio:1\/1){.elementor-widget-video .elementor-wrapper{position:relative;overflow:hidden;height:0;padding-bottom:calc(100% \/ var(--video-aspect-ratio))}.elementor-widget-video .elementor-wrapper iframe,.elementor-widget-video .elementor-wrapper video{position:absolute;top:0;right:0;bottom:0;left:0}}.elementor-widget-video .elementor-open-inline .elementor-custom-embed-image-overlay{position:absolute;top:0;right:0;bottom:0;left:0;background-size:cover;background-position:50%}.elementor-widget-video .elementor-custom-embed-image-overlay{cursor:pointer;text-align:center}.elementor-widget-video .elementor-custom-embed-image-overlay:hover .elementor-custom-embed-play i{opacity:1}.elementor-widget-video .elementor-custom-embed-image-overlay img{display:block;width:100%;aspect-ratio:var(--video-aspect-ratio);-o-object-fit:cover;object-fit:cover;-o-object-position:center center;object-position:center center}@supports not (aspect-ratio:1\/1){.elementor-widget-video .elementor-custom-embed-image-overlay{position:relative;overflow:hidden;height:0;padding-bottom:calc(100% \/ var(--video-aspect-ratio))}.elementor-widget-video .elementor-custom-embed-image-overlay img{position:absolute;top:0;right:0;bottom:0;left:0}}.elementor-widget-video .e-hosted-video .elementor-video{-o-object-fit:cover;object-fit:cover}.e-con-inner>.elementor-widget-video,.e-con>.elementor-widget-video{width:var(--container-widget-width);--flex-grow:var(--container-widget-flex-grow)}<\/style>\t\t<div class=\"elementor-wrapper elementor-open-inline\">\n\t\t\t<div class=\"elementor-video\"><\/div>\t\t\t\t<div class=\"elementor-custom-embed-image-overlay\" style=\"background-image: url(https:\/\/kamildrzeniek.pl\/wp-content\/uploads\/2023\/03\/pod-768x432.jpg);\">\n\t\t\t\t\t\t\t\t\t\t\t\t\t\t\t\t<div class=\"elementor-custom-embed-play\" role=\"button\" aria-label=\"Odtw\u00f3rz wideo\" tabindex=\"0\">\n\t\t\t\t\t\t\t<i aria-hidden=\"true\" class=\"eicon-play\"><\/i>\t\t\t\t\t\t\t<span class=\"elementor-screen-only\">Odtw\u00f3rz wideo<\/span>\n\t\t\t\t\t\t<\/div>\n\t\t\t\t\t\t\t\t\t<\/div>\n\t\t\t\t\t<\/div>\n\t\t\t\t<\/div>\n\t\t\t\t<\/div>\n\t\t\t\t\t<\/div>\n\t\t<\/div>\n\t\t\t\t<div class=\"elementor-column elementor-col-50 elementor-top-column elementor-element elementor-element-5b061fd\" data-id=\"5b061fd\" data-element_type=\"column\">\n\t\t\t<div class=\"elementor-widget-wrap elementor-element-populated\">\n\t\t\t\t\t\t\t\t<div class=\"elementor-element elementor-element-5942298 elementor-widget elementor-widget-video\" data-id=\"5942298\" data-element_type=\"widget\" data-settings=\"{&quot;youtube_url&quot;:&quot;https:\\\/\\\/youtu.be\\\/mcwaqNuEwA4&quot;,&quot;show_image_overlay&quot;:&quot;yes&quot;,&quot;image_overlay&quot;:{&quot;url&quot;:&quot;https:\\\/\\\/kamildrzeniek.pl\\\/wp-content\\\/uploads\\\/2023\\\/03\\\/KLUCZE.jpg&quot;,&quot;id&quot;:1009,&quot;size&quot;:&quot;&quot;,&quot;alt&quot;:&quot;&quot;,&quot;source&quot;:&quot;library&quot;},&quot;video_type&quot;:&quot;youtube&quot;,&quot;controls&quot;:&quot;yes&quot;}\" data-widget_type=\"video.default\">\n\t\t\t\t<div class=\"elementor-widget-container\">\n\t\t\t\t\t<div class=\"elementor-wrapper elementor-open-inline\">\n\t\t\t<div class=\"elementor-video\"><\/div>\t\t\t\t<div class=\"elementor-custom-embed-image-overlay\" style=\"background-image: url(https:\/\/kamildrzeniek.pl\/wp-content\/uploads\/2023\/03\/KLUCZE.jpg);\">\n\t\t\t\t\t\t\t\t\t\t\t\t\t\t\t\t<div class=\"elementor-custom-embed-play\" role=\"button\" aria-label=\"Odtw\u00f3rz wideo\" tabindex=\"0\">\n\t\t\t\t\t\t\t<i aria-hidden=\"true\" class=\"eicon-play\"><\/i>\t\t\t\t\t\t\t<span class=\"elementor-screen-only\">Odtw\u00f3rz wideo<\/span>\n\t\t\t\t\t\t<\/div>\n\t\t\t\t\t\t\t\t\t<\/div>\n\t\t\t\t\t<\/div>\n\t\t\t\t<\/div>\n\t\t\t\t<\/div>\n\t\t\t\t\t<\/div>\n\t\t<\/div>\n\t\t\t\t\t\t\t<\/div>\n\t\t<\/section>\n\t\t\t\t<section class=\"elementor-section elementor-top-section elementor-element elementor-element-6fd5cd6 elementor-section-boxed elementor-section-height-default elementor-section-height-default\" data-id=\"6fd5cd6\" data-element_type=\"section\">\n\t\t\t\t\t\t<div class=\"elementor-container elementor-column-gap-default\">\n\t\t\t\t\t<div class=\"elementor-column elementor-col-50 elementor-top-column elementor-element elementor-element-edc78c6\" data-id=\"edc78c6\" data-element_type=\"column\">\n\t\t\t<div class=\"elementor-widget-wrap elementor-element-populated\">\n\t\t\t\t\t\t\t\t<div class=\"elementor-element elementor-element-c30050b elementor-widget elementor-widget-heading\" data-id=\"c30050b\" data-element_type=\"widget\" data-widget_type=\"heading.default\">\n\t\t\t\t<div class=\"elementor-widget-container\">\n\t\t\t<h6 class=\"elementor-heading-title elementor-size-medium\">KGW PODBUCZE - MATERIA\u0141 DLA TVP KOBIETA<\/h6>\t\t<\/div>\n\t\t\t\t<\/div>\n\t\t\t\t\t<\/div>\n\t\t<\/div>\n\t\t\t\t<div class=\"elementor-column elementor-col-50 elementor-top-column elementor-element elementor-element-3185d36\" data-id=\"3185d36\" data-element_type=\"column\">\n\t\t\t<div class=\"elementor-widget-wrap elementor-element-populated\">\n\t\t\t\t\t\t\t\t<div class=\"elementor-element elementor-element-f656ae4 elementor-widget elementor-widget-heading\" data-id=\"f656ae4\" data-element_type=\"widget\" data-widget_type=\"heading.default\">\n\t\t\t\t<div class=\"elementor-widget-container\">\n\t\t\t<h6 class=\"elementor-heading-title elementor-size-medium\">EKSPRESOWE DORABIANIE KLUCZY - WODZIS\u0141AW \u015aL.<\/h6>\t\t<\/div>\n\t\t\t\t<\/div>\n\t\t\t\t\t<\/div>\n\t\t<\/div>\n\t\t\t\t\t\t\t<\/div>\n\t\t<\/section>\n\t\t\t\t<section class=\"elementor-section elementor-top-section elementor-element elementor-element-71aace1 elementor-section-boxed elementor-section-height-default elementor-section-height-default\" data-id=\"71aace1\" data-element_type=\"section\">\n\t\t\t\t\t\t<div class=\"elementor-container elementor-column-gap-default\">\n\t\t\t\t\t<div class=\"elementor-column elementor-col-100 elementor-top-column elementor-element elementor-element-17dc326\" data-id=\"17dc326\" data-element_type=\"column\">\n\t\t\t<div class=\"elementor-widget-wrap elementor-element-populated\">\n\t\t\t\t\t\t\t\t<div class=\"elementor-element elementor-element-b655bcf elementor-widget elementor-widget-video\" data-id=\"b655bcf\" data-element_type=\"widget\" data-settings=\"{&quot;youtube_url&quot;:&quot;https:\\\/\\\/youtu.be\\\/QPJH3uSeOPQ&quot;,&quot;show_image_overlay&quot;:&quot;yes&quot;,&quot;image_overlay&quot;:{&quot;url&quot;:&quot;https:\\\/\\\/kamildrzeniek.pl\\\/wp-content\\\/uploads\\\/2023\\\/03\\\/Bez-nazwy-2.jpg&quot;,&quot;id&quot;:1013,&quot;size&quot;:&quot;&quot;,&quot;alt&quot;:&quot;&quot;,&quot;source&quot;:&quot;library&quot;},&quot;video_type&quot;:&quot;youtube&quot;,&quot;controls&quot;:&quot;yes&quot;}\" data-widget_type=\"video.default\">\n\t\t\t\t<div class=\"elementor-widget-container\">\n\t\t\t\t\t<div class=\"elementor-wrapper elementor-open-inline\">\n\t\t\t<div class=\"elementor-video\"><\/div>\t\t\t\t<div class=\"elementor-custom-embed-image-overlay\" style=\"background-image: url(https:\/\/kamildrzeniek.pl\/wp-content\/uploads\/2023\/03\/Bez-nazwy-2.jpg);\">\n\t\t\t\t\t\t\t\t\t\t\t\t\t\t\t\t<div class=\"elementor-custom-embed-play\" role=\"button\" aria-label=\"Odtw\u00f3rz wideo\" tabindex=\"0\">\n\t\t\t\t\t\t\t<i aria-hidden=\"true\" class=\"eicon-play\"><\/i>\t\t\t\t\t\t\t<span class=\"elementor-screen-only\">Odtw\u00f3rz wideo<\/span>\n\t\t\t\t\t\t<\/div>\n\t\t\t\t\t\t\t\t\t<\/div>\n\t\t\t\t\t<\/div>\n\t\t\t\t<\/div>\n\t\t\t\t<\/div>\n\t\t\t\t\t<\/div>\n\t\t<\/div>\n\t\t\t\t\t\t\t<\/div>\n\t\t<\/section>\n\t\t\t\t<section class=\"elementor-section elementor-top-section elementor-element elementor-element-b110a08 elementor-section-boxed elementor-section-height-default elementor-section-height-default\" data-id=\"b110a08\" data-element_type=\"section\">\n\t\t\t\t\t\t<div class=\"elementor-container elementor-column-gap-default\">\n\t\t\t\t\t<div class=\"elementor-column elementor-col-100 elementor-top-column elementor-element elementor-element-b85fa37\" data-id=\"b85fa37\" data-element_type=\"column\">\n\t\t\t<div class=\"elementor-widget-wrap elementor-element-populated\">\n\t\t\t\t\t\t\t\t<div class=\"elementor-element elementor-element-02034c1 elementor-widget elementor-widget-heading\" data-id=\"02034c1\" data-element_type=\"widget\" data-widget_type=\"heading.default\">\n\t\t\t\t<div class=\"elementor-widget-container\">\n\t\t\t<h6 class=\"elementor-heading-title elementor-size-large\">PRODUCENT GARNITUR\u00d3W & KOSZUL DORIS SIMON - SPOT REKLAMOWY<\/h6>\t\t<\/div>\n\t\t\t\t<\/div>\n\t\t\t\t\t<\/div>\n\t\t<\/div>\n\t\t\t\t\t\t\t<\/div>\n\t\t<\/section>\n\t\t\t\t\t\t\t<\/div>\n\t\t","protected":false},"excerpt":{"rendered":"<p>SPECJALIZUJEMY SI\u0118 R\u00d3WNIE\u017b W TWORZENIU SPOT\u00d3W REKLAMOWYCH. FILM PROMOCYJNY TO DOSKONA\u0141Y SPOS\u00d3B NA PRZYCI\u0104GNI\u0118CIE NOWYCH KLIENT\u00d3W DLA PA\u0143STWA FIRMY.\u00a0 \u00a0 Obraz dzisiejszego \u015bwiata z roku na rok udowadnia, \u017ce na rynku handlu i us\u0142ug pojawia si\u0119 coraz wi\u0119cej firm, przez co zaostrza si\u0119 konkurencja, a si\u0142a przebicia nie jest ju\u017c taka jak w latach poprzednich. Doskona\u0142\u0105 form\u0105 kontrataku dla takiej sytuacji jest stworzenie filmu promocyjnego, kt\u00f3ry wyr\u00f3\u017cni pa\u0144stwa firm\u0119 na tle konkurencji.\u00a0 \u00a0 Nie ma w\u0105tpliwo\u015bci, \u017ce reklama w Internecie przebija t\u0105 telewizyjn\u0105, dlatego nie ma lepszego sposobu na reklam\u0119 swojej dzia\u0142alno\u015bci. Jeste\u015b zainteresowany? Czekam na kontakt.\u00a0 \u00a0 &#8211; PRZYK\u0141ADOWE REALIZACJE FILMOWE &#8211; https:\/\/youtu.be\/Hh-i7AN0paohttps:\/\/youtu.be\/mcwaqNuEwA4 KGW PODBUCZE &#8211; MATERIA\u0141 DLA TVP KOBIETA EKSPRESOWE DORABIANIE KLUCZY &#8211; WODZIS\u0141AW \u015aL. PRODUCENT GARNITUR\u00d3W &#038; KOSZUL DORIS SIMON &#8211; SPOT REKLAMOWY<\/p>\n","protected":false},"author":1,"featured_media":0,"parent":0,"menu_order":0,"comment_status":"closed","ping_status":"closed","template":"elementor_header_footer","meta":{"footnotes":""},"class_list":["post-339","page","type-page","status-publish","hentry"],"yoast_head":"<!-- This site is optimized with the Yoast SEO plugin v21.7 - https:\/\/yoast.com\/wordpress\/plugins\/seo\/ -->\n<title>SPOTY REKLAMOWE -<\/title>\n<meta name=\"robots\" content=\"index, follow, max-snippet:-1, max-image-preview:large, max-video-preview:-1\" \/>\n<link rel=\"canonical\" href=\"https:\/\/kamildrzeniek.pl\/?page_id=339\" \/>\n<meta property=\"og:locale\" content=\"pl_PL\" \/>\n<meta property=\"og:type\" content=\"article\" \/>\n<meta property=\"og:title\" content=\"SPOTY REKLAMOWE -\" \/>\n<meta property=\"og:description\" content=\"SPECJALIZUJEMY SI\u0118 R\u00d3WNIE\u017b W TWORZENIU SPOT\u00d3W REKLAMOWYCH. FILM PROMOCYJNY TO DOSKONA\u0141Y SPOS\u00d3B NA PRZYCI\u0104GNI\u0118CIE NOWYCH KLIENT\u00d3W DLA PA\u0143STWA FIRMY.\u00a0 \u00a0 Obraz dzisiejszego \u015bwiata z roku na rok udowadnia, \u017ce na rynku handlu i us\u0142ug pojawia si\u0119 coraz wi\u0119cej firm, przez co zaostrza si\u0119 konkurencja, a si\u0142a przebicia nie jest ju\u017c taka jak w latach poprzednich. Doskona\u0142\u0105 form\u0105 kontrataku dla takiej sytuacji jest stworzenie filmu promocyjnego, kt\u00f3ry wyr\u00f3\u017cni pa\u0144stwa firm\u0119 na tle konkurencji.\u00a0 \u00a0 Nie ma w\u0105tpliwo\u015bci, \u017ce reklama w Internecie przebija t\u0105 telewizyjn\u0105, dlatego nie ma lepszego sposobu na reklam\u0119 swojej dzia\u0142alno\u015bci. Jeste\u015b zainteresowany? Czekam na kontakt.\u00a0 \u00a0 &#8211; PRZYK\u0141ADOWE REALIZACJE FILMOWE &#8211; https:\/\/youtu.be\/Hh-i7AN0paohttps:\/\/youtu.be\/mcwaqNuEwA4 KGW PODBUCZE &#8211; MATERIA\u0141 DLA TVP KOBIETA EKSPRESOWE DORABIANIE KLUCZY &#8211; WODZIS\u0141AW \u015aL. PRODUCENT GARNITUR\u00d3W &#038; KOSZUL DORIS SIMON &#8211; SPOT REKLAMOWY\" \/>\n<meta property=\"og:url\" content=\"https:\/\/kamildrzeniek.pl\/?page_id=339\" \/>\n<meta property=\"article:modified_time\" content=\"2023-03-30T09:14:04+00:00\" \/>\n<meta property=\"og:image\" content=\"https:\/\/kamildrzeniek.pl\/wp-content\/uploads\/2022\/01\/unnamed-file-1024x919.jpg\" \/>\n<meta name=\"twitter:card\" content=\"summary_large_image\" \/>\n<meta name=\"twitter:label1\" content=\"Szacowany czas czytania\" \/>\n\t<meta name=\"twitter:data1\" content=\"1 minuta\" \/>\n<script type=\"application\/ld+json\" class=\"yoast-schema-graph\">{\"@context\":\"https:\/\/schema.org\",\"@graph\":[{\"@type\":\"WebPage\",\"@id\":\"https:\/\/kamildrzeniek.pl\/?page_id=339\",\"url\":\"https:\/\/kamildrzeniek.pl\/?page_id=339\",\"name\":\"SPOTY REKLAMOWE -\",\"isPartOf\":{\"@id\":\"https:\/\/kamildrzeniek.pl\/#website\"},\"datePublished\":\"2022-01-20T15:04:00+00:00\",\"dateModified\":\"2023-03-30T09:14:04+00:00\",\"breadcrumb\":{\"@id\":\"https:\/\/kamildrzeniek.pl\/?page_id=339#breadcrumb\"},\"inLanguage\":\"pl-PL\",\"potentialAction\":[{\"@type\":\"ReadAction\",\"target\":[\"https:\/\/kamildrzeniek.pl\/?page_id=339\"]}]},{\"@type\":\"BreadcrumbList\",\"@id\":\"https:\/\/kamildrzeniek.pl\/?page_id=339#breadcrumb\",\"itemListElement\":[{\"@type\":\"ListItem\",\"position\":1,\"name\":\"Home\",\"item\":\"https:\/\/kamildrzeniek.pl\/\"},{\"@type\":\"ListItem\",\"position\":2,\"name\":\"SPOTY REKLAMOWE\"}]},{\"@type\":\"WebSite\",\"@id\":\"https:\/\/kamildrzeniek.pl\/#website\",\"url\":\"https:\/\/kamildrzeniek.pl\/\",\"name\":\"\",\"description\":\"\",\"potentialAction\":[{\"@type\":\"SearchAction\",\"target\":{\"@type\":\"EntryPoint\",\"urlTemplate\":\"https:\/\/kamildrzeniek.pl\/?s={search_term_string}\"},\"query-input\":\"required name=search_term_string\"}],\"inLanguage\":\"pl-PL\"}]}<\/script>\n<!-- \/ Yoast SEO plugin. -->","yoast_head_json":{"title":"SPOTY REKLAMOWE -","robots":{"index":"index","follow":"follow","max-snippet":"max-snippet:-1","max-image-preview":"max-image-preview:large","max-video-preview":"max-video-preview:-1"},"canonical":"https:\/\/kamildrzeniek.pl\/?page_id=339","og_locale":"pl_PL","og_type":"article","og_title":"SPOTY REKLAMOWE -","og_description":"SPECJALIZUJEMY SI\u0118 R\u00d3WNIE\u017b W TWORZENIU SPOT\u00d3W REKLAMOWYCH. FILM PROMOCYJNY TO DOSKONA\u0141Y SPOS\u00d3B NA PRZYCI\u0104GNI\u0118CIE NOWYCH KLIENT\u00d3W DLA PA\u0143STWA FIRMY.\u00a0 \u00a0 Obraz dzisiejszego \u015bwiata z roku na rok udowadnia, \u017ce na rynku handlu i us\u0142ug pojawia si\u0119 coraz wi\u0119cej firm, przez co zaostrza si\u0119 konkurencja, a si\u0142a przebicia nie jest ju\u017c taka jak w latach poprzednich. Doskona\u0142\u0105 form\u0105 kontrataku dla takiej sytuacji jest stworzenie filmu promocyjnego, kt\u00f3ry wyr\u00f3\u017cni pa\u0144stwa firm\u0119 na tle konkurencji.\u00a0 \u00a0 Nie ma w\u0105tpliwo\u015bci, \u017ce reklama w Internecie przebija t\u0105 telewizyjn\u0105, dlatego nie ma lepszego sposobu na reklam\u0119 swojej dzia\u0142alno\u015bci. Jeste\u015b zainteresowany? Czekam na kontakt.\u00a0 \u00a0 &#8211; PRZYK\u0141ADOWE REALIZACJE FILMOWE &#8211; https:\/\/youtu.be\/Hh-i7AN0paohttps:\/\/youtu.be\/mcwaqNuEwA4 KGW PODBUCZE &#8211; MATERIA\u0141 DLA TVP KOBIETA EKSPRESOWE DORABIANIE KLUCZY &#8211; WODZIS\u0141AW \u015aL. PRODUCENT GARNITUR\u00d3W &#038; KOSZUL DORIS SIMON &#8211; SPOT REKLAMOWY","og_url":"https:\/\/kamildrzeniek.pl\/?page_id=339","article_modified_time":"2023-03-30T09:14:04+00:00","og_image":[{"url":"https:\/\/kamildrzeniek.pl\/wp-content\/uploads\/2022\/01\/unnamed-file-1024x919.jpg"}],"twitter_card":"summary_large_image","twitter_misc":{"Szacowany czas czytania":"1 minuta"},"schema":{"@context":"https:\/\/schema.org","@graph":[{"@type":"WebPage","@id":"https:\/\/kamildrzeniek.pl\/?page_id=339","url":"https:\/\/kamildrzeniek.pl\/?page_id=339","name":"SPOTY REKLAMOWE -","isPartOf":{"@id":"https:\/\/kamildrzeniek.pl\/#website"},"datePublished":"2022-01-20T15:04:00+00:00","dateModified":"2023-03-30T09:14:04+00:00","breadcrumb":{"@id":"https:\/\/kamildrzeniek.pl\/?page_id=339#breadcrumb"},"inLanguage":"pl-PL","potentialAction":[{"@type":"ReadAction","target":["https:\/\/kamildrzeniek.pl\/?page_id=339"]}]},{"@type":"BreadcrumbList","@id":"https:\/\/kamildrzeniek.pl\/?page_id=339#breadcrumb","itemListElement":[{"@type":"ListItem","position":1,"name":"Home","item":"https:\/\/kamildrzeniek.pl\/"},{"@type":"ListItem","position":2,"name":"SPOTY REKLAMOWE"}]},{"@type":"WebSite","@id":"https:\/\/kamildrzeniek.pl\/#website","url":"https:\/\/kamildrzeniek.pl\/","name":"","description":"","potentialAction":[{"@type":"SearchAction","target":{"@type":"EntryPoint","urlTemplate":"https:\/\/kamildrzeniek.pl\/?s={search_term_string}"},"query-input":"required name=search_term_string"}],"inLanguage":"pl-PL"}]}},"_links":{"self":[{"href":"https:\/\/kamildrzeniek.pl\/index.php?rest_route=\/wp\/v2\/pages\/339","targetHints":{"allow":["GET"]}}],"collection":[{"href":"https:\/\/kamildrzeniek.pl\/index.php?rest_route=\/wp\/v2\/pages"}],"about":[{"href":"https:\/\/kamildrzeniek.pl\/index.php?rest_route=\/wp\/v2\/types\/page"}],"author":[{"embeddable":true,"href":"https:\/\/kamildrzeniek.pl\/index.php?rest_route=\/wp\/v2\/users\/1"}],"replies":[{"embeddable":true,"href":"https:\/\/kamildrzeniek.pl\/index.php?rest_route=%2Fwp%2Fv2%2Fcomments&post=339"}],"version-history":[{"count":26,"href":"https:\/\/kamildrzeniek.pl\/index.php?rest_route=\/wp\/v2\/pages\/339\/revisions"}],"predecessor-version":[{"id":1026,"href":"https:\/\/kamildrzeniek.pl\/index.php?rest_route=\/wp\/v2\/pages\/339\/revisions\/1026"}],"wp:attachment":[{"href":"https:\/\/kamildrzeniek.pl\/index.php?rest_route=%2Fwp%2Fv2%2Fmedia&parent=339"}],"curies":[{"name":"wp","href":"https:\/\/api.w.org\/{rel}","templated":true}]}}