{"id":315,"date":"2022-01-20T15:43:54","date_gmt":"2022-01-20T14:43:54","guid":{"rendered":"http:\/\/kamildrzeniek.pl\/?page_id=315"},"modified":"2022-01-20T15:47:43","modified_gmt":"2022-01-20T14:47:43","slug":"elementor-315","status":"publish","type":"page","link":"https:\/\/kamildrzeniek.pl\/?page_id=315","title":{"rendered":"SLASKISPORT.TV"},"content":{"rendered":"\t\t<div data-elementor-type=\"wp-page\" data-elementor-id=\"315\" class=\"elementor elementor-315\">\n\t\t\t\t\t\t\t\t\t<section class=\"elementor-section elementor-top-section elementor-element elementor-element-a0053ed elementor-section-full_width elementor-section-stretched elementor-section-height-default elementor-section-height-default\" data-id=\"a0053ed\" data-element_type=\"section\" data-settings=\"{&quot;stretch_section&quot;:&quot;section-stretched&quot;}\">\n\t\t\t\t\t\t<div class=\"elementor-container elementor-column-gap-default\">\n\t\t\t\t\t<div class=\"elementor-column elementor-col-50 elementor-top-column elementor-element elementor-element-5043ca4\" data-id=\"5043ca4\" data-element_type=\"column\">\n\t\t\t<div class=\"elementor-widget-wrap elementor-element-populated\">\n\t\t\t\t\t\t\t\t<div class=\"elementor-element elementor-element-be9b88d elementor-widget elementor-widget-image\" data-id=\"be9b88d\" data-element_type=\"widget\" data-widget_type=\"image.default\">\n\t\t\t\t<div class=\"elementor-widget-container\">\n\t\t\t<style>\/*! elementor - v3.18.0 - 20-12-2023 *\/\n.elementor-widget-image{text-align:center}.elementor-widget-image a{display:inline-block}.elementor-widget-image a img[src$=\".svg\"]{width:48px}.elementor-widget-image img{vertical-align:middle;display:inline-block}<\/style>\t\t\t\t\t\t\t\t\t\t\t\t<img fetchpriority=\"high\" decoding=\"async\" width=\"640\" height=\"640\" src=\"https:\/\/kamildrzeniek.pl\/wp-content\/uploads\/2022\/01\/inne2-640x640.jpg\" class=\"attachment-ect-service size-ect-service wp-image-132\" alt=\"\" srcset=\"https:\/\/kamildrzeniek.pl\/wp-content\/uploads\/2022\/01\/inne2-640x640.jpg 640w, https:\/\/kamildrzeniek.pl\/wp-content\/uploads\/2022\/01\/inne2-150x150.jpg 150w, https:\/\/kamildrzeniek.pl\/wp-content\/uploads\/2022\/01\/inne2-140x140.jpg 140w, https:\/\/kamildrzeniek.pl\/wp-content\/uploads\/2022\/01\/inne2-50x50.jpg 50w, https:\/\/kamildrzeniek.pl\/wp-content\/uploads\/2022\/01\/inne2-666x666.jpg 666w, https:\/\/kamildrzeniek.pl\/wp-content\/uploads\/2022\/01\/inne2-80x80.jpg 80w\" sizes=\"(max-width: 640px) 100vw, 640px\" \/>\t\t\t\t\t\t\t\t\t\t\t\t\t\t\t<\/div>\n\t\t\t\t<\/div>\n\t\t\t\t\t<\/div>\n\t\t<\/div>\n\t\t\t\t<div class=\"elementor-column elementor-col-50 elementor-top-column elementor-element elementor-element-26bd73a\" data-id=\"26bd73a\" data-element_type=\"column\">\n\t\t\t<div class=\"elementor-widget-wrap elementor-element-populated\">\n\t\t\t\t\t\t\t\t<div class=\"elementor-element elementor-element-175d973 elementor-widget elementor-widget-image\" data-id=\"175d973\" data-element_type=\"widget\" data-widget_type=\"image.default\">\n\t\t\t\t<div class=\"elementor-widget-container\">\n\t\t\t\t\t\t\t\t\t\t\t\t\t\t\t<img decoding=\"async\" width=\"329\" height=\"100\" src=\"https:\/\/kamildrzeniek.pl\/wp-content\/uploads\/2022\/01\/logo.png\" class=\"attachment-large size-large wp-image-207\" alt=\"\" srcset=\"https:\/\/kamildrzeniek.pl\/wp-content\/uploads\/2022\/01\/logo.png 329w, https:\/\/kamildrzeniek.pl\/wp-content\/uploads\/2022\/01\/logo-300x91.png 300w\" sizes=\"(max-width: 329px) 100vw, 329px\" \/>\t\t\t\t\t\t\t\t\t\t\t\t\t\t\t<\/div>\n\t\t\t\t<\/div>\n\t\t\t\t<div class=\"elementor-element elementor-element-114f58f elementor-widget elementor-widget-text-editor\" data-id=\"114f58f\" data-element_type=\"widget\" data-widget_type=\"text-editor.default\">\n\t\t\t\t<div class=\"elementor-widget-container\">\n\t\t\t<style>\/*! elementor - v3.18.0 - 20-12-2023 *\/\n.elementor-widget-text-editor.elementor-drop-cap-view-stacked .elementor-drop-cap{background-color:#69727d;color:#fff}.elementor-widget-text-editor.elementor-drop-cap-view-framed .elementor-drop-cap{color:#69727d;border:3px solid;background-color:transparent}.elementor-widget-text-editor:not(.elementor-drop-cap-view-default) .elementor-drop-cap{margin-top:8px}.elementor-widget-text-editor:not(.elementor-drop-cap-view-default) .elementor-drop-cap-letter{width:1em;height:1em}.elementor-widget-text-editor .elementor-drop-cap{float:left;text-align:center;line-height:1;font-size:50px}.elementor-widget-text-editor .elementor-drop-cap-letter{display:inline-block}<\/style>\t\t\t\t<h5 style=\"margin-top: 2em; text-align: justify;\">PORTAL SLASKISPORT.TV OD KILKUNASTU LAT DOSTARCZA PA\u0143STWU MATERIA\u0141Y SPORTOWE Z WOJEW\u00d3DZTWA \u015aL\u0104SKIEGO. POCZ\u0104TEK DZIA\u0141ALNO\u015aCI TO PRACA POD SZYLDEM SPORTSLASKI.EU, ALE PO MA\u0141YCH PRZETASOWANIACH W WASZYCH PRZEGL\u0104DARKACH WIDNIEJEMY JU\u017b JAKO SLASKISPORT.TV.&nbsp;<\/h5><p style=\"text-align: justify;\">Nasza kadra, kt\u00f3ra realizuje dla pa\u0144stwa sportowe przedsi\u0119wzi\u0119cia to ludzie z pasj\u0105, zara\u017ceni sportem, kt\u00f3rzy wiedz\u0119 sportow\u0105 nabywaj\u0105 wraz z porannym \u015bniadaniem. Nasze do\u015bwiadczenie w tej bran\u017cy si\u0119ga ju\u017c blisko dekady \u2013z tego powodu mog\u0105 by\u0107 pa\u0144stwo pewni, \u017ce realizacja jakichkolwiek materia\u0142\u00f3w odbywa\u0107 si\u0119 b\u0119dzie na bardzo wysokim poziomie. Do dyspozycji mamy najnowocze\u015bniejszy sprz\u0119t, dzi\u0119ki czemu jako\u015b\u0107 naszych materia\u0142\u00f3w b\u0119dzie przyjemna dla oka i doskona\u0142\u0105 form\u0105 pami\u0105tki<\/p>\t\t\t\t\t\t<\/div>\n\t\t\t\t<\/div>\n\t\t\t\t\t<\/div>\n\t\t<\/div>\n\t\t\t\t\t\t\t<\/div>\n\t\t<\/section>\n\t\t\t\t<section class=\"elementor-section elementor-top-section elementor-element elementor-element-36246c0 elementor-section-full_width elementor-section-stretched elementor-section-height-default elementor-section-height-default\" data-id=\"36246c0\" data-element_type=\"section\" data-settings=\"{&quot;stretch_section&quot;:&quot;section-stretched&quot;}\">\n\t\t\t\t\t\t<div class=\"elementor-container elementor-column-gap-default\">\n\t\t\t\t\t<div class=\"elementor-column elementor-col-50 elementor-top-column elementor-element elementor-element-49043ab\" data-id=\"49043ab\" data-element_type=\"column\">\n\t\t\t<div class=\"elementor-widget-wrap elementor-element-populated\">\n\t\t\t\t\t\t\t\t<div class=\"elementor-element elementor-element-fcfe1c5 elementor-shape-rounded elementor-grid-0 e-grid-align-center elementor-widget elementor-widget-social-icons\" data-id=\"fcfe1c5\" data-element_type=\"widget\" data-widget_type=\"social-icons.default\">\n\t\t\t\t<div class=\"elementor-widget-container\">\n\t\t\t<style>\/*! elementor - v3.18.0 - 20-12-2023 *\/\n.elementor-widget-social-icons.elementor-grid-0 .elementor-widget-container,.elementor-widget-social-icons.elementor-grid-mobile-0 .elementor-widget-container,.elementor-widget-social-icons.elementor-grid-tablet-0 .elementor-widget-container{line-height:1;font-size:0}.elementor-widget-social-icons:not(.elementor-grid-0):not(.elementor-grid-tablet-0):not(.elementor-grid-mobile-0) .elementor-grid{display:inline-grid}.elementor-widget-social-icons .elementor-grid{grid-column-gap:var(--grid-column-gap,5px);grid-row-gap:var(--grid-row-gap,5px);grid-template-columns:var(--grid-template-columns);justify-content:var(--justify-content,center);justify-items:var(--justify-content,center)}.elementor-icon.elementor-social-icon{font-size:var(--icon-size,25px);line-height:var(--icon-size,25px);width:calc(var(--icon-size, 25px) + 2 * var(--icon-padding, .5em));height:calc(var(--icon-size, 25px) + 2 * var(--icon-padding, .5em))}.elementor-social-icon{--e-social-icon-icon-color:#fff;display:inline-flex;background-color:#69727d;align-items:center;justify-content:center;text-align:center;cursor:pointer}.elementor-social-icon i{color:var(--e-social-icon-icon-color)}.elementor-social-icon svg{fill:var(--e-social-icon-icon-color)}.elementor-social-icon:last-child{margin:0}.elementor-social-icon:hover{opacity:.9;color:#fff}.elementor-social-icon-android{background-color:#a4c639}.elementor-social-icon-apple{background-color:#999}.elementor-social-icon-behance{background-color:#1769ff}.elementor-social-icon-bitbucket{background-color:#205081}.elementor-social-icon-codepen{background-color:#000}.elementor-social-icon-delicious{background-color:#39f}.elementor-social-icon-deviantart{background-color:#05cc47}.elementor-social-icon-digg{background-color:#005be2}.elementor-social-icon-dribbble{background-color:#ea4c89}.elementor-social-icon-elementor{background-color:#d30c5c}.elementor-social-icon-envelope{background-color:#ea4335}.elementor-social-icon-facebook,.elementor-social-icon-facebook-f{background-color:#3b5998}.elementor-social-icon-flickr{background-color:#0063dc}.elementor-social-icon-foursquare{background-color:#2d5be3}.elementor-social-icon-free-code-camp,.elementor-social-icon-freecodecamp{background-color:#006400}.elementor-social-icon-github{background-color:#333}.elementor-social-icon-gitlab{background-color:#e24329}.elementor-social-icon-globe{background-color:#69727d}.elementor-social-icon-google-plus,.elementor-social-icon-google-plus-g{background-color:#dd4b39}.elementor-social-icon-houzz{background-color:#7ac142}.elementor-social-icon-instagram{background-color:#262626}.elementor-social-icon-jsfiddle{background-color:#487aa2}.elementor-social-icon-link{background-color:#818a91}.elementor-social-icon-linkedin,.elementor-social-icon-linkedin-in{background-color:#0077b5}.elementor-social-icon-medium{background-color:#00ab6b}.elementor-social-icon-meetup{background-color:#ec1c40}.elementor-social-icon-mixcloud{background-color:#273a4b}.elementor-social-icon-odnoklassniki{background-color:#f4731c}.elementor-social-icon-pinterest{background-color:#bd081c}.elementor-social-icon-product-hunt{background-color:#da552f}.elementor-social-icon-reddit{background-color:#ff4500}.elementor-social-icon-rss{background-color:#f26522}.elementor-social-icon-shopping-cart{background-color:#4caf50}.elementor-social-icon-skype{background-color:#00aff0}.elementor-social-icon-slideshare{background-color:#0077b5}.elementor-social-icon-snapchat{background-color:#fffc00}.elementor-social-icon-soundcloud{background-color:#f80}.elementor-social-icon-spotify{background-color:#2ebd59}.elementor-social-icon-stack-overflow{background-color:#fe7a15}.elementor-social-icon-steam{background-color:#00adee}.elementor-social-icon-stumbleupon{background-color:#eb4924}.elementor-social-icon-telegram{background-color:#2ca5e0}.elementor-social-icon-thumb-tack{background-color:#1aa1d8}.elementor-social-icon-tripadvisor{background-color:#589442}.elementor-social-icon-tumblr{background-color:#35465c}.elementor-social-icon-twitch{background-color:#6441a5}.elementor-social-icon-twitter{background-color:#1da1f2}.elementor-social-icon-viber{background-color:#665cac}.elementor-social-icon-vimeo{background-color:#1ab7ea}.elementor-social-icon-vk{background-color:#45668e}.elementor-social-icon-weibo{background-color:#dd2430}.elementor-social-icon-weixin{background-color:#31a918}.elementor-social-icon-whatsapp{background-color:#25d366}.elementor-social-icon-wordpress{background-color:#21759b}.elementor-social-icon-xing{background-color:#026466}.elementor-social-icon-yelp{background-color:#af0606}.elementor-social-icon-youtube{background-color:#cd201f}.elementor-social-icon-500px{background-color:#0099e5}.elementor-shape-rounded .elementor-icon.elementor-social-icon{border-radius:10%}.elementor-shape-circle .elementor-icon.elementor-social-icon{border-radius:50%}<\/style>\t\t<div class=\"elementor-social-icons-wrapper elementor-grid\">\n\t\t\t\t\t\t\t<span class=\"elementor-grid-item\">\n\t\t\t\t\t<a class=\"elementor-icon elementor-social-icon elementor-social-icon-facebook elementor-repeater-item-f1ffbfc\" href=\"https:\/\/www.facebook.com\/slaskisport.tv\" target=\"_blank\">\n\t\t\t\t\t\t<span class=\"elementor-screen-only\">Facebook<\/span>\n\t\t\t\t\t\t<i class=\"fab fa-facebook\"><\/i>\t\t\t\t\t<\/a>\n\t\t\t\t<\/span>\n\t\t\t\t\t\t\t<span class=\"elementor-grid-item\">\n\t\t\t\t\t<a class=\"elementor-icon elementor-social-icon elementor-social-icon-youtube elementor-repeater-item-80e970d\" href=\"https:\/\/www.youtube.com\/c\/SportslaskieuTwojatelewizja\" target=\"_blank\">\n\t\t\t\t\t\t<span class=\"elementor-screen-only\">Youtube<\/span>\n\t\t\t\t\t\t<i class=\"fab fa-youtube\"><\/i>\t\t\t\t\t<\/a>\n\t\t\t\t<\/span>\n\t\t\t\t\t<\/div>\n\t\t\t\t<\/div>\n\t\t\t\t<\/div>\n\t\t\t\t\t<\/div>\n\t\t<\/div>\n\t\t\t\t<div class=\"elementor-column elementor-col-50 elementor-top-column elementor-element elementor-element-9111c5d\" data-id=\"9111c5d\" data-element_type=\"column\">\n\t\t\t<div class=\"elementor-widget-wrap elementor-element-populated\">\n\t\t\t\t\t\t\t\t<div class=\"elementor-element elementor-element-5c3934e elementor-align-center elementor-widget elementor-widget-button\" data-id=\"5c3934e\" data-element_type=\"widget\" data-widget_type=\"button.default\">\n\t\t\t\t<div class=\"elementor-widget-container\">\n\t\t\t\t\t<div class=\"elementor-button-wrapper\">\n\t\t\t<a class=\"elementor-button elementor-button-link elementor-size-lg\" href=\"http:\/\/slaskisport.tv\">\n\t\t\t\t\t\t<span class=\"elementor-button-content-wrapper\">\n\t\t\t\t\t\t<span class=\"elementor-button-text\">SLASKISPORT.TV<\/span>\n\t\t<\/span>\n\t\t\t\t\t<\/a>\n\t\t<\/div>\n\t\t\t\t<\/div>\n\t\t\t\t<\/div>\n\t\t\t\t\t<\/div>\n\t\t<\/div>\n\t\t\t\t\t\t\t<\/div>\n\t\t<\/section>\n\t\t\t\t\t\t\t<\/div>\n\t\t","protected":false},"excerpt":{"rendered":"<p>PORTAL SLASKISPORT.TV OD KILKUNASTU LAT DOSTARCZA PA\u0143STWU MATERIA\u0141Y SPORTOWE Z WOJEW\u00d3DZTWA \u015aL\u0104SKIEGO. POCZ\u0104TEK DZIA\u0141ALNO\u015aCI TO PRACA POD SZYLDEM SPORTSLASKI.EU, ALE PO MA\u0141YCH PRZETASOWANIACH W WASZYCH PRZEGL\u0104DARKACH WIDNIEJEMY JU\u017b JAKO SLASKISPORT.TV.&nbsp; Nasza kadra, kt\u00f3ra realizuje dla pa\u0144stwa sportowe przedsi\u0119wzi\u0119cia to ludzie z pasj\u0105, zara\u017ceni sportem, kt\u00f3rzy wiedz\u0119 sportow\u0105 nabywaj\u0105 wraz z porannym \u015bniadaniem. Nasze do\u015bwiadczenie w tej bran\u017cy si\u0119ga ju\u017c blisko dekady \u2013z tego powodu mog\u0105 by\u0107 pa\u0144stwo pewni, \u017ce realizacja jakichkolwiek materia\u0142\u00f3w odbywa\u0107 si\u0119 b\u0119dzie na bardzo wysokim poziomie. Do dyspozycji mamy najnowocze\u015bniejszy sprz\u0119t, dzi\u0119ki czemu jako\u015b\u0107 naszych materia\u0142\u00f3w b\u0119dzie przyjemna dla oka i doskona\u0142\u0105 form\u0105 pami\u0105tki Facebook Youtube SLASKISPORT.TV<\/p>\n","protected":false},"author":1,"featured_media":0,"parent":0,"menu_order":0,"comment_status":"closed","ping_status":"closed","template":"","meta":{"footnotes":""},"class_list":["post-315","page","type-page","status-publish","hentry"],"yoast_head":"<!-- This site is optimized with the Yoast SEO plugin v21.7 - https:\/\/yoast.com\/wordpress\/plugins\/seo\/ -->\n<title>SLASKISPORT.TV -<\/title>\n<meta name=\"robots\" content=\"index, follow, max-snippet:-1, max-image-preview:large, max-video-preview:-1\" \/>\n<link rel=\"canonical\" href=\"https:\/\/kamildrzeniek.pl\/?page_id=315\" \/>\n<meta property=\"og:locale\" content=\"pl_PL\" \/>\n<meta property=\"og:type\" content=\"article\" \/>\n<meta property=\"og:title\" content=\"SLASKISPORT.TV -\" \/>\n<meta property=\"og:description\" content=\"PORTAL SLASKISPORT.TV OD KILKUNASTU LAT DOSTARCZA PA\u0143STWU MATERIA\u0141Y SPORTOWE Z WOJEW\u00d3DZTWA \u015aL\u0104SKIEGO. POCZ\u0104TEK DZIA\u0141ALNO\u015aCI TO PRACA POD SZYLDEM SPORTSLASKI.EU, ALE PO MA\u0141YCH PRZETASOWANIACH W WASZYCH PRZEGL\u0104DARKACH WIDNIEJEMY JU\u017b JAKO SLASKISPORT.TV.&nbsp; Nasza kadra, kt\u00f3ra realizuje dla pa\u0144stwa sportowe przedsi\u0119wzi\u0119cia to ludzie z pasj\u0105, zara\u017ceni sportem, kt\u00f3rzy wiedz\u0119 sportow\u0105 nabywaj\u0105 wraz z porannym \u015bniadaniem. Nasze do\u015bwiadczenie w tej bran\u017cy si\u0119ga ju\u017c blisko dekady \u2013z tego powodu mog\u0105 by\u0107 pa\u0144stwo pewni, \u017ce realizacja jakichkolwiek materia\u0142\u00f3w odbywa\u0107 si\u0119 b\u0119dzie na bardzo wysokim poziomie. Do dyspozycji mamy najnowocze\u015bniejszy sprz\u0119t, dzi\u0119ki czemu jako\u015b\u0107 naszych materia\u0142\u00f3w b\u0119dzie przyjemna dla oka i doskona\u0142\u0105 form\u0105 pami\u0105tki Facebook Youtube SLASKISPORT.TV\" \/>\n<meta property=\"og:url\" content=\"https:\/\/kamildrzeniek.pl\/?page_id=315\" \/>\n<meta property=\"article:modified_time\" content=\"2022-01-20T14:47:43+00:00\" \/>\n<meta property=\"og:image\" content=\"http:\/\/kamildrzeniek.pl\/wp-content\/uploads\/2022\/01\/inne2-640x640.jpg\" \/>\n<meta name=\"twitter:card\" content=\"summary_large_image\" \/>\n<meta name=\"twitter:label1\" content=\"Szacowany czas czytania\" \/>\n\t<meta name=\"twitter:data1\" content=\"2 minuty\" \/>\n<script type=\"application\/ld+json\" class=\"yoast-schema-graph\">{\"@context\":\"https:\/\/schema.org\",\"@graph\":[{\"@type\":\"WebPage\",\"@id\":\"https:\/\/kamildrzeniek.pl\/?page_id=315\",\"url\":\"https:\/\/kamildrzeniek.pl\/?page_id=315\",\"name\":\"SLASKISPORT.TV -\",\"isPartOf\":{\"@id\":\"https:\/\/kamildrzeniek.pl\/#website\"},\"datePublished\":\"2022-01-20T14:43:54+00:00\",\"dateModified\":\"2022-01-20T14:47:43+00:00\",\"breadcrumb\":{\"@id\":\"https:\/\/kamildrzeniek.pl\/?page_id=315#breadcrumb\"},\"inLanguage\":\"pl-PL\",\"potentialAction\":[{\"@type\":\"ReadAction\",\"target\":[\"https:\/\/kamildrzeniek.pl\/?page_id=315\"]}]},{\"@type\":\"BreadcrumbList\",\"@id\":\"https:\/\/kamildrzeniek.pl\/?page_id=315#breadcrumb\",\"itemListElement\":[{\"@type\":\"ListItem\",\"position\":1,\"name\":\"Home\",\"item\":\"https:\/\/kamildrzeniek.pl\/\"},{\"@type\":\"ListItem\",\"position\":2,\"name\":\"SLASKISPORT.TV\"}]},{\"@type\":\"WebSite\",\"@id\":\"https:\/\/kamildrzeniek.pl\/#website\",\"url\":\"https:\/\/kamildrzeniek.pl\/\",\"name\":\"\",\"description\":\"\",\"potentialAction\":[{\"@type\":\"SearchAction\",\"target\":{\"@type\":\"EntryPoint\",\"urlTemplate\":\"https:\/\/kamildrzeniek.pl\/?s={search_term_string}\"},\"query-input\":\"required name=search_term_string\"}],\"inLanguage\":\"pl-PL\"}]}<\/script>\n<!-- \/ Yoast SEO plugin. -->","yoast_head_json":{"title":"SLASKISPORT.TV -","robots":{"index":"index","follow":"follow","max-snippet":"max-snippet:-1","max-image-preview":"max-image-preview:large","max-video-preview":"max-video-preview:-1"},"canonical":"https:\/\/kamildrzeniek.pl\/?page_id=315","og_locale":"pl_PL","og_type":"article","og_title":"SLASKISPORT.TV -","og_description":"PORTAL SLASKISPORT.TV OD KILKUNASTU LAT DOSTARCZA PA\u0143STWU MATERIA\u0141Y SPORTOWE Z WOJEW\u00d3DZTWA \u015aL\u0104SKIEGO. POCZ\u0104TEK DZIA\u0141ALNO\u015aCI TO PRACA POD SZYLDEM SPORTSLASKI.EU, ALE PO MA\u0141YCH PRZETASOWANIACH W WASZYCH PRZEGL\u0104DARKACH WIDNIEJEMY JU\u017b JAKO SLASKISPORT.TV.&nbsp; Nasza kadra, kt\u00f3ra realizuje dla pa\u0144stwa sportowe przedsi\u0119wzi\u0119cia to ludzie z pasj\u0105, zara\u017ceni sportem, kt\u00f3rzy wiedz\u0119 sportow\u0105 nabywaj\u0105 wraz z porannym \u015bniadaniem. Nasze do\u015bwiadczenie w tej bran\u017cy si\u0119ga ju\u017c blisko dekady \u2013z tego powodu mog\u0105 by\u0107 pa\u0144stwo pewni, \u017ce realizacja jakichkolwiek materia\u0142\u00f3w odbywa\u0107 si\u0119 b\u0119dzie na bardzo wysokim poziomie. Do dyspozycji mamy najnowocze\u015bniejszy sprz\u0119t, dzi\u0119ki czemu jako\u015b\u0107 naszych materia\u0142\u00f3w b\u0119dzie przyjemna dla oka i doskona\u0142\u0105 form\u0105 pami\u0105tki Facebook Youtube SLASKISPORT.TV","og_url":"https:\/\/kamildrzeniek.pl\/?page_id=315","article_modified_time":"2022-01-20T14:47:43+00:00","og_image":[{"url":"http:\/\/kamildrzeniek.pl\/wp-content\/uploads\/2022\/01\/inne2-640x640.jpg"}],"twitter_card":"summary_large_image","twitter_misc":{"Szacowany czas czytania":"2 minuty"},"schema":{"@context":"https:\/\/schema.org","@graph":[{"@type":"WebPage","@id":"https:\/\/kamildrzeniek.pl\/?page_id=315","url":"https:\/\/kamildrzeniek.pl\/?page_id=315","name":"SLASKISPORT.TV -","isPartOf":{"@id":"https:\/\/kamildrzeniek.pl\/#website"},"datePublished":"2022-01-20T14:43:54+00:00","dateModified":"2022-01-20T14:47:43+00:00","breadcrumb":{"@id":"https:\/\/kamildrzeniek.pl\/?page_id=315#breadcrumb"},"inLanguage":"pl-PL","potentialAction":[{"@type":"ReadAction","target":["https:\/\/kamildrzeniek.pl\/?page_id=315"]}]},{"@type":"BreadcrumbList","@id":"https:\/\/kamildrzeniek.pl\/?page_id=315#breadcrumb","itemListElement":[{"@type":"ListItem","position":1,"name":"Home","item":"https:\/\/kamildrzeniek.pl\/"},{"@type":"ListItem","position":2,"name":"SLASKISPORT.TV"}]},{"@type":"WebSite","@id":"https:\/\/kamildrzeniek.pl\/#website","url":"https:\/\/kamildrzeniek.pl\/","name":"","description":"","potentialAction":[{"@type":"SearchAction","target":{"@type":"EntryPoint","urlTemplate":"https:\/\/kamildrzeniek.pl\/?s={search_term_string}"},"query-input":"required name=search_term_string"}],"inLanguage":"pl-PL"}]}},"_links":{"self":[{"href":"https:\/\/kamildrzeniek.pl\/index.php?rest_route=\/wp\/v2\/pages\/315","targetHints":{"allow":["GET"]}}],"collection":[{"href":"https:\/\/kamildrzeniek.pl\/index.php?rest_route=\/wp\/v2\/pages"}],"about":[{"href":"https:\/\/kamildrzeniek.pl\/index.php?rest_route=\/wp\/v2\/types\/page"}],"author":[{"embeddable":true,"href":"https:\/\/kamildrzeniek.pl\/index.php?rest_route=\/wp\/v2\/users\/1"}],"replies":[{"embeddable":true,"href":"https:\/\/kamildrzeniek.pl\/index.php?rest_route=%2Fwp%2Fv2%2Fcomments&post=315"}],"version-history":[{"count":11,"href":"https:\/\/kamildrzeniek.pl\/index.php?rest_route=\/wp\/v2\/pages\/315\/revisions"}],"predecessor-version":[{"id":326,"href":"https:\/\/kamildrzeniek.pl\/index.php?rest_route=\/wp\/v2\/pages\/315\/revisions\/326"}],"wp:attachment":[{"href":"https:\/\/kamildrzeniek.pl\/index.php?rest_route=%2Fwp%2Fv2%2Fmedia&parent=315"}],"curies":[{"name":"wp","href":"https:\/\/api.w.org\/{rel}","templated":true}]}}