{"id":295,"date":"2022-01-20T15:26:11","date_gmt":"2022-01-20T14:26:11","guid":{"rendered":"http:\/\/kamildrzeniek.pl\/?page_id=295"},"modified":"2022-01-20T17:00:15","modified_gmt":"2022-01-20T16:00:15","slug":"elementor-295","status":"publish","type":"page","link":"https:\/\/kamildrzeniek.pl\/?page_id=295","title":{"rendered":"STUDIO FILMOWE PASJONACI"},"content":{"rendered":"\t\t<div data-elementor-type=\"wp-page\" data-elementor-id=\"295\" class=\"elementor elementor-295\">\n\t\t\t\t\t\t\t\t\t<section class=\"elementor-section elementor-top-section elementor-element elementor-element-52cd567 elementor-section-full_width elementor-section-stretched elementor-section-height-default elementor-section-height-default\" data-id=\"52cd567\" data-element_type=\"section\" data-settings=\"{&quot;stretch_section&quot;:&quot;section-stretched&quot;}\">\n\t\t\t\t\t\t<div class=\"elementor-container elementor-column-gap-default\">\n\t\t\t\t\t<div class=\"elementor-column elementor-col-50 elementor-top-column elementor-element elementor-element-e6e099b\" data-id=\"e6e099b\" data-element_type=\"column\">\n\t\t\t<div class=\"elementor-widget-wrap elementor-element-populated\">\n\t\t\t\t\t\t\t\t<div class=\"elementor-element elementor-element-3a9c003 elementor-widget elementor-widget-image\" data-id=\"3a9c003\" data-element_type=\"widget\" data-widget_type=\"image.default\">\n\t\t\t\t<div class=\"elementor-widget-container\">\n\t\t\t<style>\/*! elementor - v3.18.0 - 20-12-2023 *\/\n.elementor-widget-image{text-align:center}.elementor-widget-image a{display:inline-block}.elementor-widget-image a img[src$=\".svg\"]{width:48px}.elementor-widget-image img{vertical-align:middle;display:inline-block}<\/style>\t\t\t\t\t\t\t\t\t\t\t\t<img fetchpriority=\"high\" decoding=\"async\" width=\"300\" height=\"179\" src=\"https:\/\/kamildrzeniek.pl\/wp-content\/uploads\/2022\/01\/biale-300x179.png\" class=\"attachment-medium size-medium wp-image-179\" alt=\"\" srcset=\"https:\/\/kamildrzeniek.pl\/wp-content\/uploads\/2022\/01\/biale-300x179.png 300w, https:\/\/kamildrzeniek.pl\/wp-content\/uploads\/2022\/01\/biale-1024x609.png 1024w, https:\/\/kamildrzeniek.pl\/wp-content\/uploads\/2022\/01\/biale-768x457.png 768w, https:\/\/kamildrzeniek.pl\/wp-content\/uploads\/2022\/01\/biale-1536x914.png 1536w, https:\/\/kamildrzeniek.pl\/wp-content\/uploads\/2022\/01\/biale-2048x1219.png 2048w\" sizes=\"(max-width: 300px) 100vw, 300px\" \/>\t\t\t\t\t\t\t\t\t\t\t\t\t\t\t<\/div>\n\t\t\t\t<\/div>\n\t\t\t\t<div class=\"elementor-element elementor-element-6c9315f elementor-widget elementor-widget-text-editor\" data-id=\"6c9315f\" data-element_type=\"widget\" data-widget_type=\"text-editor.default\">\n\t\t\t\t<div class=\"elementor-widget-container\">\n\t\t\t<style>\/*! elementor - v3.18.0 - 20-12-2023 *\/\n.elementor-widget-text-editor.elementor-drop-cap-view-stacked .elementor-drop-cap{background-color:#69727d;color:#fff}.elementor-widget-text-editor.elementor-drop-cap-view-framed .elementor-drop-cap{color:#69727d;border:3px solid;background-color:transparent}.elementor-widget-text-editor:not(.elementor-drop-cap-view-default) .elementor-drop-cap{margin-top:8px}.elementor-widget-text-editor:not(.elementor-drop-cap-view-default) .elementor-drop-cap-letter{width:1em;height:1em}.elementor-widget-text-editor .elementor-drop-cap{float:left;text-align:center;line-height:1;font-size:50px}.elementor-widget-text-editor .elementor-drop-cap-letter{display:inline-block}<\/style>\t\t\t\t<h5 style=\"text-align: justify;\"><span style=\"font-size: 1.375rem;\">STUDIO FILMOWE PASJONACI POWSTA\u0141O W ROKU 2021. TWORZY GO, JAK SAMA NAZWA WSKAZUJE \u2013 TR\u00d3JKA PASJONAT\u00d3W \u2013 KAMIL, AGATA I KAROL. DZIESI\u0118\u0106 LAT DO\u015aWIADCZE\u0143 W BRAN\u017bY FILMOWEJ, KILKADZIESI\u0104T FILM\u00d3W STWORZONYCH Z RODZINNYCH UROCZYSTO\u015aCI. UZNALI\u015aMY WSP\u00d3LNIE \u2013 TO MUSI SI\u0118 UDA\u0106!<\/span><br><\/h5><p style=\"color: rgb(248, 182, 182); text-align: justify;\"><\/p><p style=\"color: rgb(248, 182, 182); text-align: justify;\">Jeste\u015bmy tw\u00f3rcami, kt\u00f3rzy reporta\u017ce traktuj\u0105 w spos\u00f3b emocjonalny, tak aby przy ka\u017cdej ods\u0142onie stworzonego filmu, w naszym sercu budzi\u0142y si\u0119 dok\u0142adnie te same uczucia i emocje. Stawiamy na mi\u0142o\u015b\u0107, u\u015bmiech i \u0142zy wzruszenia. Je\u017celi zdecydujesz si\u0119 na nasz\u0105 ofert\u0119, nie ukrywamy, \u017ce b\u0119dziemy zaszczyceni. Do\u0142o\u017cymy wszelkich stara\u0144, aby powierzony kredyt zaufania zosta\u0142 w pe\u0142ni sp\u0142acony, a reporta\u017c z waszego \u015bwi\u0119ta w pe\u0142ni odda\u0142 towarzysz\u0105ce mu emocji.<\/p>\t\t\t\t\t\t<\/div>\n\t\t\t\t<\/div>\n\t\t\t\t\t<\/div>\n\t\t<\/div>\n\t\t\t\t<div class=\"elementor-column elementor-col-50 elementor-top-column elementor-element elementor-element-b426320\" data-id=\"b426320\" data-element_type=\"column\">\n\t\t\t<div class=\"elementor-widget-wrap elementor-element-populated\">\n\t\t\t\t\t\t\t\t<div class=\"elementor-element elementor-element-325a985 elementor-widget elementor-widget-image\" data-id=\"325a985\" data-element_type=\"widget\" data-widget_type=\"image.default\">\n\t\t\t\t<div class=\"elementor-widget-container\">\n\t\t\t\t\t\t\t\t\t\t\t\t\t\t\t<img decoding=\"async\" width=\"640\" height=\"640\" src=\"https:\/\/kamildrzeniek.pl\/wp-content\/uploads\/2022\/01\/WeseleAgataKamil-628-1-640x640.jpg\" class=\"attachment-ect-featured-content size-ect-featured-content wp-image-56\" alt=\"\" srcset=\"https:\/\/kamildrzeniek.pl\/wp-content\/uploads\/2022\/01\/WeseleAgataKamil-628-1-640x640.jpg 640w, https:\/\/kamildrzeniek.pl\/wp-content\/uploads\/2022\/01\/WeseleAgataKamil-628-1-150x150.jpg 150w, https:\/\/kamildrzeniek.pl\/wp-content\/uploads\/2022\/01\/WeseleAgataKamil-628-1-960x960.jpg 960w, https:\/\/kamildrzeniek.pl\/wp-content\/uploads\/2022\/01\/WeseleAgataKamil-628-1-140x140.jpg 140w, https:\/\/kamildrzeniek.pl\/wp-content\/uploads\/2022\/01\/WeseleAgataKamil-628-1-50x50.jpg 50w, https:\/\/kamildrzeniek.pl\/wp-content\/uploads\/2022\/01\/WeseleAgataKamil-628-1-666x666.jpg 666w, https:\/\/kamildrzeniek.pl\/wp-content\/uploads\/2022\/01\/WeseleAgataKamil-628-1-80x80.jpg 80w\" sizes=\"(max-width: 640px) 100vw, 640px\" \/>\t\t\t\t\t\t\t\t\t\t\t\t\t\t\t<\/div>\n\t\t\t\t<\/div>\n\t\t\t\t\t<\/div>\n\t\t<\/div>\n\t\t\t\t\t\t\t<\/div>\n\t\t<\/section>\n\t\t\t\t<section class=\"elementor-section elementor-top-section elementor-element elementor-element-06cf0a8 elementor-section-stretched elementor-section-boxed elementor-section-height-default elementor-section-height-default\" data-id=\"06cf0a8\" data-element_type=\"section\" data-settings=\"{&quot;stretch_section&quot;:&quot;section-stretched&quot;}\">\n\t\t\t\t\t\t<div class=\"elementor-container elementor-column-gap-default\">\n\t\t\t\t\t<div class=\"elementor-column elementor-col-50 elementor-top-column elementor-element elementor-element-db5237c\" data-id=\"db5237c\" data-element_type=\"column\">\n\t\t\t<div class=\"elementor-widget-wrap elementor-element-populated\">\n\t\t\t\t\t\t\t\t<div class=\"elementor-element elementor-element-4f6c819 elementor-align-center elementor-widget elementor-widget-button\" data-id=\"4f6c819\" data-element_type=\"widget\" data-widget_type=\"button.default\">\n\t\t\t\t<div class=\"elementor-widget-container\">\n\t\t\t\t\t<div class=\"elementor-button-wrapper\">\n\t\t\t<a class=\"elementor-button elementor-button-link elementor-size-lg\" href=\"http:\/\/studiopasjonaci.pl\">\n\t\t\t\t\t\t<span class=\"elementor-button-content-wrapper\">\n\t\t\t\t\t\t<span class=\"elementor-button-text\">STUDIOPASJONACI.PL<\/span>\n\t\t<\/span>\n\t\t\t\t\t<\/a>\n\t\t<\/div>\n\t\t\t\t<\/div>\n\t\t\t\t<\/div>\n\t\t\t\t\t<\/div>\n\t\t<\/div>\n\t\t\t\t<div class=\"elementor-column elementor-col-50 elementor-top-column elementor-element elementor-element-3b3f31c\" data-id=\"3b3f31c\" data-element_type=\"column\">\n\t\t\t<div class=\"elementor-widget-wrap elementor-element-populated\">\n\t\t\t\t\t\t\t\t<div class=\"elementor-element elementor-element-165d464 elementor-shape-rounded elementor-grid-0 e-grid-align-center elementor-widget elementor-widget-social-icons\" data-id=\"165d464\" data-element_type=\"widget\" data-widget_type=\"social-icons.default\">\n\t\t\t\t<div class=\"elementor-widget-container\">\n\t\t\t<style>\/*! elementor - v3.18.0 - 20-12-2023 *\/\n.elementor-widget-social-icons.elementor-grid-0 .elementor-widget-container,.elementor-widget-social-icons.elementor-grid-mobile-0 .elementor-widget-container,.elementor-widget-social-icons.elementor-grid-tablet-0 .elementor-widget-container{line-height:1;font-size:0}.elementor-widget-social-icons:not(.elementor-grid-0):not(.elementor-grid-tablet-0):not(.elementor-grid-mobile-0) .elementor-grid{display:inline-grid}.elementor-widget-social-icons .elementor-grid{grid-column-gap:var(--grid-column-gap,5px);grid-row-gap:var(--grid-row-gap,5px);grid-template-columns:var(--grid-template-columns);justify-content:var(--justify-content,center);justify-items:var(--justify-content,center)}.elementor-icon.elementor-social-icon{font-size:var(--icon-size,25px);line-height:var(--icon-size,25px);width:calc(var(--icon-size, 25px) + 2 * var(--icon-padding, .5em));height:calc(var(--icon-size, 25px) + 2 * var(--icon-padding, .5em))}.elementor-social-icon{--e-social-icon-icon-color:#fff;display:inline-flex;background-color:#69727d;align-items:center;justify-content:center;text-align:center;cursor:pointer}.elementor-social-icon i{color:var(--e-social-icon-icon-color)}.elementor-social-icon svg{fill:var(--e-social-icon-icon-color)}.elementor-social-icon:last-child{margin:0}.elementor-social-icon:hover{opacity:.9;color:#fff}.elementor-social-icon-android{background-color:#a4c639}.elementor-social-icon-apple{background-color:#999}.elementor-social-icon-behance{background-color:#1769ff}.elementor-social-icon-bitbucket{background-color:#205081}.elementor-social-icon-codepen{background-color:#000}.elementor-social-icon-delicious{background-color:#39f}.elementor-social-icon-deviantart{background-color:#05cc47}.elementor-social-icon-digg{background-color:#005be2}.elementor-social-icon-dribbble{background-color:#ea4c89}.elementor-social-icon-elementor{background-color:#d30c5c}.elementor-social-icon-envelope{background-color:#ea4335}.elementor-social-icon-facebook,.elementor-social-icon-facebook-f{background-color:#3b5998}.elementor-social-icon-flickr{background-color:#0063dc}.elementor-social-icon-foursquare{background-color:#2d5be3}.elementor-social-icon-free-code-camp,.elementor-social-icon-freecodecamp{background-color:#006400}.elementor-social-icon-github{background-color:#333}.elementor-social-icon-gitlab{background-color:#e24329}.elementor-social-icon-globe{background-color:#69727d}.elementor-social-icon-google-plus,.elementor-social-icon-google-plus-g{background-color:#dd4b39}.elementor-social-icon-houzz{background-color:#7ac142}.elementor-social-icon-instagram{background-color:#262626}.elementor-social-icon-jsfiddle{background-color:#487aa2}.elementor-social-icon-link{background-color:#818a91}.elementor-social-icon-linkedin,.elementor-social-icon-linkedin-in{background-color:#0077b5}.elementor-social-icon-medium{background-color:#00ab6b}.elementor-social-icon-meetup{background-color:#ec1c40}.elementor-social-icon-mixcloud{background-color:#273a4b}.elementor-social-icon-odnoklassniki{background-color:#f4731c}.elementor-social-icon-pinterest{background-color:#bd081c}.elementor-social-icon-product-hunt{background-color:#da552f}.elementor-social-icon-reddit{background-color:#ff4500}.elementor-social-icon-rss{background-color:#f26522}.elementor-social-icon-shopping-cart{background-color:#4caf50}.elementor-social-icon-skype{background-color:#00aff0}.elementor-social-icon-slideshare{background-color:#0077b5}.elementor-social-icon-snapchat{background-color:#fffc00}.elementor-social-icon-soundcloud{background-color:#f80}.elementor-social-icon-spotify{background-color:#2ebd59}.elementor-social-icon-stack-overflow{background-color:#fe7a15}.elementor-social-icon-steam{background-color:#00adee}.elementor-social-icon-stumbleupon{background-color:#eb4924}.elementor-social-icon-telegram{background-color:#2ca5e0}.elementor-social-icon-thumb-tack{background-color:#1aa1d8}.elementor-social-icon-tripadvisor{background-color:#589442}.elementor-social-icon-tumblr{background-color:#35465c}.elementor-social-icon-twitch{background-color:#6441a5}.elementor-social-icon-twitter{background-color:#1da1f2}.elementor-social-icon-viber{background-color:#665cac}.elementor-social-icon-vimeo{background-color:#1ab7ea}.elementor-social-icon-vk{background-color:#45668e}.elementor-social-icon-weibo{background-color:#dd2430}.elementor-social-icon-weixin{background-color:#31a918}.elementor-social-icon-whatsapp{background-color:#25d366}.elementor-social-icon-wordpress{background-color:#21759b}.elementor-social-icon-xing{background-color:#026466}.elementor-social-icon-yelp{background-color:#af0606}.elementor-social-icon-youtube{background-color:#cd201f}.elementor-social-icon-500px{background-color:#0099e5}.elementor-shape-rounded .elementor-icon.elementor-social-icon{border-radius:10%}.elementor-shape-circle .elementor-icon.elementor-social-icon{border-radius:50%}<\/style>\t\t<div class=\"elementor-social-icons-wrapper elementor-grid\">\n\t\t\t\t\t\t\t<span class=\"elementor-grid-item\">\n\t\t\t\t\t<a class=\"elementor-icon elementor-social-icon elementor-social-icon-facebook elementor-repeater-item-2d9a93a\" href=\"https:\/\/www.facebook.com\/studiopasjonaci\" target=\"_blank\">\n\t\t\t\t\t\t<span class=\"elementor-screen-only\">Facebook<\/span>\n\t\t\t\t\t\t<i class=\"fab fa-facebook\"><\/i>\t\t\t\t\t<\/a>\n\t\t\t\t<\/span>\n\t\t\t\t\t\t\t<span class=\"elementor-grid-item\">\n\t\t\t\t\t<a class=\"elementor-icon elementor-social-icon elementor-social-icon-youtube elementor-repeater-item-893c356\" href=\"https:\/\/www.youtube.com\/channel\/UCKFPgoM-fWK_PC3ZJekTQBQ\" target=\"_blank\">\n\t\t\t\t\t\t<span class=\"elementor-screen-only\">Youtube<\/span>\n\t\t\t\t\t\t<i class=\"fab fa-youtube\"><\/i>\t\t\t\t\t<\/a>\n\t\t\t\t<\/span>\n\t\t\t\t\t<\/div>\n\t\t\t\t<\/div>\n\t\t\t\t<\/div>\n\t\t\t\t\t<\/div>\n\t\t<\/div>\n\t\t\t\t\t\t\t<\/div>\n\t\t<\/section>\n\t\t\t\t\t\t\t<\/div>\n\t\t","protected":false},"excerpt":{"rendered":"<p>STUDIO FILMOWE PASJONACI POWSTA\u0141O W ROKU 2021. TWORZY GO, JAK SAMA NAZWA WSKAZUJE \u2013 TR\u00d3JKA PASJONAT\u00d3W \u2013 KAMIL, AGATA I KAROL. DZIESI\u0118\u0106 LAT DO\u015aWIADCZE\u0143 W BRAN\u017bY FILMOWEJ, KILKADZIESI\u0104T FILM\u00d3W STWORZONYCH Z RODZINNYCH UROCZYSTO\u015aCI. UZNALI\u015aMY WSP\u00d3LNIE \u2013 TO MUSI SI\u0118 UDA\u0106! Jeste\u015bmy tw\u00f3rcami, kt\u00f3rzy reporta\u017ce traktuj\u0105 w spos\u00f3b emocjonalny, tak aby przy ka\u017cdej ods\u0142onie stworzonego filmu, w naszym sercu budzi\u0142y si\u0119 dok\u0142adnie te same uczucia i emocje. Stawiamy na mi\u0142o\u015b\u0107, u\u015bmiech i \u0142zy wzruszenia. Je\u017celi zdecydujesz si\u0119 na nasz\u0105 ofert\u0119, nie ukrywamy, \u017ce b\u0119dziemy zaszczyceni. Do\u0142o\u017cymy wszelkich stara\u0144, aby powierzony kredyt zaufania zosta\u0142 w pe\u0142ni sp\u0142acony, a reporta\u017c z waszego \u015bwi\u0119ta w pe\u0142ni odda\u0142 towarzysz\u0105ce mu emocji. STUDIOPASJONACI.PL Facebook Youtube<\/p>\n","protected":false},"author":1,"featured_media":0,"parent":0,"menu_order":0,"comment_status":"closed","ping_status":"closed","template":"","meta":{"footnotes":""},"class_list":["post-295","page","type-page","status-publish","hentry"],"yoast_head":"<!-- This site is optimized with the Yoast SEO plugin v21.7 - https:\/\/yoast.com\/wordpress\/plugins\/seo\/ -->\n<title>STUDIO FILMOWE PASJONACI -<\/title>\n<meta name=\"robots\" content=\"index, follow, max-snippet:-1, max-image-preview:large, max-video-preview:-1\" \/>\n<link rel=\"canonical\" href=\"https:\/\/kamildrzeniek.pl\/?page_id=295\" \/>\n<meta property=\"og:locale\" content=\"pl_PL\" \/>\n<meta property=\"og:type\" content=\"article\" \/>\n<meta property=\"og:title\" content=\"STUDIO FILMOWE PASJONACI -\" \/>\n<meta property=\"og:description\" content=\"STUDIO FILMOWE PASJONACI POWSTA\u0141O W ROKU 2021. TWORZY GO, JAK SAMA NAZWA WSKAZUJE \u2013 TR\u00d3JKA PASJONAT\u00d3W \u2013 KAMIL, AGATA I KAROL. DZIESI\u0118\u0106 LAT DO\u015aWIADCZE\u0143 W BRAN\u017bY FILMOWEJ, KILKADZIESI\u0104T FILM\u00d3W STWORZONYCH Z RODZINNYCH UROCZYSTO\u015aCI. UZNALI\u015aMY WSP\u00d3LNIE \u2013 TO MUSI SI\u0118 UDA\u0106! Jeste\u015bmy tw\u00f3rcami, kt\u00f3rzy reporta\u017ce traktuj\u0105 w spos\u00f3b emocjonalny, tak aby przy ka\u017cdej ods\u0142onie stworzonego filmu, w naszym sercu budzi\u0142y si\u0119 dok\u0142adnie te same uczucia i emocje. Stawiamy na mi\u0142o\u015b\u0107, u\u015bmiech i \u0142zy wzruszenia. Je\u017celi zdecydujesz si\u0119 na nasz\u0105 ofert\u0119, nie ukrywamy, \u017ce b\u0119dziemy zaszczyceni. Do\u0142o\u017cymy wszelkich stara\u0144, aby powierzony kredyt zaufania zosta\u0142 w pe\u0142ni sp\u0142acony, a reporta\u017c z waszego \u015bwi\u0119ta w pe\u0142ni odda\u0142 towarzysz\u0105ce mu emocji. STUDIOPASJONACI.PL Facebook Youtube\" \/>\n<meta property=\"og:url\" content=\"https:\/\/kamildrzeniek.pl\/?page_id=295\" \/>\n<meta property=\"article:modified_time\" content=\"2022-01-20T16:00:15+00:00\" \/>\n<meta property=\"og:image\" content=\"http:\/\/kamildrzeniek.pl\/wp-content\/uploads\/2022\/01\/biale-300x179.png\" \/>\n<meta name=\"twitter:card\" content=\"summary_large_image\" \/>\n<meta name=\"twitter:label1\" content=\"Szacowany czas czytania\" \/>\n\t<meta name=\"twitter:data1\" content=\"2 minuty\" \/>\n<script type=\"application\/ld+json\" class=\"yoast-schema-graph\">{\"@context\":\"https:\/\/schema.org\",\"@graph\":[{\"@type\":\"WebPage\",\"@id\":\"https:\/\/kamildrzeniek.pl\/?page_id=295\",\"url\":\"https:\/\/kamildrzeniek.pl\/?page_id=295\",\"name\":\"STUDIO FILMOWE PASJONACI -\",\"isPartOf\":{\"@id\":\"https:\/\/kamildrzeniek.pl\/#website\"},\"datePublished\":\"2022-01-20T14:26:11+00:00\",\"dateModified\":\"2022-01-20T16:00:15+00:00\",\"breadcrumb\":{\"@id\":\"https:\/\/kamildrzeniek.pl\/?page_id=295#breadcrumb\"},\"inLanguage\":\"pl-PL\",\"potentialAction\":[{\"@type\":\"ReadAction\",\"target\":[\"https:\/\/kamildrzeniek.pl\/?page_id=295\"]}]},{\"@type\":\"BreadcrumbList\",\"@id\":\"https:\/\/kamildrzeniek.pl\/?page_id=295#breadcrumb\",\"itemListElement\":[{\"@type\":\"ListItem\",\"position\":1,\"name\":\"Home\",\"item\":\"https:\/\/kamildrzeniek.pl\/\"},{\"@type\":\"ListItem\",\"position\":2,\"name\":\"STUDIO FILMOWE PASJONACI\"}]},{\"@type\":\"WebSite\",\"@id\":\"https:\/\/kamildrzeniek.pl\/#website\",\"url\":\"https:\/\/kamildrzeniek.pl\/\",\"name\":\"\",\"description\":\"\",\"potentialAction\":[{\"@type\":\"SearchAction\",\"target\":{\"@type\":\"EntryPoint\",\"urlTemplate\":\"https:\/\/kamildrzeniek.pl\/?s={search_term_string}\"},\"query-input\":\"required name=search_term_string\"}],\"inLanguage\":\"pl-PL\"}]}<\/script>\n<!-- \/ Yoast SEO plugin. -->","yoast_head_json":{"title":"STUDIO FILMOWE PASJONACI -","robots":{"index":"index","follow":"follow","max-snippet":"max-snippet:-1","max-image-preview":"max-image-preview:large","max-video-preview":"max-video-preview:-1"},"canonical":"https:\/\/kamildrzeniek.pl\/?page_id=295","og_locale":"pl_PL","og_type":"article","og_title":"STUDIO FILMOWE PASJONACI -","og_description":"STUDIO FILMOWE PASJONACI POWSTA\u0141O W ROKU 2021. TWORZY GO, JAK SAMA NAZWA WSKAZUJE \u2013 TR\u00d3JKA PASJONAT\u00d3W \u2013 KAMIL, AGATA I KAROL. DZIESI\u0118\u0106 LAT DO\u015aWIADCZE\u0143 W BRAN\u017bY FILMOWEJ, KILKADZIESI\u0104T FILM\u00d3W STWORZONYCH Z RODZINNYCH UROCZYSTO\u015aCI. UZNALI\u015aMY WSP\u00d3LNIE \u2013 TO MUSI SI\u0118 UDA\u0106! Jeste\u015bmy tw\u00f3rcami, kt\u00f3rzy reporta\u017ce traktuj\u0105 w spos\u00f3b emocjonalny, tak aby przy ka\u017cdej ods\u0142onie stworzonego filmu, w naszym sercu budzi\u0142y si\u0119 dok\u0142adnie te same uczucia i emocje. Stawiamy na mi\u0142o\u015b\u0107, u\u015bmiech i \u0142zy wzruszenia. Je\u017celi zdecydujesz si\u0119 na nasz\u0105 ofert\u0119, nie ukrywamy, \u017ce b\u0119dziemy zaszczyceni. Do\u0142o\u017cymy wszelkich stara\u0144, aby powierzony kredyt zaufania zosta\u0142 w pe\u0142ni sp\u0142acony, a reporta\u017c z waszego \u015bwi\u0119ta w pe\u0142ni odda\u0142 towarzysz\u0105ce mu emocji. STUDIOPASJONACI.PL Facebook Youtube","og_url":"https:\/\/kamildrzeniek.pl\/?page_id=295","article_modified_time":"2022-01-20T16:00:15+00:00","og_image":[{"url":"http:\/\/kamildrzeniek.pl\/wp-content\/uploads\/2022\/01\/biale-300x179.png"}],"twitter_card":"summary_large_image","twitter_misc":{"Szacowany czas czytania":"2 minuty"},"schema":{"@context":"https:\/\/schema.org","@graph":[{"@type":"WebPage","@id":"https:\/\/kamildrzeniek.pl\/?page_id=295","url":"https:\/\/kamildrzeniek.pl\/?page_id=295","name":"STUDIO FILMOWE PASJONACI -","isPartOf":{"@id":"https:\/\/kamildrzeniek.pl\/#website"},"datePublished":"2022-01-20T14:26:11+00:00","dateModified":"2022-01-20T16:00:15+00:00","breadcrumb":{"@id":"https:\/\/kamildrzeniek.pl\/?page_id=295#breadcrumb"},"inLanguage":"pl-PL","potentialAction":[{"@type":"ReadAction","target":["https:\/\/kamildrzeniek.pl\/?page_id=295"]}]},{"@type":"BreadcrumbList","@id":"https:\/\/kamildrzeniek.pl\/?page_id=295#breadcrumb","itemListElement":[{"@type":"ListItem","position":1,"name":"Home","item":"https:\/\/kamildrzeniek.pl\/"},{"@type":"ListItem","position":2,"name":"STUDIO FILMOWE PASJONACI"}]},{"@type":"WebSite","@id":"https:\/\/kamildrzeniek.pl\/#website","url":"https:\/\/kamildrzeniek.pl\/","name":"","description":"","potentialAction":[{"@type":"SearchAction","target":{"@type":"EntryPoint","urlTemplate":"https:\/\/kamildrzeniek.pl\/?s={search_term_string}"},"query-input":"required name=search_term_string"}],"inLanguage":"pl-PL"}]}},"_links":{"self":[{"href":"https:\/\/kamildrzeniek.pl\/index.php?rest_route=\/wp\/v2\/pages\/295","targetHints":{"allow":["GET"]}}],"collection":[{"href":"https:\/\/kamildrzeniek.pl\/index.php?rest_route=\/wp\/v2\/pages"}],"about":[{"href":"https:\/\/kamildrzeniek.pl\/index.php?rest_route=\/wp\/v2\/types\/page"}],"author":[{"embeddable":true,"href":"https:\/\/kamildrzeniek.pl\/index.php?rest_route=\/wp\/v2\/users\/1"}],"replies":[{"embeddable":true,"href":"https:\/\/kamildrzeniek.pl\/index.php?rest_route=%2Fwp%2Fv2%2Fcomments&post=295"}],"version-history":[{"count":18,"href":"https:\/\/kamildrzeniek.pl\/index.php?rest_route=\/wp\/v2\/pages\/295\/revisions"}],"predecessor-version":[{"id":396,"href":"https:\/\/kamildrzeniek.pl\/index.php?rest_route=\/wp\/v2\/pages\/295\/revisions\/396"}],"wp:attachment":[{"href":"https:\/\/kamildrzeniek.pl\/index.php?rest_route=%2Fwp%2Fv2%2Fmedia&parent=295"}],"curies":[{"name":"wp","href":"https:\/\/api.w.org\/{rel}","templated":true}]}}